{"id":915,"date":"2016-06-28T19:08:46","date_gmt":"2016-06-28T19:08:46","guid":{"rendered":"http:\/\/grupomarin.org\/nuevaweb\/?page_id=915"},"modified":"2017-08-25T17:52:46","modified_gmt":"2017-08-25T17:52:46","slug":"cam","status":"publish","type":"page","link":"https:\/\/grupomarin.org\/nuevaweb\/cam\/","title":{"rendered":"Misi\u00f3n, visi\u00f3n e impronta"},"content":{"rendered":"\t\t<div data-elementor-type=\"wp-post\" data-elementor-id=\"915\" class=\"elementor elementor-915 elementor-bc-flex-widget\">\n\t\t\t\t\t\t<div class=\"elementor-inner\">\n\t\t\t\t<div class=\"elementor-section-wrap\">\n\t\t\t\t\t\t\t\t\t<section class=\"elementor-section elementor-top-section elementor-element elementor-element-qwcrozg elementor-section-boxed elementor-section-height-default elementor-section-height-default\" data-id=\"qwcrozg\" data-element_type=\"section\">\n\t\t\t\t\t\t<div class=\"elementor-container elementor-column-gap-default\">\n\t\t\t\t\t\t\t<div class=\"elementor-row\">\n\t\t\t\t\t<div class=\"elementor-column elementor-col-100 elementor-top-column elementor-element elementor-element-zf516ez\" data-id=\"zf516ez\" data-element_type=\"column\">\n\t\t\t<div class=\"elementor-column-wrap elementor-element-populated\">\n\t\t\t\t\t\t\t<div class=\"elementor-widget-wrap\">\n\t\t\t\t\t\t<div class=\"elementor-element elementor-element-3ycu0sy elementor-widget elementor-widget-image\" data-id=\"3ycu0sy\" data-element_type=\"widget\" data-widget_type=\"image.default\">\n\t\t\t\t<div class=\"elementor-widget-container\">\n\t\t\t\t\t\t\t\t<div class=\"elementor-image\">\n\t\t\t\t\t\t\t\t\t\t\t\t<img width=\"1280\" height=\"587\" src=\"https:\/\/grupomarin.org\/nuevaweb\/wp-content\/uploads\/2017\/08\/man.jpg\" class=\"attachment-full size-full\" alt=\"manos encimadas de alumnos\" loading=\"lazy\" srcset=\"https:\/\/grupomarin.org\/nuevaweb\/wp-content\/uploads\/2017\/08\/man.jpg 1280w, https:\/\/grupomarin.org\/nuevaweb\/wp-content\/uploads\/2017\/08\/man-300x138.jpg 300w, https:\/\/grupomarin.org\/nuevaweb\/wp-content\/uploads\/2017\/08\/man-768x352.jpg 768w, https:\/\/grupomarin.org\/nuevaweb\/wp-content\/uploads\/2017\/08\/man-1024x470.jpg 1024w, https:\/\/grupomarin.org\/nuevaweb\/wp-content\/uploads\/2017\/08\/man-830x381.jpg 830w, https:\/\/grupomarin.org\/nuevaweb\/wp-content\/uploads\/2017\/08\/man-230x105.jpg 230w, https:\/\/grupomarin.org\/nuevaweb\/wp-content\/uploads\/2017\/08\/man-350x161.jpg 350w, https:\/\/grupomarin.org\/nuevaweb\/wp-content\/uploads\/2017\/08\/man-480x220.jpg 480w\" sizes=\"(max-width: 1280px) 100vw, 1280px\" \/>\t\t\t\t\t\t\t\t\t\t\t\t\t\t<\/div>\n\t\t\t\t\t\t<\/div>\n\t\t\t\t<\/div>\n\t\t\t\t\t\t<\/div>\n\t\t\t\t\t<\/div>\n\t\t<\/div>\n\t\t\t\t\t\t\t\t<\/div>\n\t\t\t\t\t<\/div>\n\t\t<\/section>\n\t\t\t\t<section class=\"elementor-section elementor-top-section elementor-element elementor-element-zcamfxb elementor-section-boxed elementor-section-height-default elementor-section-height-default\" data-id=\"zcamfxb\" data-element_type=\"section\">\n\t\t\t\t\t\t<div class=\"elementor-container elementor-column-gap-default\">\n\t\t\t\t\t\t\t<div class=\"elementor-row\">\n\t\t\t\t\t<div class=\"elementor-column elementor-col-100 elementor-top-column elementor-element elementor-element-lprgjzg\" data-id=\"lprgjzg\" data-element_type=\"column\">\n\t\t\t<div class=\"elementor-column-wrap elementor-element-populated\">\n\t\t\t\t\t\t\t<div class=\"elementor-widget-wrap\">\n\t\t\t\t\t\t<section class=\"elementor-section elementor-inner-section elementor-element elementor-element-z91r822 elementor-section-boxed elementor-section-height-default elementor-section-height-default\" data-id=\"z91r822\" data-element_type=\"section\">\n\t\t\t\t\t\t<div class=\"elementor-container elementor-column-gap-default\">\n\t\t\t\t\t\t\t<div class=\"elementor-row\">\n\t\t\t\t\t<div class=\"elementor-column elementor-col-50 elementor-inner-column elementor-element elementor-element-rcz93js\" data-id=\"rcz93js\" data-element_type=\"column\">\n\t\t\t<div class=\"elementor-column-wrap elementor-element-populated\">\n\t\t\t\t\t\t\t<div class=\"elementor-widget-wrap\">\n\t\t\t\t\t\t<div class=\"elementor-element elementor-element-n7eyg63 elementor-widget elementor-widget-heading\" data-id=\"n7eyg63\" data-element_type=\"widget\" data-widget_type=\"heading.default\">\n\t\t\t\t<div class=\"elementor-widget-container\">\n\t\t\t<h2 class=\"elementor-heading-title elementor-size-small\">Misi\u00f3n<\/h2>\t\t<\/div>\n\t\t\t\t<\/div>\n\t\t\t\t<div class=\"elementor-element elementor-element-ctl6prj elementor-widget-divider--view-line elementor-widget elementor-widget-divider\" data-id=\"ctl6prj\" data-element_type=\"widget\" data-widget_type=\"divider.default\">\n\t\t\t\t<div class=\"elementor-widget-container\">\n\t\t\t\t\t<div class=\"elementor-divider\">\n\t\t\t<span class=\"elementor-divider-separator\">\n\t\t\t\t\t\t<\/span>\n\t\t<\/div>\n\t\t\t\t<\/div>\n\t\t\t\t<\/div>\n\t\t\t\t<div class=\"elementor-element elementor-element-4wg2klk elementor-widget elementor-widget-text-editor\" data-id=\"4wg2klk\" data-element_type=\"widget\" data-widget_type=\"text-editor.default\">\n\t\t\t\t<div class=\"elementor-widget-container\">\n\t\t\t\t\t\t\t\t<div class=\"elementor-text-editor elementor-clearfix\">\n\t\t\t\t<p style=\"text-align: justify;\"><em>Somos un Grupo Educativo de la Iglesia Cat\u00f3lica. Inspirados en el Evangelio, educamos personas en comunidad para que sean competentes, compartan los frutos de sus dones y talentos, y puedan as\u00ed transformar la realidad.<\/em><\/p>\t\t\t\t\t<\/div>\n\t\t\t\t\t\t<\/div>\n\t\t\t\t<\/div>\n\t\t\t\t<div class=\"elementor-element elementor-element-sa3fxis elementor-hidden-desktop elementor-hidden-tablet elementor-widget elementor-widget-spacer\" data-id=\"sa3fxis\" data-element_type=\"widget\" data-widget_type=\"spacer.default\">\n\t\t\t\t<div class=\"elementor-widget-container\">\n\t\t\t\t\t<div class=\"elementor-spacer\">\n\t\t\t<div class=\"elementor-spacer-inner\"><\/div>\n\t\t<\/div>\n\t\t\t\t<\/div>\n\t\t\t\t<\/div>\n\t\t\t\t\t\t<\/div>\n\t\t\t\t\t<\/div>\n\t\t<\/div>\n\t\t\t\t<div class=\"elementor-column elementor-col-50 elementor-inner-column elementor-element elementor-element-jhy5sxp\" data-id=\"jhy5sxp\" data-element_type=\"column\">\n\t\t\t<div class=\"elementor-column-wrap elementor-element-populated\">\n\t\t\t\t\t\t\t<div class=\"elementor-widget-wrap\">\n\t\t\t\t\t\t<div class=\"elementor-element elementor-element-kqesdcy elementor-widget elementor-widget-heading\" data-id=\"kqesdcy\" data-element_type=\"widget\" data-widget_type=\"heading.default\">\n\t\t\t\t<div class=\"elementor-widget-container\">\n\t\t\t<h2 class=\"elementor-heading-title elementor-size-small\">Visi\u00f3n<\/h2>\t\t<\/div>\n\t\t\t\t<\/div>\n\t\t\t\t<div class=\"elementor-element elementor-element-dimysfx elementor-widget-divider--view-line elementor-widget elementor-widget-divider\" data-id=\"dimysfx\" data-element_type=\"widget\" data-widget_type=\"divider.default\">\n\t\t\t\t<div class=\"elementor-widget-container\">\n\t\t\t\t\t<div class=\"elementor-divider\">\n\t\t\t<span class=\"elementor-divider-separator\">\n\t\t\t\t\t\t<\/span>\n\t\t<\/div>\n\t\t\t\t<\/div>\n\t\t\t\t<\/div>\n\t\t\t\t<div class=\"elementor-element elementor-element-x60uswn elementor-widget elementor-widget-text-editor\" data-id=\"x60uswn\" data-element_type=\"widget\" data-widget_type=\"text-editor.default\">\n\t\t\t\t<div class=\"elementor-widget-container\">\n\t\t\t\t\t\t\t\t<div class=\"elementor-text-editor elementor-clearfix\">\n\t\t\t\t<p style=\"text-align: justify;\"><span style=\"font-size: 10pt;\"><em>Como Grupo Educativo Mar\u00edn, anhelamos ser una comunidad orante, fraterna y misionera reconocida por sus iniciativas pedag\u00f3gicas, su aprendizaje continuo y sus resultados en la educaci\u00f3n integral de las personas.<\/em><\/span><\/p>\t\t\t\t\t<\/div>\n\t\t\t\t\t\t<\/div>\n\t\t\t\t<\/div>\n\t\t\t\t<div class=\"elementor-element elementor-element-iuy26cq elementor-hidden-desktop elementor-hidden-phone elementor-widget elementor-widget-spacer\" data-id=\"iuy26cq\" data-element_type=\"widget\" data-widget_type=\"spacer.default\">\n\t\t\t\t<div class=\"elementor-widget-container\">\n\t\t\t\t\t<div class=\"elementor-spacer\">\n\t\t\t<div class=\"elementor-spacer-inner\"><\/div>\n\t\t<\/div>\n\t\t\t\t<\/div>\n\t\t\t\t<\/div>\n\t\t\t\t\t\t<\/div>\n\t\t\t\t\t<\/div>\n\t\t<\/div>\n\t\t\t\t\t\t\t\t<\/div>\n\t\t\t\t\t<\/div>\n\t\t<\/section>\n\t\t\t\t<div class=\"elementor-element elementor-element-ao5yxj5 elementor-hidden-desktop elementor-widget-divider--view-line elementor-widget elementor-widget-divider\" data-id=\"ao5yxj5\" data-element_type=\"widget\" data-widget_type=\"divider.default\">\n\t\t\t\t<div class=\"elementor-widget-container\">\n\t\t\t\t\t<div class=\"elementor-divider\">\n\t\t\t<span class=\"elementor-divider-separator\">\n\t\t\t\t\t\t<\/span>\n\t\t<\/div>\n\t\t\t\t<\/div>\n\t\t\t\t<\/div>\n\t\t\t\t<div class=\"elementor-element elementor-element-7szbdcu elementor-hidden-desktop elementor-hidden-tablet elementor-widget elementor-widget-spacer\" data-id=\"7szbdcu\" data-element_type=\"widget\" data-widget_type=\"spacer.default\">\n\t\t\t\t<div class=\"elementor-widget-container\">\n\t\t\t\t\t<div class=\"elementor-spacer\">\n\t\t\t<div class=\"elementor-spacer-inner\"><\/div>\n\t\t<\/div>\n\t\t\t\t<\/div>\n\t\t\t\t<\/div>\n\t\t\t\t<div class=\"elementor-element elementor-element-6gpgr58 elementor-widget elementor-widget-heading\" data-id=\"6gpgr58\" data-element_type=\"widget\" data-widget_type=\"heading.default\">\n\t\t\t\t<div class=\"elementor-widget-container\">\n\t\t\t<h2 class=\"elementor-heading-title elementor-size-small\">Nuestra impronta<\/h2>\t\t<\/div>\n\t\t\t\t<\/div>\n\t\t\t\t<div class=\"elementor-element elementor-element-5zy2zcn elementor-widget elementor-widget-text-editor\" data-id=\"5zy2zcn\" data-element_type=\"widget\" data-widget_type=\"text-editor.default\">\n\t\t\t\t<div class=\"elementor-widget-container\">\n\t\t\t\t\t\t\t\t<div class=\"elementor-text-editor elementor-clearfix\">\n\t\t\t\t<p style=\"text-align: justify;\"><span style=\"color: #800000;\"><strong>Creemos<\/strong><\/span> que la dignidad de cada persona en cuanto hija de Dios, creada a su imagen y semejanza, y el env\u00edo misionero de Jes\u00fas Resucitado, son los fundamentos de nuestra tarea educativa. <br \/><span style=\"color: #800000;\"><strong>Queremos<\/strong><\/span> que nuestros estudiantes, ejerciendo su libertad, descubran su vocaci\u00f3n humana y cristiana para elaborar su proyecto de vida. <br \/><span style=\"color: #800000;\"><strong>Entendemos<\/strong><\/span> que en nuestra escuela, la fe atraviesa la vida escolar: nuestro curr\u00edculo, nuestras actividades, nuestras celebraciones. Estimulamos v\u00ednculos fraternos basados en la aceptaci\u00f3n y el cuidado del otro, y promovemos los valores evang\u00e9licos para la construcci\u00f3n de una sociedad solidaria y participativa. La tarea evangelizadora, es decir, salir al encuentro del otro para anunciar La Buena Noticia de la Salvaci\u00f3n, es responsabilidad de toda nuestra comunidad educativa. <br \/><span style=\"color: #800000;\"><strong>Creemos<\/strong><\/span> que la educaci\u00f3n es un proceso de transmisi\u00f3n y construcci\u00f3n de conocimientos socialmente significativos que busca promover habilidades comunicacionales, de pensamiento cr\u00edtico y de toma de decisiones, incentivando la autonom\u00eda, la responsabilidad y el esp\u00edritu de superaci\u00f3n permanente. Metodol\u00f3gicamente integramos pedagog\u00edas y did\u00e1cticas ajustadas a cada contexto y necesidad aliment\u00e1ndonos de fuentes diversas que nos ayudan a comprender la enorme complejidad y potencialidad del ser humano y estimular su desarrollo. <br \/><span style=\"color: #800000;\"><strong>Valoramos<\/strong><\/span> la diversidad de los talentos y la variedad de intereses de nuestros estudiantes, buscando que el abanico de propuestas permita desarrollar sus distintas capacidades. La creatividad, la innovaci\u00f3n y las nuevas tendencias nos mueven a la mejora continua de los procesos educativos. <br \/><span style=\"color: #800000;\"><strong>Creemos<\/strong><\/span> que en los procesos de ense\u00f1anza y aprendizaje todos aprendemos, individual y comunitariamente, comprometi\u00e9ndonos con la educaci\u00f3n de toda la persona.<br \/><span style=\"color: #800000;\"><strong>Queremos<\/strong><\/span> fortalecer la capacidad de los j\u00f3venes para convertirse en protagonistas comprometidos con nuestro pa\u00eds y el mundo, atentos a las palabras \u201cEducar es servir a Dios y a la Patria\u201d.<\/p>\t\t\t\t\t<\/div>\n\t\t\t\t\t\t<\/div>\n\t\t\t\t<\/div>\n\t\t\t\t\t\t<\/div>\n\t\t\t\t\t<\/div>\n\t\t<\/div>\n\t\t\t\t\t\t\t\t<\/div>\n\t\t\t\t\t<\/div>\n\t\t<\/section>\n\t\t\t\t\t\t\t\t\t<\/div>\n\t\t\t<\/div>\n\t\t\t\t\t<\/div>\n\t\t","protected":false},"excerpt":{"rendered":"<p>Misi\u00f3n Somos un Grupo Educativo [&hellip;]<\/p>\n","protected":false},"author":1,"featured_media":0,"parent":0,"menu_order":0,"comment_status":"closed","ping_status":"closed","template":"page-templates\/page_fullwidth.php","meta":[],"_links":{"self":[{"href":"https:\/\/grupomarin.org\/nuevaweb\/wp-json\/wp\/v2\/pages\/915"}],"collection":[{"href":"https:\/\/grupomarin.org\/nuevaweb\/wp-json\/wp\/v2\/pages"}],"about":[{"href":"https:\/\/grupomarin.org\/nuevaweb\/wp-json\/wp\/v2\/types\/page"}],"author":[{"embeddable":true,"href":"https:\/\/grupomarin.org\/nuevaweb\/wp-json\/wp\/v2\/users\/1"}],"replies":[{"embeddable":true,"href":"https:\/\/grupomarin.org\/nuevaweb\/wp-json\/wp\/v2\/comments?post=915"}],"version-history":[{"count":16,"href":"https:\/\/grupomarin.org\/nuevaweb\/wp-json\/wp\/v2\/pages\/915\/revisions"}],"predecessor-version":[{"id":3830,"href":"https:\/\/grupomarin.org\/nuevaweb\/wp-json\/wp\/v2\/pages\/915\/revisions\/3830"}],"wp:attachment":[{"href":"https:\/\/grupomarin.org\/nuevaweb\/wp-json\/wp\/v2\/media?parent=915"}],"curies":[{"name":"wp","href":"https:\/\/api.w.org\/{rel}","templated":true}]}}