{"id":906,"date":"2016-06-28T18:49:02","date_gmt":"2016-06-28T18:49:02","guid":{"rendered":"http:\/\/grupomarin.org\/nuevaweb\/?page_id=906"},"modified":"2017-10-30T14:30:26","modified_gmt":"2017-10-30T14:30:26","slug":"historia-cam","status":"publish","type":"page","link":"https:\/\/grupomarin.org\/nuevaweb\/historia-cam\/","title":{"rendered":"Nuestra Historia"},"content":{"rendered":"\t\t<div data-elementor-type=\"wp-post\" data-elementor-id=\"906\" class=\"elementor elementor-906 elementor-bc-flex-widget\">\n\t\t\t\t\t\t<div class=\"elementor-inner\">\n\t\t\t\t<div class=\"elementor-section-wrap\">\n\t\t\t\t\t\t\t\t\t<section class=\"elementor-section elementor-top-section elementor-element elementor-element-p07w0ob elementor-section-boxed elementor-section-height-default elementor-section-height-default\" data-id=\"p07w0ob\" data-element_type=\"section\">\n\t\t\t\t\t\t<div class=\"elementor-container elementor-column-gap-default\">\n\t\t\t\t\t\t\t<div class=\"elementor-row\">\n\t\t\t\t\t<div class=\"elementor-column elementor-col-100 elementor-top-column elementor-element elementor-element-xz8or1o\" data-id=\"xz8or1o\" data-element_type=\"column\">\n\t\t\t<div class=\"elementor-column-wrap elementor-element-populated\">\n\t\t\t\t\t\t\t<div class=\"elementor-widget-wrap\">\n\t\t\t\t\t\t<div class=\"elementor-element elementor-element-q293d5q elementor-pagination-position-outside elementor-widget elementor-widget-image-carousel\" data-id=\"q293d5q\" data-element_type=\"widget\" data-settings=\"{&quot;slides_to_show&quot;:&quot;1&quot;,&quot;navigation&quot;:&quot;dots&quot;,&quot;autoplay&quot;:&quot;yes&quot;,&quot;pause_on_hover&quot;:&quot;yes&quot;,&quot;pause_on_interaction&quot;:&quot;yes&quot;,&quot;autoplay_speed&quot;:5000,&quot;infinite&quot;:&quot;yes&quot;,&quot;effect&quot;:&quot;slide&quot;,&quot;speed&quot;:500}\" data-widget_type=\"image-carousel.default\">\n\t\t\t\t<div class=\"elementor-widget-container\">\n\t\t\t\t\t<div class=\"elementor-image-carousel-wrapper swiper-container\" dir=\"ltr\">\n\t\t\t<div class=\"elementor-image-carousel swiper-wrapper\">\n\t\t\t\t\t\t\t\t<div class=\"swiper-slide\"><figure class=\"swiper-slide-inner\"><img class=\"swiper-slide-image\" src=\"https:\/\/grupomarin.org\/nuevaweb\/wp-content\/uploads\/2016\/06\/8.png\" alt=\"fachada antes y despues\" \/><\/figure><\/div><div class=\"swiper-slide\"><figure class=\"swiper-slide-inner\"><img class=\"swiper-slide-image\" src=\"https:\/\/grupomarin.org\/nuevaweb\/wp-content\/uploads\/2016\/06\/7.png\" alt=\"patio antes y despues\" \/><\/figure><\/div><div class=\"swiper-slide\"><figure class=\"swiper-slide-inner\"><img class=\"swiper-slide-image\" src=\"https:\/\/grupomarin.org\/nuevaweb\/wp-content\/uploads\/2016\/06\/6.png\" alt=\"entrada antes y despues\" \/><\/figure><\/div><div class=\"swiper-slide\"><figure class=\"swiper-slide-inner\"><img class=\"swiper-slide-image\" src=\"https:\/\/grupomarin.org\/nuevaweb\/wp-content\/uploads\/2016\/06\/5.png\" alt=\"antes y despues\" \/><\/figure><\/div><div class=\"swiper-slide\"><figure class=\"swiper-slide-inner\"><img class=\"swiper-slide-image\" src=\"https:\/\/grupomarin.org\/nuevaweb\/wp-content\/uploads\/2016\/06\/4.png\" alt=\"antes y despues\" \/><\/figure><\/div><div class=\"swiper-slide\"><figure class=\"swiper-slide-inner\"><img class=\"swiper-slide-image\" src=\"https:\/\/grupomarin.org\/nuevaweb\/wp-content\/uploads\/2016\/06\/3.png\" alt=\"antes y despues\" \/><\/figure><\/div><div class=\"swiper-slide\"><figure class=\"swiper-slide-inner\"><img class=\"swiper-slide-image\" src=\"https:\/\/grupomarin.org\/nuevaweb\/wp-content\/uploads\/2016\/06\/2.png\" alt=\"antes y despues\" \/><\/figure><\/div><div class=\"swiper-slide\"><figure class=\"swiper-slide-inner\"><img class=\"swiper-slide-image\" src=\"https:\/\/grupomarin.org\/nuevaweb\/wp-content\/uploads\/2016\/06\/1.png\" alt=\"antes y despues\" \/><\/figure><\/div><div class=\"swiper-slide\"><figure class=\"swiper-slide-inner\"><img class=\"swiper-slide-image\" src=\"https:\/\/grupomarin.org\/nuevaweb\/wp-content\/uploads\/2016\/06\/9.png\" alt=\"antes y despues del puente del bajo\" \/><\/figure><\/div>\t\t\t<\/div>\n\t\t\t\t\t\t\t\t\t\t\t\t<div class=\"swiper-pagination\"><\/div>\n\t\t\t\t\t\t\t\t\t\t\t\t\t<\/div>\n\t\t\t\t<\/div>\n\t\t\t\t<\/div>\n\t\t\t\t<div class=\"elementor-element elementor-element-nglco6a elementor-hidden-phone elementor-widget elementor-widget-spacer\" data-id=\"nglco6a\" data-element_type=\"widget\" data-widget_type=\"spacer.default\">\n\t\t\t\t<div class=\"elementor-widget-container\">\n\t\t\t\t\t<div class=\"elementor-spacer\">\n\t\t\t<div class=\"elementor-spacer-inner\"><\/div>\n\t\t<\/div>\n\t\t\t\t<\/div>\n\t\t\t\t<\/div>\n\t\t\t\t<div class=\"elementor-element elementor-element-2rdtap0 elementor-widget elementor-widget-heading\" data-id=\"2rdtap0\" data-element_type=\"widget\" data-widget_type=\"heading.default\">\n\t\t\t\t<div class=\"elementor-widget-container\">\n\t\t\t<h2 class=\"elementor-heading-title elementor-size-large\">NUESTRA HISTORIA<\/h2>\t\t<\/div>\n\t\t\t\t<\/div>\n\t\t\t\t<section class=\"elementor-section elementor-inner-section elementor-element elementor-element-6ovz830 elementor-section-boxed elementor-section-height-default elementor-section-height-default\" data-id=\"6ovz830\" data-element_type=\"section\">\n\t\t\t\t\t\t<div class=\"elementor-container elementor-column-gap-default\">\n\t\t\t\t\t\t\t<div class=\"elementor-row\">\n\t\t\t\t\t<div class=\"elementor-column elementor-col-33 elementor-inner-column elementor-element elementor-element-qg0o2fu\" data-id=\"qg0o2fu\" data-element_type=\"column\">\n\t\t\t<div class=\"elementor-column-wrap elementor-element-populated\">\n\t\t\t\t\t\t\t<div class=\"elementor-widget-wrap\">\n\t\t\t\t\t\t<div class=\"elementor-element elementor-element-8l186jn elementor-widget elementor-widget-text-editor\" data-id=\"8l186jn\" data-element_type=\"widget\" data-widget_type=\"text-editor.default\">\n\t\t\t\t<div class=\"elementor-widget-container\">\n\t\t\t\t\t\t\t\t<div class=\"elementor-text-editor elementor-clearfix\">\n\t\t\t\t<p style=\"text-align: justify;\"><\/p>\n<p style=\"text-align: justify;\"><span style=\"font-size: 10pt; color: #800000;\"><strong>Grupo Educativo de la Di\u00f3cesis<\/strong><\/span><\/p>\n<p style=\"text-align: justify;\"><span style=\"font-size: 10pt; color: #800000;\">El Grupo Educativo Mar\u00edn pertenece al Obispado de San Isidro. El Obispo designa a la Comisi\u00f3n Administradora responsable del Grupo Educativo Mar\u00edn en su totalidad y el Director General del Grupo integra la misma. La Junta Regional de Educaci\u00f3n Cat\u00f3lica (JUREC) sirve al Obispo para cumplir con su ministerio con las instancias educativas de su jurisdicci\u00f3n, por lo que es el organismo\u00a0que acompa\u00f1a y asesora la tarea del Grupo Educativo Mar\u00edn como lo hace con todos los colegios del obispado.<\/span><\/p>\n\n\n<hr \/>\n\n&nbsp;\n\n<p style=\"text-align: justify;\"><span style=\"color: #333399;\">\u201cEl temple del alma generosa y altru\u00edsta del ilustre caballero Dr. Pl\u00e1cido Mar\u00edn, quien, impulsado por un amor acentrado a la Patria y a la ni\u00f1ez, quiso desprenderse de una parte considerable de su fortuna para la fundaci\u00f3n de un establecimiento educacional modelo, donde se formaran hombres dignos y nobles ciudadanos, mediante una instrucci\u00f3n esencialmente cristiana. Con este objeto desprendi\u00f3se de su hermosa finca veraniega, e hizo edificar, con su propio dinero, el espacioso colegio, disponiendo que llevara el nombre de su se\u00f1ora madre \u201cCarmen Arriola de Mar\u00edn\u201d y declarando a la Iglesia Cat\u00f3lica propietaria de dicha donaci\u00f3n.\u201d<\/span><\/p>\n\n&nbsp;\t\t\t\t\t<\/div>\n\t\t\t\t\t\t<\/div>\n\t\t\t\t<\/div>\n\t\t\t\t<div class=\"elementor-element elementor-element-8yp3ymc elementor-widget elementor-widget-text-editor\" data-id=\"8yp3ymc\" data-element_type=\"widget\" data-widget_type=\"text-editor.default\">\n\t\t\t\t<div class=\"elementor-widget-container\">\n\t\t\t\t\t\t\t\t<div class=\"elementor-text-editor elementor-clearfix\">\n\t\t\t\t<p style=\"text-align: right;\"><span style=\"font-size: 10pt;\"><em>Extra\u00eddo de la Memoria Lasallana en sus 50 a\u00f1os en Argentina<\/em><\/span><\/p>\t\t\t\t\t<\/div>\n\t\t\t\t\t\t<\/div>\n\t\t\t\t<\/div>\n\t\t\t\t\t\t<\/div>\n\t\t\t\t\t<\/div>\n\t\t<\/div>\n\t\t\t\t<div class=\"elementor-column elementor-col-66 elementor-inner-column elementor-element elementor-element-k23tbrn\" data-id=\"k23tbrn\" data-element_type=\"column\">\n\t\t\t<div class=\"elementor-column-wrap elementor-element-populated\">\n\t\t\t\t\t\t\t<div class=\"elementor-widget-wrap\">\n\t\t\t\t\t\t<div class=\"elementor-element elementor-element-n67m7vy elementor-hidden-desktop elementor-hidden-tablet elementor-widget-divider--view-line elementor-widget elementor-widget-divider\" data-id=\"n67m7vy\" data-element_type=\"widget\" data-widget_type=\"divider.default\">\n\t\t\t\t<div class=\"elementor-widget-container\">\n\t\t\t\t\t<div class=\"elementor-divider\">\n\t\t\t<span class=\"elementor-divider-separator\">\n\t\t\t\t\t\t<\/span>\n\t\t<\/div>\n\t\t\t\t<\/div>\n\t\t\t\t<\/div>\n\t\t\t\t<div class=\"elementor-element elementor-element-e4fgsgx elementor-hidden-desktop elementor-hidden-tablet elementor-widget elementor-widget-spacer\" data-id=\"e4fgsgx\" data-element_type=\"widget\" data-widget_type=\"spacer.default\">\n\t\t\t\t<div class=\"elementor-widget-container\">\n\t\t\t\t\t<div class=\"elementor-spacer\">\n\t\t\t<div class=\"elementor-spacer-inner\"><\/div>\n\t\t<\/div>\n\t\t\t\t<\/div>\n\t\t\t\t<\/div>\n\t\t\t\t<div class=\"elementor-element elementor-element-adstgzj elementor-widget elementor-widget-text-editor\" data-id=\"adstgzj\" data-element_type=\"widget\" data-widget_type=\"text-editor.default\">\n\t\t\t\t<div class=\"elementor-widget-container\">\n\t\t\t\t\t\t\t\t<div class=\"elementor-text-editor elementor-clearfix\">\n\t\t\t\t<p style=\"text-align: justify;\">El origen del Grupo Educativo est\u00e1 ligado a la historia del Colegio Carmen Arriola de Mar\u00edn. Fruto de la generosa donaci\u00f3n del Dr. Pl\u00e1cido Mar\u00edn a la Iglesia cat\u00f3lica, fue inaugurado el 14 de mayo de 1912 con la presencia del entonces Presidente de la Naci\u00f3n Dr. Roque S\u00e1enz Pe\u00f1a y del Obispo de La Plata, Monse\u00f1or Juan Nepomuceno Terrero.<\/p><p style=\"text-align: justify;\">Eligi\u00f3 para conducir el Colegio a los Hermanos de las Escuelas Cristianas, cuya competencia en materia educativa era notoria en el pa\u00eds particularmente por el colegio \u201cDe La Salle\u201d de la Ciudad de Buenos Aires. Durante las d\u00e9cadas siguientes, con su trabajo y esfuerzo, los Hermanos de La Salle hicieron hincapi\u00e9 en una formaci\u00f3n cristiana, \u00e9ticociudadana, cient\u00edfica y deportiva de gran valor. El Bachillerato, la Normal y la escuela Parroquial son s\u00edmbolos de esa \u00e9poca.<\/p><p style=\"text-align: justify;\">En 1979 el Obispado de San Isidro asume la administraci\u00f3n del Mar\u00edn, inici\u00e1ndose una etapa donde la conducci\u00f3n del colegio era ejercida en forma mixta por laicos y religiosos diocesanos.<\/p><p style=\"text-align: justify;\">La propuesta educativa se fue adecuando a los tiempos hist\u00f3ricos. En la d\u00e9cada del \u201990 el Colegio Carmen Arriola de Mar\u00edn se convirti\u00f3 en mixto y tuvo un fuerte impulso hacia las tecnolog\u00edas de la informaci\u00f3n y de la comunicaci\u00f3n, incorporando computadoras en las aulas, sistemas inform\u00e1ticos y redes de datos y creando una estaci\u00f3n de Radio y Televisi\u00f3n escolar, entre otras innovaciones pedag\u00f3gicas. Es un colegio de jornada completa e incluye desde el Nivel de Jard\u00edn Maternal hasta el Nivel Secundario, ofreciendo las certificaciones internacionales de idioma ingl\u00e9s y el Bachillerato Internacional.<\/p><p style=\"text-align: justify;\">Como parte del legado fundacional, en las instalaciones del mismo colegio funciona el Instituto Superior de Formaci\u00f3n Docente Carmen Arriola de Mar\u00edn que ofrece el Profesorado de Educaci\u00f3n Primaria, una carrera terciaria gratuita y oficial de cuatro a\u00f1os de duraci\u00f3n para la formaci\u00f3n de maestros cristianos.<\/p><p style=\"text-align: justify;\">Procurando dar respuestas a las necesidades de la comunidad diocesana, se asumi\u00f3 la gesti\u00f3n del antiguo Colegio Santa Mar\u00eda, que se encuentra ubicado tambi\u00e9n cercano al casco hist\u00f3rico de San Isidro y brinda una propuesta de jornada simple desde el Nivel Inicial hasta el Secundario, funcionando en contra\u2010turno una oferta opcional de talleres extra\u2010program\u00e1ticos. Su nombre actual es Colegio Santa Mar\u00eda de Luj\u00e1n.<\/p><p style=\"text-align: justify;\">En 1998 se inici\u00f3 la construcci\u00f3n de un nuevo colegio en la zona del Bajo Boulogne, el Colegio Pl\u00e1cido Mar\u00edn, para un mejor cumplimiento del legado fundacional en la educaci\u00f3n de los m\u00e1s necesitados. Es de jornada simple con actividades complementarias para la comunidad y ofrece educaci\u00f3n gratuita desde el Nivel Inicial hasta el Secundario. Forma parte del Proyecto Esperanza de la Di\u00f3cesis de San Isidro, que atiende las problem\u00e1ticas sociales de la comunidad del lugar.<\/p><p style=\"text-align: justify;\">Pl\u00e1cido Mar\u00edn dej\u00f3 en claro en sus obras y en su legado fundacional su preocupaci\u00f3n por la educaci\u00f3n de los m\u00e1s necesitados y por la formaci\u00f3n de maestros cristianos. As\u00ed, el mismo Colegio sostendr\u00eda gratuitamente a la escuela parroquial primaria y a la formaci\u00f3n pedag\u00f3gica.<\/p><p style=\"text-align: justify;\">Por indicaci\u00f3n del Obispado, en el a\u00f1o 2001 se inici\u00f3 el desarrollo de un nuevo emprendimiento educativo en Nordelta, en el partido de Tigre, junto a la llegada de las familias pioneras a la localidad. Se fund\u00f3 entonces el Colegio Cardenal Pironio, con una propuesta de educaci\u00f3n cat\u00f3lica biling\u00fce a lo largo de toda la escolaridad, desde el Nivel Maternal hasta el Secundario.<\/p><p style=\"text-align: justify;\">Esta diversidad de escuelas y servicios dio origen al Grupo Educativo Mar\u00edn con el fin de gestionar con una \u00fanica impronta y proyecto educativo la educaci\u00f3n de sus alumnos, comprendidos entre los 45 d\u00edas de vida y los 18 a\u00f1os de edad de los municipios de la Regi\u00f3n Metropolitana Norte y provenientes de sectores sociales medio\u2010alto a sectores bajos, dependiendo de la ubicaci\u00f3n de cada unidad educativa.<\/p>\t\t\t\t\t<\/div>\n\t\t\t\t\t\t<\/div>\n\t\t\t\t<\/div>\n\t\t\t\t\t\t<\/div>\n\t\t\t\t\t<\/div>\n\t\t<\/div>\n\t\t\t\t\t\t\t\t<\/div>\n\t\t\t\t\t<\/div>\n\t\t<\/section>\n\t\t\t\t<div class=\"elementor-element elementor-element-slifonj elementor-widget elementor-widget-spacer\" data-id=\"slifonj\" data-element_type=\"widget\" data-widget_type=\"spacer.default\">\n\t\t\t\t<div class=\"elementor-widget-container\">\n\t\t\t\t\t<div class=\"elementor-spacer\">\n\t\t\t<div class=\"elementor-spacer-inner\"><\/div>\n\t\t<\/div>\n\t\t\t\t<\/div>\n\t\t\t\t<\/div>\n\t\t\t\t<div class=\"elementor-element elementor-element-y8fdlhz elementor-widget elementor-widget-spacer\" data-id=\"y8fdlhz\" data-element_type=\"widget\" data-widget_type=\"spacer.default\">\n\t\t\t\t<div class=\"elementor-widget-container\">\n\t\t\t\t\t<div class=\"elementor-spacer\">\n\t\t\t<div class=\"elementor-spacer-inner\"><\/div>\n\t\t<\/div>\n\t\t\t\t<\/div>\n\t\t\t\t<\/div>\n\t\t\t\t\t\t<\/div>\n\t\t\t\t\t<\/div>\n\t\t<\/div>\n\t\t\t\t\t\t\t\t<\/div>\n\t\t\t\t\t<\/div>\n\t\t<\/section>\n\t\t\t\t\t\t\t\t\t<\/div>\n\t\t\t<\/div>\n\t\t\t\t\t<\/div>\n\t\t","protected":false},"excerpt":{"rendered":"<p>NUESTRA HISTORIA Grupo Educativo de [&hellip;]<\/p>\n","protected":false},"author":1,"featured_media":0,"parent":0,"menu_order":0,"comment_status":"closed","ping_status":"closed","template":"page-templates\/page_fullwidth.php","meta":[],"_links":{"self":[{"href":"https:\/\/grupomarin.org\/nuevaweb\/wp-json\/wp\/v2\/pages\/906"}],"collection":[{"href":"https:\/\/grupomarin.org\/nuevaweb\/wp-json\/wp\/v2\/pages"}],"about":[{"href":"https:\/\/grupomarin.org\/nuevaweb\/wp-json\/wp\/v2\/types\/page"}],"author":[{"embeddable":true,"href":"https:\/\/grupomarin.org\/nuevaweb\/wp-json\/wp\/v2\/users\/1"}],"replies":[{"embeddable":true,"href":"https:\/\/grupomarin.org\/nuevaweb\/wp-json\/wp\/v2\/comments?post=906"}],"version-history":[{"count":18,"href":"https:\/\/grupomarin.org\/nuevaweb\/wp-json\/wp\/v2\/pages\/906\/revisions"}],"predecessor-version":[{"id":4319,"href":"https:\/\/grupomarin.org\/nuevaweb\/wp-json\/wp\/v2\/pages\/906\/revisions\/4319"}],"wp:attachment":[{"href":"https:\/\/grupomarin.org\/nuevaweb\/wp-json\/wp\/v2\/media?parent=906"}],"curies":[{"name":"wp","href":"https:\/\/api.w.org\/{rel}","templated":true}]}}