{"id":3595,"date":"2017-08-15T15:45:46","date_gmt":"2017-08-15T15:45:46","guid":{"rendered":"http:\/\/grupomarin.org\/nuevaweb\/?page_id=3595"},"modified":"2017-08-25T18:56:50","modified_gmt":"2017-08-25T18:56:50","slug":"cardenal","status":"publish","type":"page","link":"https:\/\/grupomarin.org\/nuevaweb\/cardenal-pironio-2\/cardenal\/","title":{"rendered":"cardenal"},"content":{"rendered":"\t\t<div data-elementor-type=\"wp-page\" data-elementor-id=\"3595\" class=\"elementor elementor-3595 elementor-bc-flex-widget\">\n\t\t\t\t\t\t<div class=\"elementor-inner\">\n\t\t\t\t<div class=\"elementor-section-wrap\">\n\t\t\t\t\t\t\t\t\t<section class=\"elementor-section elementor-top-section elementor-element elementor-element-hermanj elementor-section-boxed elementor-section-height-default elementor-section-height-default\" data-id=\"hermanj\" data-element_type=\"section\">\n\t\t\t\t\t\t<div class=\"elementor-container elementor-column-gap-default\">\n\t\t\t\t\t\t\t<div class=\"elementor-row\">\n\t\t\t\t\t<div class=\"elementor-column elementor-col-100 elementor-top-column elementor-element elementor-element-okm445h\" data-id=\"okm445h\" data-element_type=\"column\">\n\t\t\t<div class=\"elementor-column-wrap elementor-element-populated\">\n\t\t\t\t\t\t\t<div class=\"elementor-widget-wrap\">\n\t\t\t\t\t\t<div class=\"elementor-element elementor-element-t03z7g7 elementor-widget elementor-widget-image\" data-id=\"t03z7g7\" data-element_type=\"widget\" data-widget_type=\"image.default\">\n\t\t\t\t<div class=\"elementor-widget-container\">\n\t\t\t\t\t\t\t\t<div class=\"elementor-image\">\n\t\t\t\t\t\t\t\t\t\t\t\t<img width=\"1024\" height=\"768\" src=\"https:\/\/grupomarin.org\/nuevaweb\/wp-content\/uploads\/2017\/08\/celebracion-de-la-luz-1024x768.jpg\" class=\"attachment-large size-large\" alt=\"celebracion de la luz\" loading=\"lazy\" srcset=\"https:\/\/grupomarin.org\/nuevaweb\/wp-content\/uploads\/2017\/08\/celebracion-de-la-luz-1024x768.jpg 1024w, https:\/\/grupomarin.org\/nuevaweb\/wp-content\/uploads\/2017\/08\/celebracion-de-la-luz-300x225.jpg 300w, https:\/\/grupomarin.org\/nuevaweb\/wp-content\/uploads\/2017\/08\/celebracion-de-la-luz-768x576.jpg 768w, https:\/\/grupomarin.org\/nuevaweb\/wp-content\/uploads\/2017\/08\/celebracion-de-la-luz-830x623.jpg 830w, https:\/\/grupomarin.org\/nuevaweb\/wp-content\/uploads\/2017\/08\/celebracion-de-la-luz-230x173.jpg 230w, https:\/\/grupomarin.org\/nuevaweb\/wp-content\/uploads\/2017\/08\/celebracion-de-la-luz-350x263.jpg 350w, https:\/\/grupomarin.org\/nuevaweb\/wp-content\/uploads\/2017\/08\/celebracion-de-la-luz-480x360.jpg 480w\" sizes=\"(max-width: 1024px) 100vw, 1024px\" \/>\t\t\t\t\t\t\t\t\t\t\t\t\t\t<\/div>\n\t\t\t\t\t\t<\/div>\n\t\t\t\t<\/div>\n\t\t\t\t\t\t<\/div>\n\t\t\t\t\t<\/div>\n\t\t<\/div>\n\t\t\t\t\t\t\t\t<\/div>\n\t\t\t\t\t<\/div>\n\t\t<\/section>\n\t\t\t\t<section class=\"elementor-section elementor-top-section elementor-element elementor-element-7d04v98 elementor-section-boxed elementor-section-height-default elementor-section-height-default\" data-id=\"7d04v98\" data-element_type=\"section\">\n\t\t\t\t\t\t<div class=\"elementor-container elementor-column-gap-default\">\n\t\t\t\t\t\t\t<div class=\"elementor-row\">\n\t\t\t\t\t<div class=\"elementor-column elementor-col-50 elementor-top-column elementor-element elementor-element-0aniq8t\" data-id=\"0aniq8t\" data-element_type=\"column\">\n\t\t\t<div class=\"elementor-column-wrap elementor-element-populated\">\n\t\t\t\t\t\t\t<div class=\"elementor-widget-wrap\">\n\t\t\t\t\t\t<div class=\"elementor-element elementor-element-1a5346p elementor-widget elementor-widget-image\" data-id=\"1a5346p\" data-element_type=\"widget\" data-widget_type=\"image.default\">\n\t\t\t\t<div class=\"elementor-widget-container\">\n\t\t\t\t\t\t\t\t<div class=\"elementor-image\">\n\t\t\t\t\t\t\t\t\t\t\t\t<img width=\"260\" height=\"332\" src=\"https:\/\/grupomarin.org\/nuevaweb\/wp-content\/uploads\/2017\/08\/PironioFrase1.jpg\" class=\"attachment-full size-full\" alt=\"cardenal pironio\" loading=\"lazy\" srcset=\"https:\/\/grupomarin.org\/nuevaweb\/wp-content\/uploads\/2017\/08\/PironioFrase1.jpg 260w, https:\/\/grupomarin.org\/nuevaweb\/wp-content\/uploads\/2017\/08\/PironioFrase1-235x300.jpg 235w, https:\/\/grupomarin.org\/nuevaweb\/wp-content\/uploads\/2017\/08\/PironioFrase1-230x294.jpg 230w\" sizes=\"(max-width: 260px) 100vw, 260px\" \/>\t\t\t\t\t\t\t\t\t\t\t\t\t\t<\/div>\n\t\t\t\t\t\t<\/div>\n\t\t\t\t<\/div>\n\t\t\t\t\t\t<\/div>\n\t\t\t\t\t<\/div>\n\t\t<\/div>\n\t\t\t\t<div class=\"elementor-column elementor-col-50 elementor-top-column elementor-element elementor-element-s29g2az\" data-id=\"s29g2az\" data-element_type=\"column\">\n\t\t\t<div class=\"elementor-column-wrap elementor-element-populated\">\n\t\t\t\t\t\t\t<div class=\"elementor-widget-wrap\">\n\t\t\t\t\t\t<div class=\"elementor-element elementor-element-3jopgd0 elementor-widget elementor-widget-heading\" data-id=\"3jopgd0\" data-element_type=\"widget\" data-widget_type=\"heading.default\">\n\t\t\t\t<div class=\"elementor-widget-container\">\n\t\t\t<h2 class=\"elementor-heading-title elementor-size-large\">PASTORAL DEL COLEGIO<\/h2>\t\t<\/div>\n\t\t\t\t<\/div>\n\t\t\t\t<div class=\"elementor-element elementor-element-sndgc7a elementor-widget elementor-widget-text-editor\" data-id=\"sndgc7a\" data-element_type=\"widget\" data-widget_type=\"text-editor.default\">\n\t\t\t\t<div class=\"elementor-widget-container\">\n\t\t\t\t\t\t\t\t<div class=\"elementor-text-editor elementor-clearfix\">\n\t\t\t\t<p>Inspirados por nuestro patrono el <strong>Cardenal Eduardo Pironio<\/strong>, quien se distingui\u00f3 por su afabilidad, su continua pr\u00e9dica sobre la esperanza y su labor con los j\u00f3venes de todo el mundo<strong>, buscamos que nuestros alumnos puedan comunicar, expresar y\u00a0 vivir verdaderamente la fe con una espiritualidad esperanzadora y alegre, y, a su vez, comprometidos con la realidad de hoy<\/strong>.<\/p><p>La educaci\u00f3n en la fe que promovemos es fruto de un contacto permanente con los valores del Evangelio a trav\u00e9s de v\u00ednculos humanos mediadores. Valores y opciones vividas en comunidad:<\/p><ul><li>en los espacios pertinentes de formaci\u00f3n cristiana <em>(actividades en el aula)<\/em><\/li><li>en la celebraci\u00f3n de la fe <em>(liturgia, oraci\u00f3n)<\/em><\/li><li>en espacios de profundizaci\u00f3n <em>(retiros, experiencias de misi\u00f3n, convivencias)<\/em><\/li><li>en espacios de encuentro<em> (con Jes\u00fas en la Palabra de Dios, con nuestro interior en los retiros, con nuestros hermanos en la misi\u00f3n o convivencias)<\/em><\/li><\/ul><p>A la vez, desde todas las \u00e1reas propiciamos un curr\u00edculum evangelizador, una mirada cristiana de la vida y del mundo que descubra las \u201cbuenas noticias\u201d que nos hablan de un Dios cercano, y que est\u00e1n presentes en los contenidos escolares y en el patrimonio cultural, de modo de crear\u00a0 una s\u00edntesis entre cultura y fe y entre fe y vida. En la cultura, en los contenidos escolares propuestos, discernimos con fe lo que Dios sigue diciendo hoy en el mundo a trav\u00e9s de su acci\u00f3n encarnada en la acci\u00f3n de los hombres, (poniendo a Jes\u00fas como centro del proyecto de vida.) poniendo el testimoniar a Jes\u00fas desde nuestra vocaci\u00f3n personal, como centro del proyecto de vida<\/p>\t\t\t\t\t<\/div>\n\t\t\t\t\t\t<\/div>\n\t\t\t\t<\/div>\n\t\t\t\t\t\t<\/div>\n\t\t\t\t\t<\/div>\n\t\t<\/div>\n\t\t\t\t\t\t\t\t<\/div>\n\t\t\t\t\t<\/div>\n\t\t<\/section>\n\t\t\t\t\t\t\t\t\t<\/div>\n\t\t\t<\/div>\n\t\t\t\t\t<\/div>\n\t\t","protected":false},"excerpt":{"rendered":"<p>PASTORAL DEL COLEGIO Inspirados por [&hellip;]<\/p>\n","protected":false},"author":1,"featured_media":0,"parent":3295,"menu_order":0,"comment_status":"closed","ping_status":"closed","template":"page-templates\/page_fullwidth.php","meta":[],"_links":{"self":[{"href":"https:\/\/grupomarin.org\/nuevaweb\/wp-json\/wp\/v2\/pages\/3595"}],"collection":[{"href":"https:\/\/grupomarin.org\/nuevaweb\/wp-json\/wp\/v2\/pages"}],"about":[{"href":"https:\/\/grupomarin.org\/nuevaweb\/wp-json\/wp\/v2\/types\/page"}],"author":[{"embeddable":true,"href":"https:\/\/grupomarin.org\/nuevaweb\/wp-json\/wp\/v2\/users\/1"}],"replies":[{"embeddable":true,"href":"https:\/\/grupomarin.org\/nuevaweb\/wp-json\/wp\/v2\/comments?post=3595"}],"version-history":[{"count":3,"href":"https:\/\/grupomarin.org\/nuevaweb\/wp-json\/wp\/v2\/pages\/3595\/revisions"}],"predecessor-version":[{"id":3841,"href":"https:\/\/grupomarin.org\/nuevaweb\/wp-json\/wp\/v2\/pages\/3595\/revisions\/3841"}],"up":[{"embeddable":true,"href":"https:\/\/grupomarin.org\/nuevaweb\/wp-json\/wp\/v2\/pages\/3295"}],"wp:attachment":[{"href":"https:\/\/grupomarin.org\/nuevaweb\/wp-json\/wp\/v2\/media?parent=3595"}],"curies":[{"name":"wp","href":"https:\/\/api.w.org\/{rel}","templated":true}]}}