{"id":3432,"date":"2017-08-10T03:01:36","date_gmt":"2017-08-10T03:01:36","guid":{"rendered":"http:\/\/grupomarin.org\/nuevaweb\/?page_id=3432"},"modified":"2017-08-25T00:02:45","modified_gmt":"2017-08-25T00:02:45","slug":"secundaria-lujan","status":"publish","type":"page","link":"https:\/\/grupomarin.org\/nuevaweb\/santa-maria-de-lujan-2\/secundaria-lujan\/","title":{"rendered":"secundaria lujan"},"content":{"rendered":"\t\t<div data-elementor-type=\"wp-page\" data-elementor-id=\"3432\" class=\"elementor elementor-3432 elementor-bc-flex-widget\">\n\t\t\t\t\t\t<div class=\"elementor-inner\">\n\t\t\t\t<div class=\"elementor-section-wrap\">\n\t\t\t\t\t\t\t\t\t<section class=\"elementor-section elementor-top-section elementor-element elementor-element-8m9cmn6 elementor-section-boxed elementor-section-height-default elementor-section-height-default\" data-id=\"8m9cmn6\" data-element_type=\"section\">\n\t\t\t\t\t\t<div class=\"elementor-container elementor-column-gap-default\">\n\t\t\t\t\t\t\t<div class=\"elementor-row\">\n\t\t\t\t\t<div class=\"elementor-column elementor-col-33 elementor-top-column elementor-element elementor-element-kxu1ky8\" data-id=\"kxu1ky8\" data-element_type=\"column\">\n\t\t\t<div class=\"elementor-column-wrap elementor-element-populated\">\n\t\t\t\t\t\t\t<div class=\"elementor-widget-wrap\">\n\t\t\t\t\t\t<div class=\"elementor-element elementor-element-60lkgro elementor-widget elementor-widget-heading\" data-id=\"60lkgro\" data-element_type=\"widget\" data-widget_type=\"heading.default\">\n\t\t\t\t<div class=\"elementor-widget-container\">\n\t\t\t<h2 class=\"elementor-heading-title elementor-size-large\">NIVEL SECUNDARIO<\/h2>\t\t<\/div>\n\t\t\t\t<\/div>\n\t\t\t\t<div class=\"elementor-element elementor-element-s5g5rls elementor-widget elementor-widget-spacer\" data-id=\"s5g5rls\" data-element_type=\"widget\" data-widget_type=\"spacer.default\">\n\t\t\t\t<div class=\"elementor-widget-container\">\n\t\t\t\t\t<div class=\"elementor-spacer\">\n\t\t\t<div class=\"elementor-spacer-inner\"><\/div>\n\t\t<\/div>\n\t\t\t\t<\/div>\n\t\t\t\t<\/div>\n\t\t\t\t<div class=\"elementor-element elementor-element-loba7ay elementor-widget elementor-widget-text-editor\" data-id=\"loba7ay\" data-element_type=\"widget\" data-widget_type=\"text-editor.default\">\n\t\t\t\t<div class=\"elementor-widget-container\">\n\t\t\t\t\t\t\t\t<div class=\"elementor-text-editor elementor-clearfix\">\n\t\t\t\t<p style=\"text-align: left;\"><span style=\"color: #993300;\">La Educaci\u00f3n Secundaria del Colegio Santa Mar\u00eda de Luj\u00e1n ofrece una escolaridad de jornada simple, con una oferta opcional en contraturno de la Escuela de Ingl\u00e9s en dos tardes, continuando con el Proyecto pedag\u00f3gico de la Instituci\u00f3n. Compartiendo as\u00ed proyectos y actividades con las otras secciones del colegio. Cuenta con 12 secciones, 2 por nivel. \u00a0<\/span><\/p>\t\t\t\t\t<\/div>\n\t\t\t\t\t\t<\/div>\n\t\t\t\t<\/div>\n\t\t\t\t<div class=\"elementor-element elementor-element-rrr2exa elementor-widget elementor-widget-spacer\" data-id=\"rrr2exa\" data-element_type=\"widget\" data-widget_type=\"spacer.default\">\n\t\t\t\t<div class=\"elementor-widget-container\">\n\t\t\t\t\t<div class=\"elementor-spacer\">\n\t\t\t<div class=\"elementor-spacer-inner\"><\/div>\n\t\t<\/div>\n\t\t\t\t<\/div>\n\t\t\t\t<\/div>\n\t\t\t\t\t\t<\/div>\n\t\t\t\t\t<\/div>\n\t\t<\/div>\n\t\t\t\t<div class=\"elementor-column elementor-col-66 elementor-top-column elementor-element elementor-element-9qjlkxo\" data-id=\"9qjlkxo\" data-element_type=\"column\">\n\t\t\t<div class=\"elementor-column-wrap elementor-element-populated\">\n\t\t\t\t\t\t\t<div class=\"elementor-widget-wrap\">\n\t\t\t\t\t\t<div class=\"elementor-element elementor-element-f7mxm5l elementor-widget elementor-widget-text-editor\" data-id=\"f7mxm5l\" data-element_type=\"widget\" data-widget_type=\"text-editor.default\">\n\t\t\t\t<div class=\"elementor-widget-container\">\n\t\t\t\t\t\t\t\t<div class=\"elementor-text-editor elementor-clearfix\">\n\t\t\t\t<p>La Educaci\u00f3n Secundaria est\u00e1 formada por las orientaciones de Comunicaci\u00f3n y Ciencias Sociales. Para la Educaci\u00f3n Secundaria B\u00e1sica y Orientada existe una oferta extracurricular de talleres obligatorios de distintas \u00e1reas, donde los alumnos cursan en forma cuatrimestral y\/o anual distintas materias para completar su formaci\u00f3n; por ejemplo, Inform\u00e1tica, Lenguajes Art\u00edsticos, Pr\u00e1ctica Contable; Gesti\u00f3n administrativa, Proyecto de investigaci\u00f3n.<\/p><p><br \/>Las clases de Educaci\u00f3n F\u00edsica de los alumnos y alumnas se dictan en el Campo de Deportes del Colegio Mar\u00edn. Esta \u00faltima propuesta se concreta transportando al alumnado en micros, acompa\u00f1ados por sus preceptores, hasta el Campo de Deportes y regres\u00e1ndolos al colegio de igual forma.<\/p><p><br \/>El ingl\u00e9s curricular est\u00e1 dividido en dos niveles para atender mejor las necesidades de aprendizaje de los alumnos: Advanced e Intermediate.<\/p><p><br \/>El alumnado vive la Pastoral del colegio a trav\u00e9s de Celebraciones, Retiros, Jornadas espirituales, Padrinazgo, Misiones y otros espacios de formaci\u00f3n cristiana.<\/p><p><br \/>Contamos con un Departamento de alumnos, un preceptor por nivel, con una participaci\u00f3n importante en el seguimiento de situaciones personales y particulares que funcionan como orientadores y nexos de comunicaci\u00f3n entre todos los actores de la educaci\u00f3n, guiados por un coordinador. Trabajan en contacto directo con el Equipo Directivo y el DOP (Departamento de Orientaci\u00f3n Psicopedag\u00f3gica).<\/p><p><br \/>Se ha dise\u00f1ado una propuesta de Salidas Educativas, Viajes de Estudio y visitas a distintas instituciones de significatividad pedag\u00f3gica para nuestro PEI. <br \/>En la formaci\u00f3n escolar integral es indispensable la generaci\u00f3n de proyectos que conecten a los alumnos con realidades diversas y potencien en ellos la mirada y la acci\u00f3n cr\u00edtica y transformadora, desde una cosmovisi\u00f3n cristiana.<\/p>\t\t\t\t\t<\/div>\n\t\t\t\t\t\t<\/div>\n\t\t\t\t<\/div>\n\t\t\t\t\t\t<\/div>\n\t\t\t\t\t<\/div>\n\t\t<\/div>\n\t\t\t\t\t\t\t\t<\/div>\n\t\t\t\t\t<\/div>\n\t\t<\/section>\n\t\t\t\t<section class=\"elementor-section elementor-top-section elementor-element elementor-element-jhgwuj0 elementor-section-boxed elementor-section-height-default elementor-section-height-default\" data-id=\"jhgwuj0\" data-element_type=\"section\">\n\t\t\t\t\t\t<div class=\"elementor-container elementor-column-gap-default\">\n\t\t\t\t\t\t\t<div class=\"elementor-row\">\n\t\t\t\t\t<div class=\"elementor-column elementor-col-100 elementor-top-column elementor-element elementor-element-huerw03\" data-id=\"huerw03\" data-element_type=\"column\">\n\t\t\t<div class=\"elementor-column-wrap\">\n\t\t\t\t\t\t\t<div class=\"elementor-widget-wrap\">\n\t\t\t\t\t\t\t\t<\/div>\n\t\t\t\t\t<\/div>\n\t\t<\/div>\n\t\t\t\t\t\t\t\t<\/div>\n\t\t\t\t\t<\/div>\n\t\t<\/section>\n\t\t\t\t<section class=\"elementor-section elementor-top-section elementor-element elementor-element-atwg5c4 elementor-section-boxed elementor-section-height-default elementor-section-height-default\" data-id=\"atwg5c4\" data-element_type=\"section\">\n\t\t\t\t\t\t<div class=\"elementor-container elementor-column-gap-default\">\n\t\t\t\t\t\t\t<div class=\"elementor-row\">\n\t\t\t\t\t<div class=\"elementor-column elementor-col-33 elementor-top-column elementor-element elementor-element-d58ws3n\" data-id=\"d58ws3n\" data-element_type=\"column\">\n\t\t\t<div class=\"elementor-column-wrap elementor-element-populated\">\n\t\t\t\t\t\t\t<div class=\"elementor-widget-wrap\">\n\t\t\t\t\t\t<div class=\"elementor-element elementor-element-vl2sqzk elementor-widget elementor-widget-heading\" data-id=\"vl2sqzk\" data-element_type=\"widget\" data-widget_type=\"heading.default\">\n\t\t\t\t<div class=\"elementor-widget-container\">\n\t\t\t<h2 class=\"elementor-heading-title elementor-size-large\">Escuela Secundaria Orientada (ESO)<\/h2>\t\t<\/div>\n\t\t\t\t<\/div>\n\t\t\t\t\t\t<\/div>\n\t\t\t\t\t<\/div>\n\t\t<\/div>\n\t\t\t\t<div class=\"elementor-column elementor-col-66 elementor-top-column elementor-element elementor-element-bvi6udl\" data-id=\"bvi6udl\" data-element_type=\"column\">\n\t\t\t<div class=\"elementor-column-wrap elementor-element-populated\">\n\t\t\t\t\t\t\t<div class=\"elementor-widget-wrap\">\n\t\t\t\t\t\t<div class=\"elementor-element elementor-element-yclo3w8 elementor-widget elementor-widget-text-editor\" data-id=\"yclo3w8\" data-element_type=\"widget\" data-widget_type=\"text-editor.default\">\n\t\t\t\t<div class=\"elementor-widget-container\">\n\t\t\t\t\t\t\t\t<div class=\"elementor-text-editor elementor-clearfix\">\n\t\t\t\t<p>La ESO apunta a brindar a sus alumnos los conocimientos procedimientos y valores indispensables para construir educandos que:<br \/> <br \/> &gt; Gradualmente se incorporen a una sociedad democr\u00e1tica y pluralista<br \/> &gt; Progresivamente se preparen para continuar estudios superiores.<br \/> &gt; Paso a paso se capaciten para cubrir las necesidades del mundo laboral.<br \/> &gt; Adem\u00e1s que la ESO y la Escuela sean los \u00e1mbitos para generar experiencias que favorezcan la formaci\u00f3n integral del alumnado en funci\u00f3n a un entorno din\u00e1mico y complejo, donde se hace esencial el compromiso con una educaci\u00f3n que apuntale la generaci\u00f3n de un proyecto de vida transformador tanto individual como comunitario.<\/p><p>Buscamos acompa\u00f1ar a nuestros alumnos con una mirada atenta y preventiva por parte de todo el personal del colegio, haciendo hincapi\u00e9 el Departamento de orientaci\u00f3n Psicopedag\u00f3gica con seguimientos particulares en caso de ser necesario. En este trabajo en conjunto,\u00a0 contamos con el apoyo de las familias y los profesionales externos para el logro de mejores resultados y el m\u00e1ximo desarrollo de cada alumno.<\/p><p>\u00a0<\/p><p>\u00a0<\/p>\t\t\t\t\t<\/div>\n\t\t\t\t\t\t<\/div>\n\t\t\t\t<\/div>\n\t\t\t\t\t\t<\/div>\n\t\t\t\t\t<\/div>\n\t\t<\/div>\n\t\t\t\t\t\t\t\t<\/div>\n\t\t\t\t\t<\/div>\n\t\t<\/section>\n\t\t\t\t\t\t\t\t\t<\/div>\n\t\t\t<\/div>\n\t\t\t\t\t<\/div>\n\t\t","protected":false},"excerpt":{"rendered":"<p>NIVEL SECUNDARIO La Educaci\u00f3n Secundaria [&hellip;]<\/p>\n","protected":false},"author":1,"featured_media":0,"parent":3301,"menu_order":0,"comment_status":"closed","ping_status":"closed","template":"page-templates\/page_fullwidth.php","meta":[],"_links":{"self":[{"href":"https:\/\/grupomarin.org\/nuevaweb\/wp-json\/wp\/v2\/pages\/3432"}],"collection":[{"href":"https:\/\/grupomarin.org\/nuevaweb\/wp-json\/wp\/v2\/pages"}],"about":[{"href":"https:\/\/grupomarin.org\/nuevaweb\/wp-json\/wp\/v2\/types\/page"}],"author":[{"embeddable":true,"href":"https:\/\/grupomarin.org\/nuevaweb\/wp-json\/wp\/v2\/users\/1"}],"replies":[{"embeddable":true,"href":"https:\/\/grupomarin.org\/nuevaweb\/wp-json\/wp\/v2\/comments?post=3432"}],"version-history":[{"count":7,"href":"https:\/\/grupomarin.org\/nuevaweb\/wp-json\/wp\/v2\/pages\/3432\/revisions"}],"predecessor-version":[{"id":3786,"href":"https:\/\/grupomarin.org\/nuevaweb\/wp-json\/wp\/v2\/pages\/3432\/revisions\/3786"}],"up":[{"embeddable":true,"href":"https:\/\/grupomarin.org\/nuevaweb\/wp-json\/wp\/v2\/pages\/3301"}],"wp:attachment":[{"href":"https:\/\/grupomarin.org\/nuevaweb\/wp-json\/wp\/v2\/media?parent=3432"}],"curies":[{"name":"wp","href":"https:\/\/api.w.org\/{rel}","templated":true}]}}