{"id":3422,"date":"2017-08-10T02:48:30","date_gmt":"2017-08-10T02:48:30","guid":{"rendered":"http:\/\/grupomarin.org\/nuevaweb\/?page_id=3422"},"modified":"2017-08-31T18:46:37","modified_gmt":"2017-08-31T18:46:37","slug":"primary-pironio","status":"publish","type":"page","link":"https:\/\/grupomarin.org\/nuevaweb\/cardenal-pironio-2\/primary-pironio\/","title":{"rendered":"PRIMARY PIRONIO"},"content":{"rendered":"\t\t<div data-elementor-type=\"wp-page\" data-elementor-id=\"3422\" class=\"elementor elementor-3422 elementor-bc-flex-widget\">\n\t\t\t\t\t\t<div class=\"elementor-inner\">\n\t\t\t\t<div class=\"elementor-section-wrap\">\n\t\t\t\t\t\t\t\t\t<section class=\"elementor-section elementor-top-section elementor-element elementor-element-f77eof9 elementor-section-boxed elementor-section-height-default elementor-section-height-default\" data-id=\"f77eof9\" data-element_type=\"section\">\n\t\t\t\t\t\t<div class=\"elementor-container elementor-column-gap-default\">\n\t\t\t\t\t\t\t<div class=\"elementor-row\">\n\t\t\t\t\t<div class=\"elementor-column elementor-col-100 elementor-top-column elementor-element elementor-element-q0vnzec\" data-id=\"q0vnzec\" data-element_type=\"column\">\n\t\t\t<div class=\"elementor-column-wrap elementor-element-populated\">\n\t\t\t\t\t\t\t<div class=\"elementor-widget-wrap\">\n\t\t\t\t\t\t<div class=\"elementor-element elementor-element-lk1gr7z elementor-widget elementor-widget-image\" data-id=\"lk1gr7z\" data-element_type=\"widget\" data-widget_type=\"image.default\">\n\t\t\t\t<div class=\"elementor-widget-container\">\n\t\t\t\t\t\t\t\t<div class=\"elementor-image\">\n\t\t\t\t\t\t\t\t\t\t\t\t<img width=\"1024\" height=\"574\" src=\"https:\/\/grupomarin.org\/nuevaweb\/wp-content\/uploads\/2017\/08\/DSCN5317-1024x574.jpg\" class=\"attachment-large size-large\" alt=\"fachada colegio\" loading=\"lazy\" srcset=\"https:\/\/grupomarin.org\/nuevaweb\/wp-content\/uploads\/2017\/08\/DSCN5317-1024x574.jpg 1024w, https:\/\/grupomarin.org\/nuevaweb\/wp-content\/uploads\/2017\/08\/DSCN5317-300x168.jpg 300w, https:\/\/grupomarin.org\/nuevaweb\/wp-content\/uploads\/2017\/08\/DSCN5317-768x430.jpg 768w, https:\/\/grupomarin.org\/nuevaweb\/wp-content\/uploads\/2017\/08\/DSCN5317-830x465.jpg 830w, https:\/\/grupomarin.org\/nuevaweb\/wp-content\/uploads\/2017\/08\/DSCN5317-230x129.jpg 230w, https:\/\/grupomarin.org\/nuevaweb\/wp-content\/uploads\/2017\/08\/DSCN5317-350x196.jpg 350w, https:\/\/grupomarin.org\/nuevaweb\/wp-content\/uploads\/2017\/08\/DSCN5317-480x269.jpg 480w, https:\/\/grupomarin.org\/nuevaweb\/wp-content\/uploads\/2017\/08\/DSCN5317.jpg 1280w\" sizes=\"(max-width: 1024px) 100vw, 1024px\" \/>\t\t\t\t\t\t\t\t\t\t\t\t\t\t<\/div>\n\t\t\t\t\t\t<\/div>\n\t\t\t\t<\/div>\n\t\t\t\t<div class=\"elementor-element elementor-element-fdmszlk elementor-widget elementor-widget-spacer\" data-id=\"fdmszlk\" data-element_type=\"widget\" data-widget_type=\"spacer.default\">\n\t\t\t\t<div class=\"elementor-widget-container\">\n\t\t\t\t\t<div class=\"elementor-spacer\">\n\t\t\t<div class=\"elementor-spacer-inner\"><\/div>\n\t\t<\/div>\n\t\t\t\t<\/div>\n\t\t\t\t<\/div>\n\t\t\t\t<div class=\"elementor-element elementor-element-8rkj7hi elementor-widget-divider--view-line elementor-widget elementor-widget-divider\" data-id=\"8rkj7hi\" data-element_type=\"widget\" data-widget_type=\"divider.default\">\n\t\t\t\t<div class=\"elementor-widget-container\">\n\t\t\t\t\t<div class=\"elementor-divider\">\n\t\t\t<span class=\"elementor-divider-separator\">\n\t\t\t\t\t\t<\/span>\n\t\t<\/div>\n\t\t\t\t<\/div>\n\t\t\t\t<\/div>\n\t\t\t\t\t\t<\/div>\n\t\t\t\t\t<\/div>\n\t\t<\/div>\n\t\t\t\t\t\t\t\t<\/div>\n\t\t\t\t\t<\/div>\n\t\t<\/section>\n\t\t\t\t<section class=\"elementor-section elementor-top-section elementor-element elementor-element-x9oy3p9 elementor-section-boxed elementor-section-height-default elementor-section-height-default\" data-id=\"x9oy3p9\" data-element_type=\"section\">\n\t\t\t\t\t\t<div class=\"elementor-container elementor-column-gap-default\">\n\t\t\t\t\t\t\t<div class=\"elementor-row\">\n\t\t\t\t\t<div class=\"elementor-column elementor-col-50 elementor-top-column elementor-element elementor-element-hkxssgj\" data-id=\"hkxssgj\" data-element_type=\"column\">\n\t\t\t<div class=\"elementor-column-wrap elementor-element-populated\">\n\t\t\t\t\t\t\t<div class=\"elementor-widget-wrap\">\n\t\t\t\t\t\t<div class=\"elementor-element elementor-element-t2dqu9g elementor-widget elementor-widget-heading\" data-id=\"t2dqu9g\" data-element_type=\"widget\" data-widget_type=\"heading.default\">\n\t\t\t\t<div class=\"elementor-widget-container\">\n\t\t\t<h2 class=\"elementor-heading-title elementor-size-xl\">NIVEL PRIMARIO<\/h2>\t\t<\/div>\n\t\t\t\t<\/div>\n\t\t\t\t<div class=\"elementor-element elementor-element-oucmca2 elementor-widget elementor-widget-text-editor\" data-id=\"oucmca2\" data-element_type=\"widget\" data-widget_type=\"text-editor.default\">\n\t\t\t\t<div class=\"elementor-widget-container\">\n\t\t\t\t\t\t\t\t<div class=\"elementor-text-editor elementor-clearfix\">\n\t\t\t\t<p><span style=\"font-size: 10pt; color: #008080;\">La propuesta de Primary School se basa en la construcci\u00f3n del conocimiento, en su comprensi\u00f3n y aplicaci\u00f3n en experiencias cotidianas. El proceso de ense\u00f1anza y aprendizaje est\u00e1 centrado en el desarrollo de competencias que promuevan un aprendizaje deductivo y cooperativo dentro de un enfoque comunicacional biling\u00fce. A la vez, en el camino del aprendizaje de una segunda lengua, el ingl\u00e9s, brindamos a nuestros alumnos la posibilidad de rendir ex\u00e1menes internacionales dependientes de Trinity College London.<\/span><\/p>\t\t\t\t\t<\/div>\n\t\t\t\t\t\t<\/div>\n\t\t\t\t<\/div>\n\t\t\t\t<div class=\"elementor-element elementor-element-1hq2z28 elementor-widget elementor-widget-image\" data-id=\"1hq2z28\" data-element_type=\"widget\" data-widget_type=\"image.default\">\n\t\t\t\t<div class=\"elementor-widget-container\">\n\t\t\t\t\t\t\t\t<div class=\"elementor-image\">\n\t\t\t\t\t\t\t\t\t\t\t\t<img width=\"500\" height=\"284\" src=\"https:\/\/grupomarin.org\/nuevaweb\/wp-content\/uploads\/2017\/08\/PRIMARIA-PIRONIO-2.jpg\" class=\"attachment-full size-full\" alt=\"alumnos\" loading=\"lazy\" srcset=\"https:\/\/grupomarin.org\/nuevaweb\/wp-content\/uploads\/2017\/08\/PRIMARIA-PIRONIO-2.jpg 500w, https:\/\/grupomarin.org\/nuevaweb\/wp-content\/uploads\/2017\/08\/PRIMARIA-PIRONIO-2-300x170.jpg 300w, https:\/\/grupomarin.org\/nuevaweb\/wp-content\/uploads\/2017\/08\/PRIMARIA-PIRONIO-2-230x131.jpg 230w, https:\/\/grupomarin.org\/nuevaweb\/wp-content\/uploads\/2017\/08\/PRIMARIA-PIRONIO-2-350x199.jpg 350w, https:\/\/grupomarin.org\/nuevaweb\/wp-content\/uploads\/2017\/08\/PRIMARIA-PIRONIO-2-480x273.jpg 480w\" sizes=\"(max-width: 500px) 100vw, 500px\" \/>\t\t\t\t\t\t\t\t\t\t\t\t\t\t<\/div>\n\t\t\t\t\t\t<\/div>\n\t\t\t\t<\/div>\n\t\t\t\t<div class=\"elementor-element elementor-element-g18zned elementor-widget elementor-widget-spacer\" data-id=\"g18zned\" data-element_type=\"widget\" data-widget_type=\"spacer.default\">\n\t\t\t\t<div class=\"elementor-widget-container\">\n\t\t\t\t\t<div class=\"elementor-spacer\">\n\t\t\t<div class=\"elementor-spacer-inner\"><\/div>\n\t\t<\/div>\n\t\t\t\t<\/div>\n\t\t\t\t<\/div>\n\t\t\t\t<div class=\"elementor-element elementor-element-yl3qvlf elementor-widget elementor-widget-image\" data-id=\"yl3qvlf\" data-element_type=\"widget\" data-widget_type=\"image.default\">\n\t\t\t\t<div class=\"elementor-widget-container\">\n\t\t\t\t\t\t\t\t<div class=\"elementor-image\">\n\t\t\t\t\t\t\t\t\t\t\t\t<img width=\"500\" height=\"284\" src=\"https:\/\/grupomarin.org\/nuevaweb\/wp-content\/uploads\/2017\/08\/PRIMARIA-PIRONIO3.jpg\" class=\"attachment-full size-full\" alt=\"alumnos en la huerta org\u00e1nica\" loading=\"lazy\" srcset=\"https:\/\/grupomarin.org\/nuevaweb\/wp-content\/uploads\/2017\/08\/PRIMARIA-PIRONIO3.jpg 500w, https:\/\/grupomarin.org\/nuevaweb\/wp-content\/uploads\/2017\/08\/PRIMARIA-PIRONIO3-300x170.jpg 300w, https:\/\/grupomarin.org\/nuevaweb\/wp-content\/uploads\/2017\/08\/PRIMARIA-PIRONIO3-230x131.jpg 230w, https:\/\/grupomarin.org\/nuevaweb\/wp-content\/uploads\/2017\/08\/PRIMARIA-PIRONIO3-350x199.jpg 350w, https:\/\/grupomarin.org\/nuevaweb\/wp-content\/uploads\/2017\/08\/PRIMARIA-PIRONIO3-480x273.jpg 480w\" sizes=\"(max-width: 500px) 100vw, 500px\" \/>\t\t\t\t\t\t\t\t\t\t\t\t\t\t<\/div>\n\t\t\t\t\t\t<\/div>\n\t\t\t\t<\/div>\n\t\t\t\t<div class=\"elementor-element elementor-element-r1j7qrb elementor-widget elementor-widget-text-editor\" data-id=\"r1j7qrb\" data-element_type=\"widget\" data-widget_type=\"text-editor.default\">\n\t\t\t\t<div class=\"elementor-widget-container\">\n\t\t\t\t\t\t\t\t<div class=\"elementor-text-editor elementor-clearfix\">\n\t\t\t\t<p><span style=\"color: #008080;\">INFORMES: primarypironio@marin.edu.ar<\/span><\/p>\t\t\t\t\t<\/div>\n\t\t\t\t\t\t<\/div>\n\t\t\t\t<\/div>\n\t\t\t\t<div class=\"elementor-element elementor-element-6ago3sc elementor-align-center elementor-widget elementor-widget-button\" data-id=\"6ago3sc\" data-element_type=\"widget\" data-widget_type=\"button.default\">\n\t\t\t\t<div class=\"elementor-widget-container\">\n\t\t\t\t\t<div class=\"elementor-button-wrapper\">\n\t\t\t<a href=\"http:\/\/grupomarin.org\/nuevaweb\/?page_id=4080\" class=\"elementor-button-link elementor-button elementor-size-sm\" role=\"button\">\n\t\t\t\t\t\t<span class=\"elementor-button-content-wrapper\">\n\t\t\t\t\t\t<span class=\"elementor-button-text\">INSCRIPCIONES<\/span>\n\t\t<\/span>\n\t\t\t\t\t<\/a>\n\t\t<\/div>\n\t\t\t\t<\/div>\n\t\t\t\t<\/div>\n\t\t\t\t\t\t<\/div>\n\t\t\t\t\t<\/div>\n\t\t<\/div>\n\t\t\t\t<div class=\"elementor-column elementor-col-50 elementor-top-column elementor-element elementor-element-f20k5cg\" data-id=\"f20k5cg\" data-element_type=\"column\">\n\t\t\t<div class=\"elementor-column-wrap elementor-element-populated\">\n\t\t\t\t\t\t\t<div class=\"elementor-widget-wrap\">\n\t\t\t\t\t\t<div class=\"elementor-element elementor-element-xgntazd elementor-widget elementor-widget-text-editor\" data-id=\"xgntazd\" data-element_type=\"widget\" data-widget_type=\"text-editor.default\">\n\t\t\t\t<div class=\"elementor-widget-container\">\n\t\t\t\t\t\t\t\t<div class=\"elementor-text-editor elementor-clearfix\">\n\t\t\t\t<p>En el marco de los valores evang\u00e9licos, invitamos a los alumnos a participar en diferentes iniciativas de compromiso solidario con el fin de generar una conciencia social solidaria, desarrollando la sensibilidad frente a las necesidades del otro y estimulando la participaci\u00f3n en actividades de servicio a la comunidad. Asimismo los alumnos de year 6 culminan el ciclo participando en una misi\u00f3n. La misi\u00f3n nos ofrece la oportunidad, de ser mensajeros de Dios, nos posibilita comunicar a Cristo y llevar, casa por casa, barrio por barrio, su mensaje de amor. Nos da la oportunidad de difundir el Evangelio y de construir el Reino.\u00a0 Esta impronta de misioneros de la Palabra es la que queremos inculcar en nuestros alumnos.<\/p><p>Definimos\u00a0 la\u00a0<a href=\"http:\/\/www.pironio.marin.edu.ar\/articulacion\/\">articulaci\u00f3n<\/a>\u00a0entre ciclos como un enlace de dos niveles. En este caso, el del nivel Inicial y nivel primario as\u00ed como tambi\u00e9n el del nivel primario con nivel secundario y la articulaci\u00f3n entre el primer y el segundo ciclo del mismo nivel.<\/p><p>Nuestro proyecto pedag\u00f3gico pone en foco\u00a0 el protagonismo de los alumnos en su\u00a0 proceso de aprendizaje y el dise\u00f1o de experiencias educativas vivenciales y significativas, en los distintos espacios del colegio y fuera de \u00e9l, que le permita a cada uno\u00a0<a href=\"http:\/\/www.pironio.marin.edu.ar\/desarrollar-competencias\/\">desarrollar sus competencias<\/a>. El modelo de ense\u00f1anza\u2013aprendizaje que llevamos adelante est\u00e1 orientado a favorecer el desarrollo de competencias vinculadas con el aprender a ser persona, aprender a aprender, aprender a hacer, aprender a vivir juntos y aprender a creer. Para ello, se busca promover habilidades comunicacionales, de pensamiento cr\u00edtico y de toma de decisiones mediante un aprendizaje activo, deductivo y cooperativo, incentivando la autonom\u00eda, la responsabilidad, el respeto por la diversidad, la cultura del esfuerzo y el esp\u00edritu de superaci\u00f3n permanente. Desarrollamos la metacognici\u00f3n en nuestros alumnos con la intenci\u00f3n de que\u00a0 aprendan \u00a0a razonar sobre el propio razonamiento, aplicando el pensamiento al acto de pensar, procesando ideas, para conocer e identificar el estilo de aprendizaje con el cual el alumno puede aprender.<\/p><p>Valoramos la diversidad de los talentos y\u00a0 la variedad de intereses de nuestros estudiantes buscando que el abanico de propuestas permita estimular sus distintas capacidades.<\/p><p>Las Tecnolog\u00edas de la Informaci\u00f3n y de la Comunicaci\u00f3n se abordan en funci\u00f3n de lo acad\u00e9mico, como instrumento y tambi\u00e9n como objeto de aprendizaje. Los alumnos utilizan un lenguaje pl\u00e1stico visual de la imagen que les permite expresar sus pensamientos, sensaciones y sentimientos libremente.<\/p><p>Dentro de \u00e1rea de Educaci\u00f3n F\u00edsica apuntamos a la superaci\u00f3n de los individuos para la mejora de las distintas cualidades f\u00edsicas. A lo largo de su desarrollo, los alumnos realizan distintos deportes para generar un acerbo motor con m\u00e1s recursos para su vida cotidiana. La propuesta de\u00a0<a href=\"http:\/\/www.pironio.marin.edu.ar\/campamentos\/\">campamentos<\/a>\u00a0que se llevan a cabo desde year 1 hasta year 6 constituye una pr\u00e1ctica recreativa, educativa y formativa que brinda experiencias \u00fanicas para la educaci\u00f3n integral en el \u00e1rea cognitiva, social y afectiva.<\/p>\t\t\t\t\t<\/div>\n\t\t\t\t\t\t<\/div>\n\t\t\t\t<\/div>\n\t\t\t\t<div class=\"elementor-element elementor-element-uq0cd9g elementor-widget-divider--view-line elementor-widget elementor-widget-divider\" data-id=\"uq0cd9g\" data-element_type=\"widget\" data-widget_type=\"divider.default\">\n\t\t\t\t<div class=\"elementor-widget-container\">\n\t\t\t\t\t<div class=\"elementor-divider\">\n\t\t\t<span class=\"elementor-divider-separator\">\n\t\t\t\t\t\t<\/span>\n\t\t<\/div>\n\t\t\t\t<\/div>\n\t\t\t\t<\/div>\n\t\t\t\t\t\t<\/div>\n\t\t\t\t\t<\/div>\n\t\t<\/div>\n\t\t\t\t\t\t\t\t<\/div>\n\t\t\t\t\t<\/div>\n\t\t<\/section>\n\t\t\t\t<section class=\"elementor-section elementor-top-section elementor-element elementor-element-eos64uz elementor-section-boxed elementor-section-height-default elementor-section-height-default\" data-id=\"eos64uz\" data-element_type=\"section\">\n\t\t\t\t\t\t<div class=\"elementor-container elementor-column-gap-default\">\n\t\t\t\t\t\t\t<div class=\"elementor-row\">\n\t\t\t\t\t<div class=\"elementor-column elementor-col-100 elementor-top-column elementor-element elementor-element-slgg3a7\" data-id=\"slgg3a7\" data-element_type=\"column\">\n\t\t\t<div class=\"elementor-column-wrap elementor-element-populated\">\n\t\t\t\t\t\t\t<div class=\"elementor-widget-wrap\">\n\t\t\t\t\t\t<div class=\"elementor-element elementor-element-7ha9pc6 elementor-widget elementor-widget-spacer\" data-id=\"7ha9pc6\" data-element_type=\"widget\" data-widget_type=\"spacer.default\">\n\t\t\t\t<div class=\"elementor-widget-container\">\n\t\t\t\t\t<div class=\"elementor-spacer\">\n\t\t\t<div class=\"elementor-spacer-inner\"><\/div>\n\t\t<\/div>\n\t\t\t\t<\/div>\n\t\t\t\t<\/div>\n\t\t\t\t\t\t<\/div>\n\t\t\t\t\t<\/div>\n\t\t<\/div>\n\t\t\t\t\t\t\t\t<\/div>\n\t\t\t\t\t<\/div>\n\t\t<\/section>\n\t\t\t\t<section class=\"elementor-section elementor-top-section elementor-element elementor-element-x7h5oyr elementor-section-boxed elementor-section-height-default elementor-section-height-default\" data-id=\"x7h5oyr\" data-element_type=\"section\">\n\t\t\t\t\t\t<div class=\"elementor-container elementor-column-gap-default\">\n\t\t\t\t\t\t\t<div class=\"elementor-row\">\n\t\t\t\t\t<div class=\"elementor-column elementor-col-33 elementor-top-column elementor-element elementor-element-el9ix1f\" data-id=\"el9ix1f\" data-element_type=\"column\">\n\t\t\t<div class=\"elementor-column-wrap elementor-element-populated\">\n\t\t\t\t\t\t\t<div class=\"elementor-widget-wrap\">\n\t\t\t\t\t\t<div class=\"elementor-element elementor-element-3i4n3wc elementor-widget elementor-widget-image\" data-id=\"3i4n3wc\" data-element_type=\"widget\" data-widget_type=\"image.default\">\n\t\t\t\t<div class=\"elementor-widget-container\">\n\t\t\t\t\t\t\t\t<div class=\"elementor-image\">\n\t\t\t\t\t\t\t\t\t\t\t\t<img width=\"260\" height=\"476\" src=\"https:\/\/grupomarin.org\/nuevaweb\/wp-content\/uploads\/2017\/08\/RezoFinal.jpg\" class=\"attachment-large size-large\" alt=\"rezo\" loading=\"lazy\" srcset=\"https:\/\/grupomarin.org\/nuevaweb\/wp-content\/uploads\/2017\/08\/RezoFinal.jpg 260w, https:\/\/grupomarin.org\/nuevaweb\/wp-content\/uploads\/2017\/08\/RezoFinal-164x300.jpg 164w, https:\/\/grupomarin.org\/nuevaweb\/wp-content\/uploads\/2017\/08\/RezoFinal-230x421.jpg 230w\" sizes=\"(max-width: 260px) 100vw, 260px\" \/>\t\t\t\t\t\t\t\t\t\t\t\t\t\t<\/div>\n\t\t\t\t\t\t<\/div>\n\t\t\t\t<\/div>\n\t\t\t\t<div class=\"elementor-element elementor-element-ibmolew elementor-widget elementor-widget-image\" data-id=\"ibmolew\" data-element_type=\"widget\" data-widget_type=\"image.default\">\n\t\t\t\t<div class=\"elementor-widget-container\">\n\t\t\t\t\t\t\t\t<div class=\"elementor-image\">\n\t\t\t\t\t\t\t\t\t\t\t\t<img width=\"260\" height=\"292\" src=\"https:\/\/grupomarin.org\/nuevaweb\/wp-content\/uploads\/2017\/08\/Angel1.jpg\" class=\"attachment-large size-large\" alt=\"estampita del angel\" loading=\"lazy\" srcset=\"https:\/\/grupomarin.org\/nuevaweb\/wp-content\/uploads\/2017\/08\/Angel1.jpg 260w, https:\/\/grupomarin.org\/nuevaweb\/wp-content\/uploads\/2017\/08\/Angel1-230x258.jpg 230w\" sizes=\"(max-width: 260px) 100vw, 260px\" \/>\t\t\t\t\t\t\t\t\t\t\t\t\t\t<\/div>\n\t\t\t\t\t\t<\/div>\n\t\t\t\t<\/div>\n\t\t\t\t\t\t<\/div>\n\t\t\t\t\t<\/div>\n\t\t<\/div>\n\t\t\t\t<div class=\"elementor-column elementor-col-66 elementor-top-column elementor-element elementor-element-5sgbci2\" data-id=\"5sgbci2\" data-element_type=\"column\">\n\t\t\t<div class=\"elementor-column-wrap elementor-element-populated\">\n\t\t\t\t\t\t\t<div class=\"elementor-widget-wrap\">\n\t\t\t\t\t\t<div class=\"elementor-element elementor-element-0xpdvdn elementor-widget elementor-widget-image\" data-id=\"0xpdvdn\" data-element_type=\"widget\" data-widget_type=\"image.default\">\n\t\t\t\t<div class=\"elementor-widget-container\">\n\t\t\t\t\t\t\t\t<div class=\"elementor-image\">\n\t\t\t\t\t\t\t\t\t\t\t\t<img width=\"1280\" height=\"515\" src=\"https:\/\/grupomarin.org\/nuevaweb\/wp-content\/uploads\/2017\/08\/primaria-pironio1.jpg\" class=\"attachment-full size-full\" alt=\"alumnos\" loading=\"lazy\" srcset=\"https:\/\/grupomarin.org\/nuevaweb\/wp-content\/uploads\/2017\/08\/primaria-pironio1.jpg 1280w, https:\/\/grupomarin.org\/nuevaweb\/wp-content\/uploads\/2017\/08\/primaria-pironio1-300x121.jpg 300w, https:\/\/grupomarin.org\/nuevaweb\/wp-content\/uploads\/2017\/08\/primaria-pironio1-768x309.jpg 768w, https:\/\/grupomarin.org\/nuevaweb\/wp-content\/uploads\/2017\/08\/primaria-pironio1-1024x412.jpg 1024w, https:\/\/grupomarin.org\/nuevaweb\/wp-content\/uploads\/2017\/08\/primaria-pironio1-830x334.jpg 830w, https:\/\/grupomarin.org\/nuevaweb\/wp-content\/uploads\/2017\/08\/primaria-pironio1-230x93.jpg 230w, https:\/\/grupomarin.org\/nuevaweb\/wp-content\/uploads\/2017\/08\/primaria-pironio1-350x141.jpg 350w, https:\/\/grupomarin.org\/nuevaweb\/wp-content\/uploads\/2017\/08\/primaria-pironio1-480x193.jpg 480w\" sizes=\"(max-width: 1280px) 100vw, 1280px\" \/>\t\t\t\t\t\t\t\t\t\t\t\t\t\t<\/div>\n\t\t\t\t\t\t<\/div>\n\t\t\t\t<\/div>\n\t\t\t\t<div class=\"elementor-element elementor-element-qqotuvb elementor-widget elementor-widget-image\" data-id=\"qqotuvb\" data-element_type=\"widget\" data-widget_type=\"image.default\">\n\t\t\t\t<div class=\"elementor-widget-container\">\n\t\t\t\t\t\t\t\t<div class=\"elementor-image\">\n\t\t\t\t\t\t\t\t\t\t\t\t<img width=\"1024\" height=\"300\" src=\"https:\/\/grupomarin.org\/nuevaweb\/wp-content\/uploads\/2017\/08\/cartelprimary-1024x300-1024x300.jpg\" class=\"attachment-large size-large\" alt=\"joy\" loading=\"lazy\" srcset=\"https:\/\/grupomarin.org\/nuevaweb\/wp-content\/uploads\/2017\/08\/cartelprimary-1024x300.jpg 1024w, https:\/\/grupomarin.org\/nuevaweb\/wp-content\/uploads\/2017\/08\/cartelprimary-1024x300-300x88.jpg 300w, https:\/\/grupomarin.org\/nuevaweb\/wp-content\/uploads\/2017\/08\/cartelprimary-1024x300-768x225.jpg 768w, https:\/\/grupomarin.org\/nuevaweb\/wp-content\/uploads\/2017\/08\/cartelprimary-1024x300-830x243.jpg 830w, https:\/\/grupomarin.org\/nuevaweb\/wp-content\/uploads\/2017\/08\/cartelprimary-1024x300-230x67.jpg 230w, https:\/\/grupomarin.org\/nuevaweb\/wp-content\/uploads\/2017\/08\/cartelprimary-1024x300-350x103.jpg 350w, https:\/\/grupomarin.org\/nuevaweb\/wp-content\/uploads\/2017\/08\/cartelprimary-1024x300-480x141.jpg 480w\" sizes=\"(max-width: 1024px) 100vw, 1024px\" \/>\t\t\t\t\t\t\t\t\t\t\t\t\t\t<\/div>\n\t\t\t\t\t\t<\/div>\n\t\t\t\t<\/div>\n\t\t\t\t\t\t<\/div>\n\t\t\t\t\t<\/div>\n\t\t<\/div>\n\t\t\t\t\t\t\t\t<\/div>\n\t\t\t\t\t<\/div>\n\t\t<\/section>\n\t\t\t\t\t\t\t\t\t<\/div>\n\t\t\t<\/div>\n\t\t\t\t\t<\/div>\n\t\t","protected":false},"excerpt":{"rendered":"<p>NIVEL PRIMARIO La propuesta de [&hellip;]<\/p>\n","protected":false},"author":1,"featured_media":0,"parent":3295,"menu_order":0,"comment_status":"closed","ping_status":"closed","template":"page-templates\/page_fullwidth.php","meta":[],"_links":{"self":[{"href":"https:\/\/grupomarin.org\/nuevaweb\/wp-json\/wp\/v2\/pages\/3422"}],"collection":[{"href":"https:\/\/grupomarin.org\/nuevaweb\/wp-json\/wp\/v2\/pages"}],"about":[{"href":"https:\/\/grupomarin.org\/nuevaweb\/wp-json\/wp\/v2\/types\/page"}],"author":[{"embeddable":true,"href":"https:\/\/grupomarin.org\/nuevaweb\/wp-json\/wp\/v2\/users\/1"}],"replies":[{"embeddable":true,"href":"https:\/\/grupomarin.org\/nuevaweb\/wp-json\/wp\/v2\/comments?post=3422"}],"version-history":[{"count":8,"href":"https:\/\/grupomarin.org\/nuevaweb\/wp-json\/wp\/v2\/pages\/3422\/revisions"}],"predecessor-version":[{"id":4084,"href":"https:\/\/grupomarin.org\/nuevaweb\/wp-json\/wp\/v2\/pages\/3422\/revisions\/4084"}],"up":[{"embeddable":true,"href":"https:\/\/grupomarin.org\/nuevaweb\/wp-json\/wp\/v2\/pages\/3295"}],"wp:attachment":[{"href":"https:\/\/grupomarin.org\/nuevaweb\/wp-json\/wp\/v2\/media?parent=3422"}],"curies":[{"name":"wp","href":"https:\/\/api.w.org\/{rel}","templated":true}]}}