{"id":3409,"date":"2017-08-10T01:48:41","date_gmt":"2017-08-10T01:48:41","guid":{"rendered":"http:\/\/grupomarin.org\/nuevaweb\/?page_id=3409"},"modified":"2019-08-08T15:15:46","modified_gmt":"2019-08-08T15:15:46","slug":"secundaria-placido","status":"publish","type":"page","link":"https:\/\/grupomarin.org\/nuevaweb\/placido-marin-2\/secundaria-placido\/","title":{"rendered":"secundaria placido"},"content":{"rendered":"\t\t<div data-elementor-type=\"wp-post\" data-elementor-id=\"3409\" class=\"elementor elementor-3409 elementor-bc-flex-widget\">\n\t\t\t\t\t\t<div class=\"elementor-inner\">\n\t\t\t\t<div class=\"elementor-section-wrap\">\n\t\t\t\t\t\t\t\t\t<section class=\"elementor-section elementor-top-section elementor-element elementor-element-l0fbq88 elementor-section-boxed elementor-section-height-default elementor-section-height-default\" data-id=\"l0fbq88\" data-element_type=\"section\">\n\t\t\t\t\t\t<div class=\"elementor-container elementor-column-gap-default\">\n\t\t\t\t\t\t\t<div class=\"elementor-row\">\n\t\t\t\t\t<div class=\"elementor-column elementor-col-100 elementor-top-column elementor-element elementor-element-nydbmii\" data-id=\"nydbmii\" data-element_type=\"column\">\n\t\t\t<div class=\"elementor-column-wrap elementor-element-populated\">\n\t\t\t\t\t\t\t<div class=\"elementor-widget-wrap\">\n\t\t\t\t\t\t<div class=\"elementor-element elementor-element-valme08 elementor-widget elementor-widget-image\" data-id=\"valme08\" data-element_type=\"widget\" data-widget_type=\"image.default\">\n\t\t\t\t<div class=\"elementor-widget-container\">\n\t\t\t\t\t\t\t\t<div class=\"elementor-image\">\n\t\t\t\t\t\t\t\t\t\t\t\t<img width=\"1600\" height=\"616\" src=\"https:\/\/grupomarin.org\/nuevaweb\/wp-content\/uploads\/2017\/08\/sec.jpg\" class=\"attachment-full size-full\" alt=\"alumnos secundaria estudiando\" loading=\"lazy\" srcset=\"https:\/\/grupomarin.org\/nuevaweb\/wp-content\/uploads\/2017\/08\/sec.jpg 1600w, https:\/\/grupomarin.org\/nuevaweb\/wp-content\/uploads\/2017\/08\/sec-300x116.jpg 300w, https:\/\/grupomarin.org\/nuevaweb\/wp-content\/uploads\/2017\/08\/sec-768x296.jpg 768w, https:\/\/grupomarin.org\/nuevaweb\/wp-content\/uploads\/2017\/08\/sec-1024x394.jpg 1024w, https:\/\/grupomarin.org\/nuevaweb\/wp-content\/uploads\/2017\/08\/sec-830x320.jpg 830w, https:\/\/grupomarin.org\/nuevaweb\/wp-content\/uploads\/2017\/08\/sec-230x89.jpg 230w, https:\/\/grupomarin.org\/nuevaweb\/wp-content\/uploads\/2017\/08\/sec-350x135.jpg 350w, https:\/\/grupomarin.org\/nuevaweb\/wp-content\/uploads\/2017\/08\/sec-480x185.jpg 480w\" sizes=\"(max-width: 1600px) 100vw, 1600px\" \/>\t\t\t\t\t\t\t\t\t\t\t\t\t\t<\/div>\n\t\t\t\t\t\t<\/div>\n\t\t\t\t<\/div>\n\t\t\t\t<div class=\"elementor-element elementor-element-3i0o55o elementor-hidden-phone elementor-widget elementor-widget-spacer\" data-id=\"3i0o55o\" data-element_type=\"widget\" data-widget_type=\"spacer.default\">\n\t\t\t\t<div class=\"elementor-widget-container\">\n\t\t\t\t\t<div class=\"elementor-spacer\">\n\t\t\t<div class=\"elementor-spacer-inner\"><\/div>\n\t\t<\/div>\n\t\t\t\t<\/div>\n\t\t\t\t<\/div>\n\t\t\t\t<div class=\"elementor-element elementor-element-5t8pwwg elementor-widget-divider--view-line elementor-widget elementor-widget-divider\" data-id=\"5t8pwwg\" data-element_type=\"widget\" data-widget_type=\"divider.default\">\n\t\t\t\t<div class=\"elementor-widget-container\">\n\t\t\t\t\t<div class=\"elementor-divider\">\n\t\t\t<span class=\"elementor-divider-separator\">\n\t\t\t\t\t\t<\/span>\n\t\t<\/div>\n\t\t\t\t<\/div>\n\t\t\t\t<\/div>\n\t\t\t\t\t\t<\/div>\n\t\t\t\t\t<\/div>\n\t\t<\/div>\n\t\t\t\t\t\t\t\t<\/div>\n\t\t\t\t\t<\/div>\n\t\t<\/section>\n\t\t\t\t<section class=\"elementor-section elementor-top-section elementor-element elementor-element-ih9ltqm elementor-section-boxed elementor-section-height-default elementor-section-height-default\" data-id=\"ih9ltqm\" data-element_type=\"section\">\n\t\t\t\t\t\t<div class=\"elementor-container elementor-column-gap-default\">\n\t\t\t\t\t\t\t<div class=\"elementor-row\">\n\t\t\t\t\t<div class=\"elementor-column elementor-col-50 elementor-top-column elementor-element elementor-element-inas5pz\" data-id=\"inas5pz\" data-element_type=\"column\">\n\t\t\t<div class=\"elementor-column-wrap elementor-element-populated\">\n\t\t\t\t\t\t\t<div class=\"elementor-widget-wrap\">\n\t\t\t\t\t\t<div class=\"elementor-element elementor-element-jsebfzu elementor-widget elementor-widget-text-editor\" data-id=\"jsebfzu\" data-element_type=\"widget\" data-widget_type=\"text-editor.default\">\n\t\t\t\t<div class=\"elementor-widget-container\">\n\t\t\t\t\t\t\t\t<div class=\"elementor-text-editor elementor-clearfix\">\n\t\t\t\t<p>Nuestra tarea se focaliza en el acompa\u00f1amiento a los estudiantes en la constituci\u00f3n de su propia identidad, el descubrimiento de la vocaci\u00f3n personal y la formaci\u00f3n en valores que los conviertan en transformadores de su propia realidad. Buscamos que nuestros estudiantes desarrollen habilidades que posibiliten la inclusi\u00f3n social, el acceso al campo del trabajo y la formaci\u00f3n profesional. <br \/>El trabajo que realizamos tiene como pilar fundamental el acompa\u00f1amiento de las trayectorias pedag\u00f3gicas a trav\u00e9s del equipo de Tutores y el Equipo de Orientaci\u00f3n Escolar (EOE) formado por un grupo de profesionales de diferentes disciplinas (psic\u00f3logo, psicopedagoga y trabajadora social).<\/p>\t\t\t\t\t<\/div>\n\t\t\t\t\t\t<\/div>\n\t\t\t\t<\/div>\n\t\t\t\t\t\t<\/div>\n\t\t\t\t\t<\/div>\n\t\t<\/div>\n\t\t\t\t<div class=\"elementor-column elementor-col-50 elementor-top-column elementor-element elementor-element-ffa1902\" data-id=\"ffa1902\" data-element_type=\"column\">\n\t\t\t<div class=\"elementor-column-wrap elementor-element-populated\">\n\t\t\t\t\t\t\t<div class=\"elementor-widget-wrap\">\n\t\t\t\t\t\t<div class=\"elementor-element elementor-element-3229a92 elementor-widget elementor-widget-image\" data-id=\"3229a92\" data-element_type=\"widget\" data-widget_type=\"image.default\">\n\t\t\t\t<div class=\"elementor-widget-container\">\n\t\t\t\t\t\t\t\t<div class=\"elementor-image\">\n\t\t\t\t\t\t\t\t\t\t\t\t<img width=\"960\" height=\"720\" src=\"https:\/\/grupomarin.org\/nuevaweb\/wp-content\/uploads\/2019\/08\/66904464_2318603271562540_2224688399564931072_n.jpg\" class=\"attachment-large size-large\" alt=\"\" loading=\"lazy\" srcset=\"https:\/\/grupomarin.org\/nuevaweb\/wp-content\/uploads\/2019\/08\/66904464_2318603271562540_2224688399564931072_n.jpg 960w, https:\/\/grupomarin.org\/nuevaweb\/wp-content\/uploads\/2019\/08\/66904464_2318603271562540_2224688399564931072_n-300x225.jpg 300w, https:\/\/grupomarin.org\/nuevaweb\/wp-content\/uploads\/2019\/08\/66904464_2318603271562540_2224688399564931072_n-768x576.jpg 768w, https:\/\/grupomarin.org\/nuevaweb\/wp-content\/uploads\/2019\/08\/66904464_2318603271562540_2224688399564931072_n-830x623.jpg 830w, https:\/\/grupomarin.org\/nuevaweb\/wp-content\/uploads\/2019\/08\/66904464_2318603271562540_2224688399564931072_n-230x173.jpg 230w, https:\/\/grupomarin.org\/nuevaweb\/wp-content\/uploads\/2019\/08\/66904464_2318603271562540_2224688399564931072_n-350x263.jpg 350w, https:\/\/grupomarin.org\/nuevaweb\/wp-content\/uploads\/2019\/08\/66904464_2318603271562540_2224688399564931072_n-480x360.jpg 480w\" sizes=\"(max-width: 960px) 100vw, 960px\" \/>\t\t\t\t\t\t\t\t\t\t\t\t\t\t<\/div>\n\t\t\t\t\t\t<\/div>\n\t\t\t\t<\/div>\n\t\t\t\t\t\t<\/div>\n\t\t\t\t\t<\/div>\n\t\t<\/div>\n\t\t\t\t\t\t\t\t<\/div>\n\t\t\t\t\t<\/div>\n\t\t<\/section>\n\t\t\t\t\t\t\t\t\t<\/div>\n\t\t\t<\/div>\n\t\t\t\t\t<\/div>\n\t\t","protected":false},"excerpt":{"rendered":"<p>Nuestra tarea se focaliza en [&hellip;]<\/p>\n","protected":false},"author":1,"featured_media":0,"parent":3306,"menu_order":0,"comment_status":"closed","ping_status":"closed","template":"page-templates\/page_fullwidth.php","meta":[],"_links":{"self":[{"href":"https:\/\/grupomarin.org\/nuevaweb\/wp-json\/wp\/v2\/pages\/3409"}],"collection":[{"href":"https:\/\/grupomarin.org\/nuevaweb\/wp-json\/wp\/v2\/pages"}],"about":[{"href":"https:\/\/grupomarin.org\/nuevaweb\/wp-json\/wp\/v2\/types\/page"}],"author":[{"embeddable":true,"href":"https:\/\/grupomarin.org\/nuevaweb\/wp-json\/wp\/v2\/users\/1"}],"replies":[{"embeddable":true,"href":"https:\/\/grupomarin.org\/nuevaweb\/wp-json\/wp\/v2\/comments?post=3409"}],"version-history":[{"count":6,"href":"https:\/\/grupomarin.org\/nuevaweb\/wp-json\/wp\/v2\/pages\/3409\/revisions"}],"predecessor-version":[{"id":5346,"href":"https:\/\/grupomarin.org\/nuevaweb\/wp-json\/wp\/v2\/pages\/3409\/revisions\/5346"}],"up":[{"embeddable":true,"href":"https:\/\/grupomarin.org\/nuevaweb\/wp-json\/wp\/v2\/pages\/3306"}],"wp:attachment":[{"href":"https:\/\/grupomarin.org\/nuevaweb\/wp-json\/wp\/v2\/media?parent=3409"}],"curies":[{"name":"wp","href":"https:\/\/api.w.org\/{rel}","templated":true}]}}