{"id":3388,"date":"2017-08-09T15:27:29","date_gmt":"2017-08-09T15:27:29","guid":{"rendered":"http:\/\/grupomarin.org\/nuevaweb\/?page_id=3388"},"modified":"2019-06-25T16:51:14","modified_gmt":"2019-06-25T16:51:14","slug":"inicial-placido","status":"publish","type":"page","link":"https:\/\/grupomarin.org\/nuevaweb\/placido-marin-2\/inicial-placido\/","title":{"rendered":"inicial placido"},"content":{"rendered":"\t\t<div data-elementor-type=\"wp-post\" data-elementor-id=\"3388\" class=\"elementor elementor-3388 elementor-bc-flex-widget\">\n\t\t\t\t\t\t<div class=\"elementor-inner\">\n\t\t\t\t<div class=\"elementor-section-wrap\">\n\t\t\t\t\t\t\t\t\t<section class=\"elementor-section elementor-top-section elementor-element elementor-element-2vlhy8p elementor-section-boxed elementor-section-height-default elementor-section-height-default\" data-id=\"2vlhy8p\" data-element_type=\"section\">\n\t\t\t\t\t\t<div class=\"elementor-container elementor-column-gap-default\">\n\t\t\t\t\t\t\t<div class=\"elementor-row\">\n\t\t\t\t\t<div class=\"elementor-column elementor-col-100 elementor-top-column elementor-element elementor-element-sct7ijy\" data-id=\"sct7ijy\" data-element_type=\"column\">\n\t\t\t<div class=\"elementor-column-wrap elementor-element-populated\">\n\t\t\t\t\t\t\t<div class=\"elementor-widget-wrap\">\n\t\t\t\t\t\t<div class=\"elementor-element elementor-element-licc8n6 elementor-widget elementor-widget-image\" data-id=\"licc8n6\" data-element_type=\"widget\" data-widget_type=\"image.default\">\n\t\t\t\t<div class=\"elementor-widget-container\">\n\t\t\t\t\t\t\t\t<div class=\"elementor-image\">\n\t\t\t\t\t\t\t\t\t\t\t\t<img width=\"1600\" height=\"616\" src=\"https:\/\/grupomarin.org\/nuevaweb\/wp-content\/uploads\/2017\/08\/inicial.jpg\" class=\"attachment-full size-full\" alt=\"alumnos en clase\" loading=\"lazy\" srcset=\"https:\/\/grupomarin.org\/nuevaweb\/wp-content\/uploads\/2017\/08\/inicial.jpg 1600w, https:\/\/grupomarin.org\/nuevaweb\/wp-content\/uploads\/2017\/08\/inicial-300x116.jpg 300w, https:\/\/grupomarin.org\/nuevaweb\/wp-content\/uploads\/2017\/08\/inicial-768x296.jpg 768w, https:\/\/grupomarin.org\/nuevaweb\/wp-content\/uploads\/2017\/08\/inicial-1024x394.jpg 1024w, https:\/\/grupomarin.org\/nuevaweb\/wp-content\/uploads\/2017\/08\/inicial-830x320.jpg 830w, https:\/\/grupomarin.org\/nuevaweb\/wp-content\/uploads\/2017\/08\/inicial-230x89.jpg 230w, https:\/\/grupomarin.org\/nuevaweb\/wp-content\/uploads\/2017\/08\/inicial-350x135.jpg 350w, https:\/\/grupomarin.org\/nuevaweb\/wp-content\/uploads\/2017\/08\/inicial-480x185.jpg 480w\" sizes=\"(max-width: 1600px) 100vw, 1600px\" \/>\t\t\t\t\t\t\t\t\t\t\t\t\t\t<\/div>\n\t\t\t\t\t\t<\/div>\n\t\t\t\t<\/div>\n\t\t\t\t<div class=\"elementor-element elementor-element-gzkx8xy elementor-widget-divider--view-line elementor-widget elementor-widget-divider\" data-id=\"gzkx8xy\" data-element_type=\"widget\" data-widget_type=\"divider.default\">\n\t\t\t\t<div class=\"elementor-widget-container\">\n\t\t\t\t\t<div class=\"elementor-divider\">\n\t\t\t<span class=\"elementor-divider-separator\">\n\t\t\t\t\t\t<\/span>\n\t\t<\/div>\n\t\t\t\t<\/div>\n\t\t\t\t<\/div>\n\t\t\t\t\t\t<\/div>\n\t\t\t\t\t<\/div>\n\t\t<\/div>\n\t\t\t\t\t\t\t\t<\/div>\n\t\t\t\t\t<\/div>\n\t\t<\/section>\n\t\t\t\t<section class=\"elementor-section elementor-top-section elementor-element elementor-element-3b8h8i0 elementor-section-boxed elementor-section-height-default elementor-section-height-default\" data-id=\"3b8h8i0\" data-element_type=\"section\">\n\t\t\t\t\t\t<div class=\"elementor-container elementor-column-gap-default\">\n\t\t\t\t\t\t\t<div class=\"elementor-row\">\n\t\t\t\t\t<div class=\"elementor-column elementor-col-33 elementor-top-column elementor-element elementor-element-rhduyvl\" data-id=\"rhduyvl\" data-element_type=\"column\">\n\t\t\t<div class=\"elementor-column-wrap elementor-element-populated\">\n\t\t\t\t\t\t\t<div class=\"elementor-widget-wrap\">\n\t\t\t\t\t\t<div class=\"elementor-element elementor-element-35inz15 elementor-widget elementor-widget-image\" data-id=\"35inz15\" data-element_type=\"widget\" data-widget_type=\"image.default\">\n\t\t\t\t<div class=\"elementor-widget-container\">\n\t\t\t\t\t\t\t\t<div class=\"elementor-image\">\n\t\t\t\t\t\t\t\t\t\t\t\t<img width=\"500\" height=\"340\" src=\"https:\/\/grupomarin.org\/nuevaweb\/wp-content\/uploads\/2017\/08\/inicial-placido.jpg\" class=\"attachment-full size-full\" alt=\"biblioteca\" loading=\"lazy\" srcset=\"https:\/\/grupomarin.org\/nuevaweb\/wp-content\/uploads\/2017\/08\/inicial-placido.jpg 500w, https:\/\/grupomarin.org\/nuevaweb\/wp-content\/uploads\/2017\/08\/inicial-placido-300x204.jpg 300w, https:\/\/grupomarin.org\/nuevaweb\/wp-content\/uploads\/2017\/08\/inicial-placido-230x156.jpg 230w, https:\/\/grupomarin.org\/nuevaweb\/wp-content\/uploads\/2017\/08\/inicial-placido-350x238.jpg 350w, https:\/\/grupomarin.org\/nuevaweb\/wp-content\/uploads\/2017\/08\/inicial-placido-480x326.jpg 480w\" sizes=\"(max-width: 500px) 100vw, 500px\" \/>\t\t\t\t\t\t\t\t\t\t\t\t\t\t<\/div>\n\t\t\t\t\t\t<\/div>\n\t\t\t\t<\/div>\n\t\t\t\t\t\t<\/div>\n\t\t\t\t\t<\/div>\n\t\t<\/div>\n\t\t\t\t<div class=\"elementor-column elementor-col-33 elementor-top-column elementor-element elementor-element-eqmtitp\" data-id=\"eqmtitp\" data-element_type=\"column\">\n\t\t\t<div class=\"elementor-column-wrap elementor-element-populated\">\n\t\t\t\t\t\t\t<div class=\"elementor-widget-wrap\">\n\t\t\t\t\t\t<div class=\"elementor-element elementor-element-x9oqcxd elementor-widget elementor-widget-image\" data-id=\"x9oqcxd\" data-element_type=\"widget\" data-widget_type=\"image.default\">\n\t\t\t\t<div class=\"elementor-widget-container\">\n\t\t\t\t\t\t\t\t<div class=\"elementor-image\">\n\t\t\t\t\t\t\t\t\t\t\t\t<img width=\"500\" height=\"340\" src=\"https:\/\/grupomarin.org\/nuevaweb\/wp-content\/uploads\/2017\/08\/pacillo-inicial.jpg\" class=\"attachment-full size-full\" alt=\"instalaciones internas del colegio\" loading=\"lazy\" srcset=\"https:\/\/grupomarin.org\/nuevaweb\/wp-content\/uploads\/2017\/08\/pacillo-inicial.jpg 500w, https:\/\/grupomarin.org\/nuevaweb\/wp-content\/uploads\/2017\/08\/pacillo-inicial-300x204.jpg 300w, https:\/\/grupomarin.org\/nuevaweb\/wp-content\/uploads\/2017\/08\/pacillo-inicial-230x156.jpg 230w, https:\/\/grupomarin.org\/nuevaweb\/wp-content\/uploads\/2017\/08\/pacillo-inicial-350x238.jpg 350w, https:\/\/grupomarin.org\/nuevaweb\/wp-content\/uploads\/2017\/08\/pacillo-inicial-480x326.jpg 480w\" sizes=\"(max-width: 500px) 100vw, 500px\" \/>\t\t\t\t\t\t\t\t\t\t\t\t\t\t<\/div>\n\t\t\t\t\t\t<\/div>\n\t\t\t\t<\/div>\n\t\t\t\t\t\t<\/div>\n\t\t\t\t\t<\/div>\n\t\t<\/div>\n\t\t\t\t<div class=\"elementor-column elementor-col-33 elementor-top-column elementor-element elementor-element-ri8tnc5\" data-id=\"ri8tnc5\" data-element_type=\"column\">\n\t\t\t<div class=\"elementor-column-wrap elementor-element-populated\">\n\t\t\t\t\t\t\t<div class=\"elementor-widget-wrap\">\n\t\t\t\t\t\t<div class=\"elementor-element elementor-element-mh2lwha elementor-widget elementor-widget-image\" data-id=\"mh2lwha\" data-element_type=\"widget\" data-widget_type=\"image.default\">\n\t\t\t\t<div class=\"elementor-widget-container\">\n\t\t\t\t\t\t\t\t<div class=\"elementor-image\">\n\t\t\t\t\t\t\t\t\t\t\t\t<img width=\"500\" height=\"340\" src=\"https:\/\/grupomarin.org\/nuevaweb\/wp-content\/uploads\/2017\/08\/incial-placido2.jpg\" class=\"attachment-full size-full\" alt=\"alumnos en actividad\" loading=\"lazy\" srcset=\"https:\/\/grupomarin.org\/nuevaweb\/wp-content\/uploads\/2017\/08\/incial-placido2.jpg 500w, https:\/\/grupomarin.org\/nuevaweb\/wp-content\/uploads\/2017\/08\/incial-placido2-300x204.jpg 300w, https:\/\/grupomarin.org\/nuevaweb\/wp-content\/uploads\/2017\/08\/incial-placido2-230x156.jpg 230w, https:\/\/grupomarin.org\/nuevaweb\/wp-content\/uploads\/2017\/08\/incial-placido2-350x238.jpg 350w, https:\/\/grupomarin.org\/nuevaweb\/wp-content\/uploads\/2017\/08\/incial-placido2-480x326.jpg 480w\" sizes=\"(max-width: 500px) 100vw, 500px\" \/>\t\t\t\t\t\t\t\t\t\t\t\t\t\t<\/div>\n\t\t\t\t\t\t<\/div>\n\t\t\t\t<\/div>\n\t\t\t\t\t\t<\/div>\n\t\t\t\t\t<\/div>\n\t\t<\/div>\n\t\t\t\t\t\t\t\t<\/div>\n\t\t\t\t\t<\/div>\n\t\t<\/section>\n\t\t\t\t<section class=\"elementor-section elementor-top-section elementor-element elementor-element-mk3txwp elementor-section-boxed elementor-section-height-default elementor-section-height-default\" data-id=\"mk3txwp\" data-element_type=\"section\">\n\t\t\t\t\t\t<div class=\"elementor-container elementor-column-gap-default\">\n\t\t\t\t\t\t\t<div class=\"elementor-row\">\n\t\t\t\t\t<div class=\"elementor-column elementor-col-100 elementor-top-column elementor-element elementor-element-kckg3mq\" data-id=\"kckg3mq\" data-element_type=\"column\">\n\t\t\t<div class=\"elementor-column-wrap elementor-element-populated\">\n\t\t\t\t\t\t\t<div class=\"elementor-widget-wrap\">\n\t\t\t\t\t\t<div class=\"elementor-element elementor-element-gd4u5k1 elementor-widget-divider--view-line elementor-widget elementor-widget-divider\" data-id=\"gd4u5k1\" data-element_type=\"widget\" data-widget_type=\"divider.default\">\n\t\t\t\t<div class=\"elementor-widget-container\">\n\t\t\t\t\t<div class=\"elementor-divider\">\n\t\t\t<span class=\"elementor-divider-separator\">\n\t\t\t\t\t\t<\/span>\n\t\t<\/div>\n\t\t\t\t<\/div>\n\t\t\t\t<\/div>\n\t\t\t\t<div class=\"elementor-element elementor-element-k34kcwj elementor-widget elementor-widget-spacer\" data-id=\"k34kcwj\" data-element_type=\"widget\" data-widget_type=\"spacer.default\">\n\t\t\t\t<div class=\"elementor-widget-container\">\n\t\t\t\t\t<div class=\"elementor-spacer\">\n\t\t\t<div class=\"elementor-spacer-inner\"><\/div>\n\t\t<\/div>\n\t\t\t\t<\/div>\n\t\t\t\t<\/div>\n\t\t\t\t<div class=\"elementor-element elementor-element-j8el0cv elementor-widget elementor-widget-text-editor\" data-id=\"j8el0cv\" data-element_type=\"widget\" data-widget_type=\"text-editor.default\">\n\t\t\t\t<div class=\"elementor-widget-container\">\n\t\t\t\t\t\t\t\t<div class=\"elementor-text-editor elementor-clearfix\">\n\t\t\t\t<h5><strong>En nivel inicial buscamos a trav\u00e9s de propuestas l\u00fadicas desarrollar espacios c\u00e1lidos donde los ni\u00f1os potencien sus capacidades. Trabajamos con los siguientes proyectos transversales:<\/strong><\/h5>\t\t\t\t\t<\/div>\n\t\t\t\t\t\t<\/div>\n\t\t\t\t<\/div>\n\t\t\t\t<div class=\"elementor-element elementor-element-ktdlo0b elementor-widget elementor-widget-spacer\" data-id=\"ktdlo0b\" data-element_type=\"widget\" data-widget_type=\"spacer.default\">\n\t\t\t\t<div class=\"elementor-widget-container\">\n\t\t\t\t\t<div class=\"elementor-spacer\">\n\t\t\t<div class=\"elementor-spacer-inner\"><\/div>\n\t\t<\/div>\n\t\t\t\t<\/div>\n\t\t\t\t<\/div>\n\t\t\t\t<div class=\"elementor-element elementor-element-1ykfnbq elementor-widget-divider--view-line elementor-widget elementor-widget-divider\" data-id=\"1ykfnbq\" data-element_type=\"widget\" data-widget_type=\"divider.default\">\n\t\t\t\t<div class=\"elementor-widget-container\">\n\t\t\t\t\t<div class=\"elementor-divider\">\n\t\t\t<span class=\"elementor-divider-separator\">\n\t\t\t\t\t\t<\/span>\n\t\t<\/div>\n\t\t\t\t<\/div>\n\t\t\t\t<\/div>\n\t\t\t\t\t\t<\/div>\n\t\t\t\t\t<\/div>\n\t\t<\/div>\n\t\t\t\t\t\t\t\t<\/div>\n\t\t\t\t\t<\/div>\n\t\t<\/section>\n\t\t\t\t<section class=\"elementor-section elementor-top-section elementor-element elementor-element-k5mskx6 elementor-section-boxed elementor-section-height-default elementor-section-height-default\" data-id=\"k5mskx6\" data-element_type=\"section\">\n\t\t\t\t\t\t<div class=\"elementor-container elementor-column-gap-default\">\n\t\t\t\t\t\t\t<div class=\"elementor-row\">\n\t\t\t\t\t<div class=\"elementor-column elementor-col-25 elementor-top-column elementor-element elementor-element-htaxxz8\" data-id=\"htaxxz8\" data-element_type=\"column\">\n\t\t\t<div class=\"elementor-column-wrap elementor-element-populated\">\n\t\t\t\t\t\t\t<div class=\"elementor-widget-wrap\">\n\t\t\t\t\t\t<div class=\"elementor-element elementor-element-hl0cxj8 elementor-widget elementor-widget-image\" data-id=\"hl0cxj8\" data-element_type=\"widget\" data-widget_type=\"image.default\">\n\t\t\t\t<div class=\"elementor-widget-container\">\n\t\t\t\t\t\t\t\t<div class=\"elementor-image\">\n\t\t\t\t\t\t\t\t\t\t\t\t<img width=\"300\" height=\"256\" src=\"https:\/\/grupomarin.org\/nuevaweb\/wp-content\/uploads\/2017\/08\/PL-LIT-300x256.jpg\" class=\"attachment-medium size-medium\" alt=\"secci\u00f3n literatura\" loading=\"lazy\" srcset=\"https:\/\/grupomarin.org\/nuevaweb\/wp-content\/uploads\/2017\/08\/PL-LIT-300x256.jpg 300w, https:\/\/grupomarin.org\/nuevaweb\/wp-content\/uploads\/2017\/08\/PL-LIT-230x196.jpg 230w, https:\/\/grupomarin.org\/nuevaweb\/wp-content\/uploads\/2017\/08\/PL-LIT-350x299.jpg 350w, https:\/\/grupomarin.org\/nuevaweb\/wp-content\/uploads\/2017\/08\/PL-LIT-480x410.jpg 480w, https:\/\/grupomarin.org\/nuevaweb\/wp-content\/uploads\/2017\/08\/PL-LIT.jpg 498w\" sizes=\"(max-width: 300px) 100vw, 300px\" \/>\t\t\t\t\t\t\t\t\t\t\t\t\t\t<\/div>\n\t\t\t\t\t\t<\/div>\n\t\t\t\t<\/div>\n\t\t\t\t\t\t<\/div>\n\t\t\t\t\t<\/div>\n\t\t<\/div>\n\t\t\t\t<div class=\"elementor-column elementor-col-25 elementor-top-column elementor-element elementor-element-vce7679\" data-id=\"vce7679\" data-element_type=\"column\">\n\t\t\t<div class=\"elementor-column-wrap elementor-element-populated\">\n\t\t\t\t\t\t\t<div class=\"elementor-widget-wrap\">\n\t\t\t\t\t\t<div class=\"elementor-element elementor-element-a9540hc elementor-widget elementor-widget-image\" data-id=\"a9540hc\" data-element_type=\"widget\" data-widget_type=\"image.default\">\n\t\t\t\t<div class=\"elementor-widget-container\">\n\t\t\t\t\t\t\t\t<div class=\"elementor-image\">\n\t\t\t\t\t\t\t\t\t\t\t\t<img width=\"300\" height=\"256\" src=\"https:\/\/grupomarin.org\/nuevaweb\/wp-content\/uploads\/2017\/08\/ecoEFICIENCIA-300x256.jpg\" class=\"attachment-medium size-medium\" alt=\"seccion eco eficiencia\" loading=\"lazy\" srcset=\"https:\/\/grupomarin.org\/nuevaweb\/wp-content\/uploads\/2017\/08\/ecoEFICIENCIA-300x256.jpg 300w, https:\/\/grupomarin.org\/nuevaweb\/wp-content\/uploads\/2017\/08\/ecoEFICIENCIA-230x196.jpg 230w, https:\/\/grupomarin.org\/nuevaweb\/wp-content\/uploads\/2017\/08\/ecoEFICIENCIA-350x299.jpg 350w, https:\/\/grupomarin.org\/nuevaweb\/wp-content\/uploads\/2017\/08\/ecoEFICIENCIA-480x410.jpg 480w, https:\/\/grupomarin.org\/nuevaweb\/wp-content\/uploads\/2017\/08\/ecoEFICIENCIA.jpg 498w\" sizes=\"(max-width: 300px) 100vw, 300px\" \/>\t\t\t\t\t\t\t\t\t\t\t\t\t\t<\/div>\n\t\t\t\t\t\t<\/div>\n\t\t\t\t<\/div>\n\t\t\t\t\t\t<\/div>\n\t\t\t\t\t<\/div>\n\t\t<\/div>\n\t\t\t\t<div class=\"elementor-column elementor-col-25 elementor-top-column elementor-element elementor-element-77w35w1\" data-id=\"77w35w1\" data-element_type=\"column\">\n\t\t\t<div class=\"elementor-column-wrap elementor-element-populated\">\n\t\t\t\t\t\t\t<div class=\"elementor-widget-wrap\">\n\t\t\t\t\t\t<div class=\"elementor-element elementor-element-l6x3b68 elementor-widget elementor-widget-image\" data-id=\"l6x3b68\" data-element_type=\"widget\" data-widget_type=\"image.default\">\n\t\t\t\t<div class=\"elementor-widget-container\">\n\t\t\t\t\t\t\t\t<div class=\"elementor-image\">\n\t\t\t\t\t\t\t\t\t\t\t\t<img width=\"300\" height=\"256\" src=\"https:\/\/grupomarin.org\/nuevaweb\/wp-content\/uploads\/2017\/08\/PL-ARTE-300x256.jpg\" class=\"attachment-medium size-medium\" alt=\"secci\u00f3n arte\" loading=\"lazy\" srcset=\"https:\/\/grupomarin.org\/nuevaweb\/wp-content\/uploads\/2017\/08\/PL-ARTE-300x256.jpg 300w, https:\/\/grupomarin.org\/nuevaweb\/wp-content\/uploads\/2017\/08\/PL-ARTE-230x196.jpg 230w, https:\/\/grupomarin.org\/nuevaweb\/wp-content\/uploads\/2017\/08\/PL-ARTE-350x299.jpg 350w, https:\/\/grupomarin.org\/nuevaweb\/wp-content\/uploads\/2017\/08\/PL-ARTE-480x410.jpg 480w, https:\/\/grupomarin.org\/nuevaweb\/wp-content\/uploads\/2017\/08\/PL-ARTE.jpg 498w\" sizes=\"(max-width: 300px) 100vw, 300px\" \/>\t\t\t\t\t\t\t\t\t\t\t\t\t\t<\/div>\n\t\t\t\t\t\t<\/div>\n\t\t\t\t<\/div>\n\t\t\t\t\t\t<\/div>\n\t\t\t\t\t<\/div>\n\t\t<\/div>\n\t\t\t\t<div class=\"elementor-column elementor-col-25 elementor-top-column elementor-element elementor-element-kg42519\" data-id=\"kg42519\" data-element_type=\"column\">\n\t\t\t<div class=\"elementor-column-wrap elementor-element-populated\">\n\t\t\t\t\t\t\t<div class=\"elementor-widget-wrap\">\n\t\t\t\t\t\t<div class=\"elementor-element elementor-element-4pys67c elementor-widget elementor-widget-image\" data-id=\"4pys67c\" data-element_type=\"widget\" data-widget_type=\"image.default\">\n\t\t\t\t<div class=\"elementor-widget-container\">\n\t\t\t\t\t\t\t\t<div class=\"elementor-image\">\n\t\t\t\t\t\t\t\t\t\t\t\t<img width=\"300\" height=\"256\" src=\"https:\/\/grupomarin.org\/nuevaweb\/wp-content\/uploads\/2017\/08\/PLJUEGOS-300x256.jpg\" class=\"attachment-medium size-medium\" alt=\"secci\u00f3n juegos\" loading=\"lazy\" srcset=\"https:\/\/grupomarin.org\/nuevaweb\/wp-content\/uploads\/2017\/08\/PLJUEGOS-300x256.jpg 300w, https:\/\/grupomarin.org\/nuevaweb\/wp-content\/uploads\/2017\/08\/PLJUEGOS-230x196.jpg 230w, https:\/\/grupomarin.org\/nuevaweb\/wp-content\/uploads\/2017\/08\/PLJUEGOS-350x299.jpg 350w, https:\/\/grupomarin.org\/nuevaweb\/wp-content\/uploads\/2017\/08\/PLJUEGOS-480x410.jpg 480w, https:\/\/grupomarin.org\/nuevaweb\/wp-content\/uploads\/2017\/08\/PLJUEGOS.jpg 498w\" sizes=\"(max-width: 300px) 100vw, 300px\" \/>\t\t\t\t\t\t\t\t\t\t\t\t\t\t<\/div>\n\t\t\t\t\t\t<\/div>\n\t\t\t\t<\/div>\n\t\t\t\t\t\t<\/div>\n\t\t\t\t\t<\/div>\n\t\t<\/div>\n\t\t\t\t\t\t\t\t<\/div>\n\t\t\t\t\t<\/div>\n\t\t<\/section>\n\t\t\t\t<section class=\"elementor-section elementor-top-section elementor-element elementor-element-p3puwxc elementor-section-boxed elementor-section-height-default elementor-section-height-default\" data-id=\"p3puwxc\" data-element_type=\"section\">\n\t\t\t\t\t\t<div class=\"elementor-container elementor-column-gap-default\">\n\t\t\t\t\t\t\t<div class=\"elementor-row\">\n\t\t\t\t\t<div class=\"elementor-column elementor-col-100 elementor-top-column elementor-element elementor-element-61srmgd\" data-id=\"61srmgd\" data-element_type=\"column\">\n\t\t\t<div class=\"elementor-column-wrap elementor-element-populated\">\n\t\t\t\t\t\t\t<div class=\"elementor-widget-wrap\">\n\t\t\t\t\t\t<div class=\"elementor-element elementor-element-4jsr5fn elementor-widget elementor-widget-spacer\" data-id=\"4jsr5fn\" data-element_type=\"widget\" data-widget_type=\"spacer.default\">\n\t\t\t\t<div class=\"elementor-widget-container\">\n\t\t\t\t\t<div class=\"elementor-spacer\">\n\t\t\t<div class=\"elementor-spacer-inner\"><\/div>\n\t\t<\/div>\n\t\t\t\t<\/div>\n\t\t\t\t<\/div>\n\t\t\t\t<div class=\"elementor-element elementor-element-nvp9vxi elementor-widget elementor-widget-text-editor\" data-id=\"nvp9vxi\" data-element_type=\"widget\" data-widget_type=\"text-editor.default\">\n\t\t\t\t<div class=\"elementor-widget-container\">\n\t\t\t\t\t\t\t\t<div class=\"elementor-text-editor elementor-clearfix\">\n\t\t\t\t<p><span style=\"font-weight: 400;\">Se generan actividades semanales que tienen como fin \u00faltimo estimular la autonom\u00eda, seguridad personal, conciencia sobre el cuidado del ambiente, interacci\u00f3n con otros, tolerancia. <\/span><\/p><p><span style=\"font-weight: 400;\">Es un objetivo del nivel brindarle herramientas para adquirir habilidades sociales y estimular un trabajo introspectivo para ayudar a crecer en el registro de las emociones. <\/span><\/p><p><span style=\"font-weight: 400;\">Apoyados en el dise\u00f1o curricular, pensando un uso funcional del lenguaje, estimulamos mediante diferentes propuestas la adquisici\u00f3n de herramientas que faciliten, a posteriori, el proceso de lectoescritura.<br \/><\/span><\/p>\t\t\t\t\t<\/div>\n\t\t\t\t\t\t<\/div>\n\t\t\t\t<\/div>\n\t\t\t\t<div class=\"elementor-element elementor-element-k0uatcb elementor-widget elementor-widget-spacer\" data-id=\"k0uatcb\" data-element_type=\"widget\" data-widget_type=\"spacer.default\">\n\t\t\t\t<div class=\"elementor-widget-container\">\n\t\t\t\t\t<div class=\"elementor-spacer\">\n\t\t\t<div class=\"elementor-spacer-inner\"><\/div>\n\t\t<\/div>\n\t\t\t\t<\/div>\n\t\t\t\t<\/div>\n\t\t\t\t\t\t<\/div>\n\t\t\t\t\t<\/div>\n\t\t<\/div>\n\t\t\t\t\t\t\t\t<\/div>\n\t\t\t\t\t<\/div>\n\t\t<\/section>\n\t\t\t\t<section class=\"elementor-section elementor-top-section elementor-element elementor-element-g3qi4h4 elementor-section-boxed elementor-section-height-default elementor-section-height-default\" data-id=\"g3qi4h4\" data-element_type=\"section\">\n\t\t\t\t\t\t<div class=\"elementor-container elementor-column-gap-default\">\n\t\t\t\t\t\t\t<div class=\"elementor-row\">\n\t\t\t\t\t<div class=\"elementor-column elementor-col-33 elementor-top-column elementor-element elementor-element-bp3xtr0\" data-id=\"bp3xtr0\" data-element_type=\"column\">\n\t\t\t<div class=\"elementor-column-wrap elementor-element-populated\">\n\t\t\t\t\t\t\t<div class=\"elementor-widget-wrap\">\n\t\t\t\t\t\t<div class=\"elementor-element elementor-element-lthrv7b elementor-widget elementor-widget-image\" data-id=\"lthrv7b\" data-element_type=\"widget\" data-widget_type=\"image.default\">\n\t\t\t\t<div class=\"elementor-widget-container\">\n\t\t\t\t\t\t\t\t<div class=\"elementor-image\">\n\t\t\t\t\t\t\t\t\t\t\t\t<img width=\"300\" height=\"256\" src=\"https:\/\/grupomarin.org\/nuevaweb\/wp-content\/uploads\/2017\/08\/PLMUSICA-300x256.jpg\" class=\"attachment-medium size-medium\" alt=\"secci\u00f3n m\u00fasica\" loading=\"lazy\" srcset=\"https:\/\/grupomarin.org\/nuevaweb\/wp-content\/uploads\/2017\/08\/PLMUSICA-300x256.jpg 300w, https:\/\/grupomarin.org\/nuevaweb\/wp-content\/uploads\/2017\/08\/PLMUSICA-230x196.jpg 230w, https:\/\/grupomarin.org\/nuevaweb\/wp-content\/uploads\/2017\/08\/PLMUSICA-350x299.jpg 350w, https:\/\/grupomarin.org\/nuevaweb\/wp-content\/uploads\/2017\/08\/PLMUSICA-480x410.jpg 480w, https:\/\/grupomarin.org\/nuevaweb\/wp-content\/uploads\/2017\/08\/PLMUSICA.jpg 498w\" sizes=\"(max-width: 300px) 100vw, 300px\" \/>\t\t\t\t\t\t\t\t\t\t\t\t\t\t<\/div>\n\t\t\t\t\t\t<\/div>\n\t\t\t\t<\/div>\n\t\t\t\t\t\t<\/div>\n\t\t\t\t\t<\/div>\n\t\t<\/div>\n\t\t\t\t<div class=\"elementor-column elementor-col-33 elementor-top-column elementor-element elementor-element-zwq76d7\" data-id=\"zwq76d7\" data-element_type=\"column\">\n\t\t\t<div class=\"elementor-column-wrap elementor-element-populated\">\n\t\t\t\t\t\t\t<div class=\"elementor-widget-wrap\">\n\t\t\t\t\t\t<div class=\"elementor-element elementor-element-vdu5hnj elementor-widget elementor-widget-image\" data-id=\"vdu5hnj\" data-element_type=\"widget\" data-widget_type=\"image.default\">\n\t\t\t\t<div class=\"elementor-widget-container\">\n\t\t\t\t\t\t\t\t<div class=\"elementor-image\">\n\t\t\t\t\t\t\t\t\t\t\t\t<img width=\"300\" height=\"256\" src=\"https:\/\/grupomarin.org\/nuevaweb\/wp-content\/uploads\/2017\/08\/PLEDFISICA-300x256.jpg\" class=\"attachment-medium size-medium\" alt=\"secci\u00f3n educaci\u00f3n f\u00edsica\" loading=\"lazy\" srcset=\"https:\/\/grupomarin.org\/nuevaweb\/wp-content\/uploads\/2017\/08\/PLEDFISICA-300x256.jpg 300w, https:\/\/grupomarin.org\/nuevaweb\/wp-content\/uploads\/2017\/08\/PLEDFISICA-230x196.jpg 230w, https:\/\/grupomarin.org\/nuevaweb\/wp-content\/uploads\/2017\/08\/PLEDFISICA-350x299.jpg 350w, https:\/\/grupomarin.org\/nuevaweb\/wp-content\/uploads\/2017\/08\/PLEDFISICA-480x410.jpg 480w, https:\/\/grupomarin.org\/nuevaweb\/wp-content\/uploads\/2017\/08\/PLEDFISICA.jpg 498w\" sizes=\"(max-width: 300px) 100vw, 300px\" \/>\t\t\t\t\t\t\t\t\t\t\t\t\t\t<\/div>\n\t\t\t\t\t\t<\/div>\n\t\t\t\t<\/div>\n\t\t\t\t\t\t<\/div>\n\t\t\t\t\t<\/div>\n\t\t<\/div>\n\t\t\t\t<div class=\"elementor-column elementor-col-33 elementor-top-column elementor-element elementor-element-z42lgrh\" data-id=\"z42lgrh\" data-element_type=\"column\">\n\t\t\t<div class=\"elementor-column-wrap elementor-element-populated\">\n\t\t\t\t\t\t\t<div class=\"elementor-widget-wrap\">\n\t\t\t\t\t\t<div class=\"elementor-element elementor-element-9genwed elementor-widget elementor-widget-image\" data-id=\"9genwed\" data-element_type=\"widget\" data-widget_type=\"image.default\">\n\t\t\t\t<div class=\"elementor-widget-container\">\n\t\t\t\t\t\t\t\t<div class=\"elementor-image\">\n\t\t\t\t\t\t\t\t\t\t\t\t<img width=\"300\" height=\"256\" src=\"https:\/\/grupomarin.org\/nuevaweb\/wp-content\/uploads\/2017\/08\/PLPASTORAL-300x256.jpg\" class=\"attachment-medium size-medium\" alt=\"secci\u00f3n pastoral\" loading=\"lazy\" srcset=\"https:\/\/grupomarin.org\/nuevaweb\/wp-content\/uploads\/2017\/08\/PLPASTORAL-300x256.jpg 300w, https:\/\/grupomarin.org\/nuevaweb\/wp-content\/uploads\/2017\/08\/PLPASTORAL-230x196.jpg 230w, https:\/\/grupomarin.org\/nuevaweb\/wp-content\/uploads\/2017\/08\/PLPASTORAL-350x299.jpg 350w, https:\/\/grupomarin.org\/nuevaweb\/wp-content\/uploads\/2017\/08\/PLPASTORAL-480x410.jpg 480w, https:\/\/grupomarin.org\/nuevaweb\/wp-content\/uploads\/2017\/08\/PLPASTORAL.jpg 498w\" sizes=\"(max-width: 300px) 100vw, 300px\" \/>\t\t\t\t\t\t\t\t\t\t\t\t\t\t<\/div>\n\t\t\t\t\t\t<\/div>\n\t\t\t\t<\/div>\n\t\t\t\t\t\t<\/div>\n\t\t\t\t\t<\/div>\n\t\t<\/div>\n\t\t\t\t\t\t\t\t<\/div>\n\t\t\t\t\t<\/div>\n\t\t<\/section>\n\t\t\t\t\t\t\t\t\t<\/div>\n\t\t\t<\/div>\n\t\t\t\t\t<\/div>\n\t\t","protected":false},"excerpt":{"rendered":"<p>En nivel inicial buscamos a [&hellip;]<\/p>\n","protected":false},"author":1,"featured_media":0,"parent":3306,"menu_order":0,"comment_status":"closed","ping_status":"closed","template":"page-templates\/page_fullwidth.php","meta":[],"_links":{"self":[{"href":"https:\/\/grupomarin.org\/nuevaweb\/wp-json\/wp\/v2\/pages\/3388"}],"collection":[{"href":"https:\/\/grupomarin.org\/nuevaweb\/wp-json\/wp\/v2\/pages"}],"about":[{"href":"https:\/\/grupomarin.org\/nuevaweb\/wp-json\/wp\/v2\/types\/page"}],"author":[{"embeddable":true,"href":"https:\/\/grupomarin.org\/nuevaweb\/wp-json\/wp\/v2\/users\/1"}],"replies":[{"embeddable":true,"href":"https:\/\/grupomarin.org\/nuevaweb\/wp-json\/wp\/v2\/comments?post=3388"}],"version-history":[{"count":10,"href":"https:\/\/grupomarin.org\/nuevaweb\/wp-json\/wp\/v2\/pages\/3388\/revisions"}],"predecessor-version":[{"id":5294,"href":"https:\/\/grupomarin.org\/nuevaweb\/wp-json\/wp\/v2\/pages\/3388\/revisions\/5294"}],"up":[{"embeddable":true,"href":"https:\/\/grupomarin.org\/nuevaweb\/wp-json\/wp\/v2\/pages\/3306"}],"wp:attachment":[{"href":"https:\/\/grupomarin.org\/nuevaweb\/wp-json\/wp\/v2\/media?parent=3388"}],"curies":[{"name":"wp","href":"https:\/\/api.w.org\/{rel}","templated":true}]}}