{"id":3369,"date":"2017-08-08T19:03:18","date_gmt":"2017-08-08T19:03:18","guid":{"rendered":"http:\/\/grupomarin.org\/nuevaweb\/?page_id=3369"},"modified":"2019-08-08T15:18:37","modified_gmt":"2019-08-08T15:18:37","slug":"talleres-placido","status":"publish","type":"page","link":"https:\/\/grupomarin.org\/nuevaweb\/placido-marin-2\/talleres-placido\/","title":{"rendered":"talleres placido"},"content":{"rendered":"\t\t<div data-elementor-type=\"wp-post\" data-elementor-id=\"3369\" class=\"elementor elementor-3369 elementor-bc-flex-widget\">\n\t\t\t\t\t\t<div class=\"elementor-inner\">\n\t\t\t\t<div class=\"elementor-section-wrap\">\n\t\t\t\t\t\t\t\t\t<section class=\"elementor-section elementor-top-section elementor-element elementor-element-i0leyk0 elementor-section-boxed elementor-section-height-default elementor-section-height-default\" data-id=\"i0leyk0\" data-element_type=\"section\">\n\t\t\t\t\t\t<div class=\"elementor-container elementor-column-gap-default\">\n\t\t\t\t\t\t\t<div class=\"elementor-row\">\n\t\t\t\t\t<div class=\"elementor-column elementor-col-100 elementor-top-column elementor-element elementor-element-ms13t3i\" data-id=\"ms13t3i\" data-element_type=\"column\">\n\t\t\t<div class=\"elementor-column-wrap elementor-element-populated\">\n\t\t\t\t\t\t\t<div class=\"elementor-widget-wrap\">\n\t\t\t\t\t\t<div class=\"elementor-element elementor-element-7tiy8ui elementor-widget elementor-widget-image\" data-id=\"7tiy8ui\" data-element_type=\"widget\" data-widget_type=\"image.default\">\n\t\t\t\t<div class=\"elementor-widget-container\">\n\t\t\t\t\t\t\t\t<div class=\"elementor-image\">\n\t\t\t\t\t\t\t\t\t\t\t\t<img width=\"1600\" height=\"616\" src=\"https:\/\/grupomarin.org\/nuevaweb\/wp-content\/uploads\/2017\/08\/taller.jpg\" class=\"attachment-full size-full\" alt=\"ni\u00f1os jugando\" loading=\"lazy\" srcset=\"https:\/\/grupomarin.org\/nuevaweb\/wp-content\/uploads\/2017\/08\/taller.jpg 1600w, https:\/\/grupomarin.org\/nuevaweb\/wp-content\/uploads\/2017\/08\/taller-300x116.jpg 300w, https:\/\/grupomarin.org\/nuevaweb\/wp-content\/uploads\/2017\/08\/taller-768x296.jpg 768w, https:\/\/grupomarin.org\/nuevaweb\/wp-content\/uploads\/2017\/08\/taller-1024x394.jpg 1024w, https:\/\/grupomarin.org\/nuevaweb\/wp-content\/uploads\/2017\/08\/taller-830x320.jpg 830w, https:\/\/grupomarin.org\/nuevaweb\/wp-content\/uploads\/2017\/08\/taller-230x89.jpg 230w, https:\/\/grupomarin.org\/nuevaweb\/wp-content\/uploads\/2017\/08\/taller-350x135.jpg 350w, https:\/\/grupomarin.org\/nuevaweb\/wp-content\/uploads\/2017\/08\/taller-480x185.jpg 480w\" sizes=\"(max-width: 1600px) 100vw, 1600px\" \/>\t\t\t\t\t\t\t\t\t\t\t\t\t\t<\/div>\n\t\t\t\t\t\t<\/div>\n\t\t\t\t<\/div>\n\t\t\t\t<div class=\"elementor-element elementor-element-u4l459n elementor-widget elementor-widget-spacer\" data-id=\"u4l459n\" data-element_type=\"widget\" data-widget_type=\"spacer.default\">\n\t\t\t\t<div class=\"elementor-widget-container\">\n\t\t\t\t\t<div class=\"elementor-spacer\">\n\t\t\t<div class=\"elementor-spacer-inner\"><\/div>\n\t\t<\/div>\n\t\t\t\t<\/div>\n\t\t\t\t<\/div>\n\t\t\t\t<div class=\"elementor-element elementor-element-t7lq0rj elementor-widget-divider--view-line elementor-widget elementor-widget-divider\" data-id=\"t7lq0rj\" data-element_type=\"widget\" data-widget_type=\"divider.default\">\n\t\t\t\t<div class=\"elementor-widget-container\">\n\t\t\t\t\t<div class=\"elementor-divider\">\n\t\t\t<span class=\"elementor-divider-separator\">\n\t\t\t\t\t\t<\/span>\n\t\t<\/div>\n\t\t\t\t<\/div>\n\t\t\t\t<\/div>\n\t\t\t\t\t\t<\/div>\n\t\t\t\t\t<\/div>\n\t\t<\/div>\n\t\t\t\t\t\t\t\t<\/div>\n\t\t\t\t\t<\/div>\n\t\t<\/section>\n\t\t\t\t<section class=\"elementor-section elementor-top-section elementor-element elementor-element-awuthru elementor-section-boxed elementor-section-height-default elementor-section-height-default\" data-id=\"awuthru\" data-element_type=\"section\">\n\t\t\t\t\t\t<div class=\"elementor-container elementor-column-gap-default\">\n\t\t\t\t\t\t\t<div class=\"elementor-row\">\n\t\t\t\t\t<div class=\"elementor-column elementor-col-100 elementor-top-column elementor-element elementor-element-wiamfzb\" data-id=\"wiamfzb\" data-element_type=\"column\">\n\t\t\t<div class=\"elementor-column-wrap elementor-element-populated\">\n\t\t\t\t\t\t\t<div class=\"elementor-widget-wrap\">\n\t\t\t\t\t\t<div class=\"elementor-element elementor-element-wwsjqsm elementor-widget elementor-widget-text-editor\" data-id=\"wwsjqsm\" data-element_type=\"widget\" data-widget_type=\"text-editor.default\">\n\t\t\t\t<div class=\"elementor-widget-container\">\n\t\t\t\t\t\t\t\t<div class=\"elementor-text-editor elementor-clearfix\">\n\t\t\t\t<h4><span style=\"font-weight: 400;\">El colegio cuenta con una propuesta de talleres que busca ampliar las experiencias de aprendizaje, teniendo en cuenta las necesidades e inquietudes de los alumnos.\u00a0<\/span><span style=\"font-weight: 400;\">Con esta propuesta, se logra al mismo tiempo el objetivo de la Jornada Completa.<\/span><\/h4>\t\t\t\t\t<\/div>\n\t\t\t\t\t\t<\/div>\n\t\t\t\t<\/div>\n\t\t\t\t<div class=\"elementor-element elementor-element-oyux3zm elementor-widget-divider--view-line elementor-widget elementor-widget-divider\" data-id=\"oyux3zm\" data-element_type=\"widget\" data-widget_type=\"divider.default\">\n\t\t\t\t<div class=\"elementor-widget-container\">\n\t\t\t\t\t<div class=\"elementor-divider\">\n\t\t\t<span class=\"elementor-divider-separator\">\n\t\t\t\t\t\t<\/span>\n\t\t<\/div>\n\t\t\t\t<\/div>\n\t\t\t\t<\/div>\n\t\t\t\t\t\t<\/div>\n\t\t\t\t\t<\/div>\n\t\t<\/div>\n\t\t\t\t\t\t\t\t<\/div>\n\t\t\t\t\t<\/div>\n\t\t<\/section>\n\t\t\t\t<section class=\"elementor-section elementor-top-section elementor-element elementor-element-j16ppip elementor-section-boxed elementor-section-height-default elementor-section-height-default\" data-id=\"j16ppip\" data-element_type=\"section\">\n\t\t\t\t\t\t<div class=\"elementor-container elementor-column-gap-default\">\n\t\t\t\t\t\t\t<div class=\"elementor-row\">\n\t\t\t\t\t<div class=\"elementor-column elementor-col-33 elementor-top-column elementor-element elementor-element-iq3af2s\" data-id=\"iq3af2s\" data-element_type=\"column\">\n\t\t\t<div class=\"elementor-column-wrap elementor-element-populated\">\n\t\t\t\t\t\t\t<div class=\"elementor-widget-wrap\">\n\t\t\t\t\t\t<div class=\"elementor-element elementor-element-lgw3nuj elementor-widget elementor-widget-heading\" data-id=\"lgw3nuj\" data-element_type=\"widget\" data-widget_type=\"heading.default\">\n\t\t\t\t<div class=\"elementor-widget-container\">\n\t\t\t<h2 class=\"elementor-heading-title elementor-size-medium\">Nivel Inicial<\/h2>\t\t<\/div>\n\t\t\t\t<\/div>\n\t\t\t\t<div class=\"elementor-element elementor-element-wn24dse elementor-widget elementor-widget-text-editor\" data-id=\"wn24dse\" data-element_type=\"widget\" data-widget_type=\"text-editor.default\">\n\t\t\t\t<div class=\"elementor-widget-container\">\n\t\t\t\t\t\t\t\t<div class=\"elementor-text-editor elementor-clearfix\">\n\t\t\t\t<p><strong>Sala de 3<\/strong><\/p><p><span style=\"font-weight: 400;\">Se realizan encuentros que propicien el v\u00ednculo, el juego y la comunicaci\u00f3n entre padres e hijos. Los alumnos deben asistir acompa\u00f1ados por un adulto, mayor de diesiocho a\u00f1os, sin ning\u00fan dispositivo m\u00f3vil.\u00a0<\/span><\/p><hr \/><p><strong>Salas de 4 y 5<\/strong><\/p><p>Trabajan en la modalidad de Proyectos, pudiendo elegir entre las diferentes propuestas de acuerdo a sus intereses. Las propuestas son:<\/p><p>\u2022 <span style=\"color: #bfa437;\">Manualidades<\/span>, a partir de la utilizaci\u00f3n de distintas herramientas se busca el dominio de la motricidad fina.<\/p><p>\u2022 <span style=\"color: #bfa437;\">Cocina<\/span>, se trabaja la estimulaci\u00f3n sensorial a trav\u00e9s de distintas texturas, olores y sabores.<\/p><p>\u2022 <span style=\"color: #bfa437;\">Baile<\/span>, se propicia a trav\u00e9s del movimiento descubrir las posibilidades motrices del propio cuerpo.<\/p>\t\t\t\t\t<\/div>\n\t\t\t\t\t\t<\/div>\n\t\t\t\t<\/div>\n\t\t\t\t<div class=\"elementor-element elementor-element-f8880ee elementor-widget elementor-widget-image\" data-id=\"f8880ee\" data-element_type=\"widget\" data-widget_type=\"image.default\">\n\t\t\t\t<div class=\"elementor-widget-container\">\n\t\t\t\t\t\t\t\t<div class=\"elementor-image\">\n\t\t\t\t\t\t\t\t\t\t\t\t<img width=\"720\" height=\"960\" src=\"https:\/\/grupomarin.org\/nuevaweb\/wp-content\/uploads\/2019\/08\/54236955_2129676057121930_9046174102972268544_n.jpg\" class=\"attachment-large size-large\" alt=\"\" loading=\"lazy\" srcset=\"https:\/\/grupomarin.org\/nuevaweb\/wp-content\/uploads\/2019\/08\/54236955_2129676057121930_9046174102972268544_n.jpg 720w, https:\/\/grupomarin.org\/nuevaweb\/wp-content\/uploads\/2019\/08\/54236955_2129676057121930_9046174102972268544_n-225x300.jpg 225w, https:\/\/grupomarin.org\/nuevaweb\/wp-content\/uploads\/2019\/08\/54236955_2129676057121930_9046174102972268544_n-230x307.jpg 230w, https:\/\/grupomarin.org\/nuevaweb\/wp-content\/uploads\/2019\/08\/54236955_2129676057121930_9046174102972268544_n-350x467.jpg 350w, https:\/\/grupomarin.org\/nuevaweb\/wp-content\/uploads\/2019\/08\/54236955_2129676057121930_9046174102972268544_n-480x640.jpg 480w\" sizes=\"(max-width: 720px) 100vw, 720px\" \/>\t\t\t\t\t\t\t\t\t\t\t\t\t\t<\/div>\n\t\t\t\t\t\t<\/div>\n\t\t\t\t<\/div>\n\t\t\t\t<div class=\"elementor-element elementor-element-68gi8ew elementor-widget-divider--view-line elementor-widget elementor-widget-divider\" data-id=\"68gi8ew\" data-element_type=\"widget\" data-widget_type=\"divider.default\">\n\t\t\t\t<div class=\"elementor-widget-container\">\n\t\t\t\t\t<div class=\"elementor-divider\">\n\t\t\t<span class=\"elementor-divider-separator\">\n\t\t\t\t\t\t<\/span>\n\t\t<\/div>\n\t\t\t\t<\/div>\n\t\t\t\t<\/div>\n\t\t\t\t\t\t<\/div>\n\t\t\t\t\t<\/div>\n\t\t<\/div>\n\t\t\t\t<div class=\"elementor-column elementor-col-33 elementor-top-column elementor-element elementor-element-gjbg81h\" data-id=\"gjbg81h\" data-element_type=\"column\">\n\t\t\t<div class=\"elementor-column-wrap elementor-element-populated\">\n\t\t\t\t\t\t\t<div class=\"elementor-widget-wrap\">\n\t\t\t\t\t\t<div class=\"elementor-element elementor-element-uw1908p elementor-widget elementor-widget-heading\" data-id=\"uw1908p\" data-element_type=\"widget\" data-widget_type=\"heading.default\">\n\t\t\t\t<div class=\"elementor-widget-container\">\n\t\t\t<h2 class=\"elementor-heading-title elementor-size-medium\">Nivel Primario<\/h2>\t\t<\/div>\n\t\t\t\t<\/div>\n\t\t\t\t<div class=\"elementor-element elementor-element-7bpwrh9 elementor-widget elementor-widget-text-editor\" data-id=\"7bpwrh9\" data-element_type=\"widget\" data-widget_type=\"text-editor.default\">\n\t\t\t\t<div class=\"elementor-widget-container\">\n\t\t\t\t\t\t\t\t<div class=\"elementor-text-editor elementor-clearfix\">\n\t\t\t\t<p><span style=\"font-weight: 400;\">Actualmente durante las tardes se dicta una propuesta de talleres muy variada:<\/span><\/p><p>\u2022 <span style=\"color: #bfa437;\">Ayuda Deberes<\/span>, se ofrece un espacio para la realizaci\u00f3n de actividades relacionadas con las \u00e1reas curriculares.<\/p><p>\u2022<span style=\"color: #bfa437;\"> Estrategias de Estudio<\/span>, a partir de los textos abordados en el aula se trabajan las distintas estrategias para una buena comprensi\u00f3n.<\/p><p>\u2022 <span style=\"color: #bfa437;\">Motricidad<\/span>, en un mundo tan tecnol\u00f3gico buscamos realizar actividades que desarrollen y estimulen el dominio de la motricidad fina.<\/p><p>\u2022 <span style=\"color: #bfa437;\">Deporte<\/span>, se busca favorecer las habilidades sociales a trav\u00e9s de juegos deportivos.<\/p><p>\u2022 <span style=\"color: #bfa437;\">Computaci\u00f3n<\/span>, se desarrollan actividades para la adquisici\u00f3n y el manejo de herramientas inform\u00e1ticas.<\/p><p>\u2022 <span style=\"color: #bfa437;\">Educaci\u00f3n Ambiental<\/span>, se trabaja en la concientizaci\u00f3n del cuidado del medio ambiente y la reutilizaci\u00f3n de los materiales.<\/p><p>\u2022 <span style=\"color: #bfa437;\">Juegos guiados<\/span>, se fomenta el trabajo con el otro, la tolerancia a la frustraci\u00f3n y la autorregulaci\u00f3n de conductas mediante el conocimiento de pautas.<\/p><p>\u2022 <span style=\"color: #bfa437;\">Panader\u00eda<\/span>, los alumnos de 6to adquieren conocimientos b\u00e1sicos de panader\u00eda y de seguridad e higiene.<\/p><p>\u2022 <span style=\"color: #bfa437;\">Pastoral<\/span>, atendiendo a Nuestra Misi\u00f3n, buscamos a trav\u00e9s del Evangelio iluminar situaciones de la vida cotidiana, acercando a los ni\u00f1os a vivir como Jes\u00fas nos ense\u00f1a. <\/p>\t\t\t\t\t<\/div>\n\t\t\t\t\t\t<\/div>\n\t\t\t\t<\/div>\n\t\t\t\t<div class=\"elementor-element elementor-element-w1qltob elementor-widget-divider--view-line elementor-widget elementor-widget-divider\" data-id=\"w1qltob\" data-element_type=\"widget\" data-widget_type=\"divider.default\">\n\t\t\t\t<div class=\"elementor-widget-container\">\n\t\t\t\t\t<div class=\"elementor-divider\">\n\t\t\t<span class=\"elementor-divider-separator\">\n\t\t\t\t\t\t<\/span>\n\t\t<\/div>\n\t\t\t\t<\/div>\n\t\t\t\t<\/div>\n\t\t\t\t\t\t<\/div>\n\t\t\t\t\t<\/div>\n\t\t<\/div>\n\t\t\t\t<div class=\"elementor-column elementor-col-33 elementor-top-column elementor-element elementor-element-8boyu8c\" data-id=\"8boyu8c\" data-element_type=\"column\">\n\t\t\t<div class=\"elementor-column-wrap elementor-element-populated\">\n\t\t\t\t\t\t\t<div class=\"elementor-widget-wrap\">\n\t\t\t\t\t\t<div class=\"elementor-element elementor-element-4gdoi34 elementor-widget elementor-widget-heading\" data-id=\"4gdoi34\" data-element_type=\"widget\" data-widget_type=\"heading.default\">\n\t\t\t\t<div class=\"elementor-widget-container\">\n\t\t\t<h2 class=\"elementor-heading-title elementor-size-medium\">Nivel Secundario<\/h2>\t\t<\/div>\n\t\t\t\t<\/div>\n\t\t\t\t<div class=\"elementor-element elementor-element-bsf1818 elementor-widget elementor-widget-text-editor\" data-id=\"bsf1818\" data-element_type=\"widget\" data-widget_type=\"text-editor.default\">\n\t\t\t\t<div class=\"elementor-widget-container\">\n\t\t\t\t\t\t\t\t<div class=\"elementor-text-editor elementor-clearfix\">\n\t\t\t\t<p><span style=\"font-weight: 400;\">A partir de espacios se promueve el desarrollo de proyectos que complementan la jornada escolar habitual permitiendo intensificar aprendizajes y experiencias.\u00a0<\/span><\/p><p>Los talleres son:<\/p><p>\u2022 <span style=\"color: #bfa437;\">Hip Hip<\/span> (destrezas de baile)<\/p><p>\u2022 <span style=\"color: #bfa437;\">M\u00fasica<\/span> (interpretaci\u00f3n de instrumentos, ensamble musical)<\/p><p>\u2022 <span style=\"color: #bfa437;\">Pl\u00e1stica<\/span> (trabajos de expresi\u00f3n art\u00edstica con diferentes t\u00e9cnicas)<\/p><p>\u2022 <span style=\"color: #bfa437;\">Canto<\/span> (interpretaci\u00f3n musical a trav\u00e9s del trabajo vocal)<\/p><p>\u2022 <span style=\"color: #bfa437;\">Taller de Teatro<\/span> (trabajo corporal y actuaci\u00f3n)<\/p><p>\u2022 <span style=\"color: #bfa437;\">Radio<\/span> (programa de radio que desarrolla la oralidad)<\/p><p>\u2022 <span style=\"color: #bfa437;\">Inform\u00e1tica <\/span><\/p><p>\u2022 <span style=\"color: #bfa437;\">Biblioteca<\/span> (lectura placentera de textos literarios con espacio para la sociabilizaci\u00f3n y el intercambio)<\/p><p>\u2022 <span style=\"color: #bfa437;\">Orientaci\u00f3n vocacional<\/span> (orientaci\u00f3n grupal para el acercamiento a los estudios universitarios y terciarios; acompa\u00f1amiento individual para el descubrimiento de la propia vocaci\u00f3n)<\/p><p>\u2022 <span style=\"color: #bfa437;\">Taller de pensamiento matem\u00e1tico<\/span> (resoluci\u00f3n de problemas matem\u00e1ticos)<\/p><p>Formaci\u00f3n Profesional (segundo ciclo del secundario)<\/p><p>o <span style=\"color: #bfa437;\">Electricidad y arreglo de electrodom\u00e9sticos<\/span><\/p><p>o <span style=\"color: #bfa437;\">Huerta y Jardiner\u00eda<\/span><\/p><p>o <span style=\"color: #bfa437;\">Computaci\u00f3n y herramientas de dise\u00f1o gr\u00e1fico<\/span><\/p>\t\t\t\t\t<\/div>\n\t\t\t\t\t\t<\/div>\n\t\t\t\t<\/div>\n\t\t\t\t<div class=\"elementor-element elementor-element-1wn87ly elementor-widget-divider--view-line elementor-widget elementor-widget-divider\" data-id=\"1wn87ly\" data-element_type=\"widget\" data-widget_type=\"divider.default\">\n\t\t\t\t<div class=\"elementor-widget-container\">\n\t\t\t\t\t<div class=\"elementor-divider\">\n\t\t\t<span class=\"elementor-divider-separator\">\n\t\t\t\t\t\t<\/span>\n\t\t<\/div>\n\t\t\t\t<\/div>\n\t\t\t\t<\/div>\n\t\t\t\t\t\t<\/div>\n\t\t\t\t\t<\/div>\n\t\t<\/div>\n\t\t\t\t\t\t\t\t<\/div>\n\t\t\t\t\t<\/div>\n\t\t<\/section>\n\t\t\t\t\t\t\t\t\t<\/div>\n\t\t\t<\/div>\n\t\t\t\t\t<\/div>\n\t\t","protected":false},"excerpt":{"rendered":"<p>El colegio cuenta con una [&hellip;]<\/p>\n","protected":false},"author":1,"featured_media":0,"parent":3306,"menu_order":0,"comment_status":"closed","ping_status":"closed","template":"page-templates\/page_fullwidth.php","meta":[],"_links":{"self":[{"href":"https:\/\/grupomarin.org\/nuevaweb\/wp-json\/wp\/v2\/pages\/3369"}],"collection":[{"href":"https:\/\/grupomarin.org\/nuevaweb\/wp-json\/wp\/v2\/pages"}],"about":[{"href":"https:\/\/grupomarin.org\/nuevaweb\/wp-json\/wp\/v2\/types\/page"}],"author":[{"embeddable":true,"href":"https:\/\/grupomarin.org\/nuevaweb\/wp-json\/wp\/v2\/users\/1"}],"replies":[{"embeddable":true,"href":"https:\/\/grupomarin.org\/nuevaweb\/wp-json\/wp\/v2\/comments?post=3369"}],"version-history":[{"count":10,"href":"https:\/\/grupomarin.org\/nuevaweb\/wp-json\/wp\/v2\/pages\/3369\/revisions"}],"predecessor-version":[{"id":5348,"href":"https:\/\/grupomarin.org\/nuevaweb\/wp-json\/wp\/v2\/pages\/3369\/revisions\/5348"}],"up":[{"embeddable":true,"href":"https:\/\/grupomarin.org\/nuevaweb\/wp-json\/wp\/v2\/pages\/3306"}],"wp:attachment":[{"href":"https:\/\/grupomarin.org\/nuevaweb\/wp-json\/wp\/v2\/media?parent=3369"}],"curies":[{"name":"wp","href":"https:\/\/api.w.org\/{rel}","templated":true}]}}