{"id":3347,"date":"2017-08-08T16:59:57","date_gmt":"2017-08-08T16:59:57","guid":{"rendered":"http:\/\/grupomarin.org\/nuevaweb\/?page_id=3347"},"modified":"2019-08-08T15:02:39","modified_gmt":"2019-08-08T15:02:39","slug":"programas-placido","status":"publish","type":"page","link":"https:\/\/grupomarin.org\/nuevaweb\/placido-marin-2\/programas-placido\/","title":{"rendered":"programas placido"},"content":{"rendered":"\t\t<div data-elementor-type=\"wp-post\" data-elementor-id=\"3347\" class=\"elementor elementor-3347 elementor-bc-flex-widget\">\n\t\t\t\t\t\t<div class=\"elementor-inner\">\n\t\t\t\t<div class=\"elementor-section-wrap\">\n\t\t\t\t\t\t\t\t\t<section class=\"elementor-section elementor-top-section elementor-element elementor-element-7owx1li elementor-section-boxed elementor-section-height-default elementor-section-height-default\" data-id=\"7owx1li\" data-element_type=\"section\">\n\t\t\t\t\t\t<div class=\"elementor-container elementor-column-gap-default\">\n\t\t\t\t\t\t\t<div class=\"elementor-row\">\n\t\t\t\t\t<div class=\"elementor-column elementor-col-100 elementor-top-column elementor-element elementor-element-silg76r\" data-id=\"silg76r\" data-element_type=\"column\">\n\t\t\t<div class=\"elementor-column-wrap elementor-element-populated\">\n\t\t\t\t\t\t\t<div class=\"elementor-widget-wrap\">\n\t\t\t\t\t\t<div class=\"elementor-element elementor-element-31vxy0o elementor-widget elementor-widget-image\" data-id=\"31vxy0o\" data-element_type=\"widget\" data-widget_type=\"image.default\">\n\t\t\t\t<div class=\"elementor-widget-container\">\n\t\t\t\t\t\t\t\t<div class=\"elementor-image\">\n\t\t\t\t\t\t\t\t\t\t\t\t<img width=\"1024\" height=\"394\" src=\"https:\/\/grupomarin.org\/nuevaweb\/wp-content\/uploads\/2017\/08\/progr-1024x394.jpg\" class=\"attachment-large size-large\" alt=\"alumnos estudiando\" loading=\"lazy\" srcset=\"https:\/\/grupomarin.org\/nuevaweb\/wp-content\/uploads\/2017\/08\/progr-1024x394.jpg 1024w, https:\/\/grupomarin.org\/nuevaweb\/wp-content\/uploads\/2017\/08\/progr-300x116.jpg 300w, https:\/\/grupomarin.org\/nuevaweb\/wp-content\/uploads\/2017\/08\/progr-768x296.jpg 768w, https:\/\/grupomarin.org\/nuevaweb\/wp-content\/uploads\/2017\/08\/progr-830x320.jpg 830w, https:\/\/grupomarin.org\/nuevaweb\/wp-content\/uploads\/2017\/08\/progr-230x89.jpg 230w, https:\/\/grupomarin.org\/nuevaweb\/wp-content\/uploads\/2017\/08\/progr-350x135.jpg 350w, https:\/\/grupomarin.org\/nuevaweb\/wp-content\/uploads\/2017\/08\/progr-480x185.jpg 480w, https:\/\/grupomarin.org\/nuevaweb\/wp-content\/uploads\/2017\/08\/progr.jpg 1600w\" sizes=\"(max-width: 1024px) 100vw, 1024px\" \/>\t\t\t\t\t\t\t\t\t\t\t\t\t\t<\/div>\n\t\t\t\t\t\t<\/div>\n\t\t\t\t<\/div>\n\t\t\t\t<div class=\"elementor-element elementor-element-e8wqh8q elementor-widget elementor-widget-heading\" data-id=\"e8wqh8q\" data-element_type=\"widget\" data-widget_type=\"heading.default\">\n\t\t\t\t<div class=\"elementor-widget-container\">\n\t\t\t<h1 class=\"elementor-heading-title elementor-size-large\">Programas<\/h1>\t\t<\/div>\n\t\t\t\t<\/div>\n\t\t\t\t<div class=\"elementor-element elementor-element-xtfghzw elementor-widget-divider--view-line elementor-widget elementor-widget-divider\" data-id=\"xtfghzw\" data-element_type=\"widget\" data-widget_type=\"divider.default\">\n\t\t\t\t<div class=\"elementor-widget-container\">\n\t\t\t\t\t<div class=\"elementor-divider\">\n\t\t\t<span class=\"elementor-divider-separator\">\n\t\t\t\t\t\t<\/span>\n\t\t<\/div>\n\t\t\t\t<\/div>\n\t\t\t\t<\/div>\n\t\t\t\t\t\t<\/div>\n\t\t\t\t\t<\/div>\n\t\t<\/div>\n\t\t\t\t\t\t\t\t<\/div>\n\t\t\t\t\t<\/div>\n\t\t<\/section>\n\t\t\t\t<section class=\"elementor-section elementor-top-section elementor-element elementor-element-kiwi3b2 elementor-section-boxed elementor-section-height-default elementor-section-height-default\" data-id=\"kiwi3b2\" data-element_type=\"section\">\n\t\t\t\t\t\t<div class=\"elementor-container elementor-column-gap-default\">\n\t\t\t\t\t\t\t<div class=\"elementor-row\">\n\t\t\t\t\t<div class=\"elementor-column elementor-col-33 elementor-top-column elementor-element elementor-element-0e3dng5\" data-id=\"0e3dng5\" data-element_type=\"column\">\n\t\t\t<div class=\"elementor-column-wrap elementor-element-populated\">\n\t\t\t\t\t\t\t<div class=\"elementor-widget-wrap\">\n\t\t\t\t\t\t<div class=\"elementor-element elementor-element-ve15i5s elementor-widget elementor-widget-heading\" data-id=\"ve15i5s\" data-element_type=\"widget\" data-widget_type=\"heading.default\">\n\t\t\t\t<div class=\"elementor-widget-container\">\n\t\t\t<h2 class=\"elementor-heading-title elementor-size-small\">Programa de Acompa\u00f1amiento Personalizado a Alumnos <\/h2>\t\t<\/div>\n\t\t\t\t<\/div>\n\t\t\t\t<div class=\"elementor-element elementor-element-r2fs8x1 elementor-widget elementor-widget-image\" data-id=\"r2fs8x1\" data-element_type=\"widget\" data-widget_type=\"image.default\">\n\t\t\t\t<div class=\"elementor-widget-container\">\n\t\t\t\t\t\t\t\t<div class=\"elementor-image\">\n\t\t\t\t\t\t\t\t\t\t\t\t<img width=\"350\" height=\"233\" src=\"https:\/\/grupomarin.org\/nuevaweb\/wp-content\/uploads\/2017\/08\/DSC_0482-350x233.jpg\" class=\"attachment-sydney-service-thumb size-sydney-service-thumb\" alt=\"alumnos en clase con su maestra\" loading=\"lazy\" srcset=\"https:\/\/grupomarin.org\/nuevaweb\/wp-content\/uploads\/2017\/08\/DSC_0482-350x233.jpg 350w, https:\/\/grupomarin.org\/nuevaweb\/wp-content\/uploads\/2017\/08\/DSC_0482-e1503672791227.jpg 300w, https:\/\/grupomarin.org\/nuevaweb\/wp-content\/uploads\/2017\/08\/DSC_0482-768x511.jpg 768w, https:\/\/grupomarin.org\/nuevaweb\/wp-content\/uploads\/2017\/08\/DSC_0482-1024x681.jpg 1024w, https:\/\/grupomarin.org\/nuevaweb\/wp-content\/uploads\/2017\/08\/DSC_0482-830x552.jpg 830w, https:\/\/grupomarin.org\/nuevaweb\/wp-content\/uploads\/2017\/08\/DSC_0482-230x153.jpg 230w, https:\/\/grupomarin.org\/nuevaweb\/wp-content\/uploads\/2017\/08\/DSC_0482-480x319.jpg 480w\" sizes=\"(max-width: 350px) 100vw, 350px\" \/>\t\t\t\t\t\t\t\t\t\t\t\t\t\t<\/div>\n\t\t\t\t\t\t<\/div>\n\t\t\t\t<\/div>\n\t\t\t\t<div class=\"elementor-element elementor-element-bn83ipo elementor-widget elementor-widget-text-editor\" data-id=\"bn83ipo\" data-element_type=\"widget\" data-widget_type=\"text-editor.default\">\n\t\t\t\t<div class=\"elementor-widget-container\">\n\t\t\t\t\t\t\t\t<div class=\"elementor-text-editor elementor-clearfix\">\n\t\t\t\t<p>Con el fin de lograr el prop\u00f3sito de nuestra misi\u00f3n, acompa\u00f1amos a nuestros alumnos en su proceso personal de crecimiento y desarrollo.<\/p><p>Consideramos que es fundamental que cada alumno pueda ser conocido y valorado en su singularidad, superando una cierta tendencia al anonimato o generalizaci\u00f3n que suele existir en el sistema educativo. La figura de la maestra en Inicial y Primaria, y los Tutores en Secundaria, constituye un elemento clave para el acompa\u00f1amiento personalizado.<\/p><p>Se han implementado diferentes instancias y herramientas (como el LUA \u2013 Legajo Unico del Alumno) que garantizan este acompa\u00f1amiento personalizado a lo largo del itinerario escolar.<\/p>\t\t\t\t\t<\/div>\n\t\t\t\t\t\t<\/div>\n\t\t\t\t<\/div>\n\t\t\t\t<div class=\"elementor-element elementor-element-bed8d68 elementor-widget-divider--view-line elementor-widget elementor-widget-divider\" data-id=\"bed8d68\" data-element_type=\"widget\" data-widget_type=\"divider.default\">\n\t\t\t\t<div class=\"elementor-widget-container\">\n\t\t\t\t\t<div class=\"elementor-divider\">\n\t\t\t<span class=\"elementor-divider-separator\">\n\t\t\t\t\t\t<\/span>\n\t\t<\/div>\n\t\t\t\t<\/div>\n\t\t\t\t<\/div>\n\t\t\t\t<div class=\"elementor-element elementor-element-124e458 elementor-widget elementor-widget-heading\" data-id=\"124e458\" data-element_type=\"widget\" data-widget_type=\"heading.default\">\n\t\t\t\t<div class=\"elementor-widget-container\">\n\t\t\t<h2 class=\"elementor-heading-title elementor-size-small\">Programa de Aprendizaje con las familias<\/h2>\t\t<\/div>\n\t\t\t\t<\/div>\n\t\t\t\t<div class=\"elementor-element elementor-element-7a14b8f elementor-widget elementor-widget-image\" data-id=\"7a14b8f\" data-element_type=\"widget\" data-widget_type=\"image.default\">\n\t\t\t\t<div class=\"elementor-widget-container\">\n\t\t\t\t\t\t\t\t<div class=\"elementor-image\">\n\t\t\t\t\t\t\t\t\t\t\t\t<img width=\"480\" height=\"270\" src=\"https:\/\/grupomarin.org\/nuevaweb\/wp-content\/uploads\/2017\/08\/placido-con-familia-480x270.jpg\" class=\"attachment-sydney-mas-thumb size-sydney-mas-thumb\" alt=\"Familias en el patio del colegio\" loading=\"lazy\" srcset=\"https:\/\/grupomarin.org\/nuevaweb\/wp-content\/uploads\/2017\/08\/placido-con-familia-480x270.jpg 480w, https:\/\/grupomarin.org\/nuevaweb\/wp-content\/uploads\/2017\/08\/placido-con-familia-300x169.jpg 300w, https:\/\/grupomarin.org\/nuevaweb\/wp-content\/uploads\/2017\/08\/placido-con-familia-230x129.jpg 230w, https:\/\/grupomarin.org\/nuevaweb\/wp-content\/uploads\/2017\/08\/placido-con-familia-350x197.jpg 350w, https:\/\/grupomarin.org\/nuevaweb\/wp-content\/uploads\/2017\/08\/placido-con-familia.jpg 500w\" sizes=\"(max-width: 480px) 100vw, 480px\" \/>\t\t\t\t\t\t\t\t\t\t\t\t\t\t<\/div>\n\t\t\t\t\t\t<\/div>\n\t\t\t\t<\/div>\n\t\t\t\t<div class=\"elementor-element elementor-element-5102dd5 elementor-widget elementor-widget-text-editor\" data-id=\"5102dd5\" data-element_type=\"widget\" data-widget_type=\"text-editor.default\">\n\t\t\t\t<div class=\"elementor-widget-container\">\n\t\t\t\t\t\t\t\t<div class=\"elementor-text-editor elementor-clearfix\">\n\t\t\t\t<p>Buscamos la participaci\u00f3n activa de los padres en el proyecto educativo que brinda el colegio. Sabemos que el \u00e9xito de nuestra tarea educativa depende muchas veces del caminar junto con ellos en la experiencia de la ense\u00f1anza y el aprendizaje.<\/p><p>Se han establecido diferentes instancias de encuentro y di\u00e1logo desde las cuales ponemos en com\u00fan inquietudes y elaboramos proyectos para el fortalecimiento de la Comunidad Educativa.<\/p>\t\t\t\t\t<\/div>\n\t\t\t\t\t\t<\/div>\n\t\t\t\t<\/div>\n\t\t\t\t<div class=\"elementor-element elementor-element-s0ftbxb elementor-widget-divider--view-line elementor-widget elementor-widget-divider\" data-id=\"s0ftbxb\" data-element_type=\"widget\" data-widget_type=\"divider.default\">\n\t\t\t\t<div class=\"elementor-widget-container\">\n\t\t\t\t\t<div class=\"elementor-divider\">\n\t\t\t<span class=\"elementor-divider-separator\">\n\t\t\t\t\t\t<\/span>\n\t\t<\/div>\n\t\t\t\t<\/div>\n\t\t\t\t<\/div>\n\t\t\t\t\t\t<\/div>\n\t\t\t\t\t<\/div>\n\t\t<\/div>\n\t\t\t\t<div class=\"elementor-column elementor-col-33 elementor-top-column elementor-element elementor-element-k8ruay8\" data-id=\"k8ruay8\" data-element_type=\"column\">\n\t\t\t<div class=\"elementor-column-wrap elementor-element-populated\">\n\t\t\t\t\t\t\t<div class=\"elementor-widget-wrap\">\n\t\t\t\t\t\t<div class=\"elementor-element elementor-element-mp4nzy2 elementor-widget elementor-widget-heading\" data-id=\"mp4nzy2\" data-element_type=\"widget\" data-widget_type=\"heading.default\">\n\t\t\t\t<div class=\"elementor-widget-container\">\n\t\t\t<h2 class=\"elementor-heading-title elementor-size-small\">Programa de Innovaci\u00f3n y Cambio Pedag\u00f3gico<\/h2>\t\t<\/div>\n\t\t\t\t<\/div>\n\t\t\t\t<div class=\"elementor-element elementor-element-e51d18c elementor-widget elementor-widget-image\" data-id=\"e51d18c\" data-element_type=\"widget\" data-widget_type=\"image.default\">\n\t\t\t\t<div class=\"elementor-widget-container\">\n\t\t\t\t\t\t\t\t<div class=\"elementor-image\">\n\t\t\t\t\t\t\t\t\t\t\t\t<img width=\"350\" height=\"263\" src=\"https:\/\/grupomarin.org\/nuevaweb\/wp-content\/uploads\/2019\/08\/61449457_2228246440598224_4414411268509663232_n-350x263.jpg\" class=\"attachment-sydney-service-thumb size-sydney-service-thumb\" alt=\"\" loading=\"lazy\" srcset=\"https:\/\/grupomarin.org\/nuevaweb\/wp-content\/uploads\/2019\/08\/61449457_2228246440598224_4414411268509663232_n-350x263.jpg 350w, https:\/\/grupomarin.org\/nuevaweb\/wp-content\/uploads\/2019\/08\/61449457_2228246440598224_4414411268509663232_n-300x225.jpg 300w, https:\/\/grupomarin.org\/nuevaweb\/wp-content\/uploads\/2019\/08\/61449457_2228246440598224_4414411268509663232_n-768x576.jpg 768w, https:\/\/grupomarin.org\/nuevaweb\/wp-content\/uploads\/2019\/08\/61449457_2228246440598224_4414411268509663232_n-830x623.jpg 830w, https:\/\/grupomarin.org\/nuevaweb\/wp-content\/uploads\/2019\/08\/61449457_2228246440598224_4414411268509663232_n-230x173.jpg 230w, https:\/\/grupomarin.org\/nuevaweb\/wp-content\/uploads\/2019\/08\/61449457_2228246440598224_4414411268509663232_n-480x360.jpg 480w, https:\/\/grupomarin.org\/nuevaweb\/wp-content\/uploads\/2019\/08\/61449457_2228246440598224_4414411268509663232_n.jpg 960w\" sizes=\"(max-width: 350px) 100vw, 350px\" \/>\t\t\t\t\t\t\t\t\t\t\t\t\t\t<\/div>\n\t\t\t\t\t\t<\/div>\n\t\t\t\t<\/div>\n\t\t\t\t<div class=\"elementor-element elementor-element-a7ej3qq elementor-widget elementor-widget-text-editor\" data-id=\"a7ej3qq\" data-element_type=\"widget\" data-widget_type=\"text-editor.default\">\n\t\t\t\t<div class=\"elementor-widget-container\">\n\t\t\t\t\t\t\t\t<div class=\"elementor-text-editor elementor-clearfix\">\n\t\t\t\t<p>Creemos que una propuesta educativa de calidad es lo que realmente genera nuevas oportunidades de realizaci\u00f3n para los alumnos. El tiempo presente nos plantea importantes desaf\u00edos en relaci\u00f3n a lo que es esencial promover en los procesos educativos. \u00a0<\/p><p>En el Colegio Pl\u00e1cido Mar\u00edn estamos implementando la Propuesta Pedag\u00f3gica de Monserrat del Pozo (<a href=\"http:\/\/www.nazaretglobaleducation.org\/\">http:\/\/www.nazaretglobaleducation.org\/<\/a>), que tiene una amplia trayectoria en diferentes pa\u00edses y contextos alrededor del mundo, combinando la excelencia acad\u00e9mica y una educaci\u00f3n en valores que busca generar una sociedad m\u00e1s justa y solidaria.<\/p>\t\t\t\t\t<\/div>\n\t\t\t\t\t\t<\/div>\n\t\t\t\t<\/div>\n\t\t\t\t<div class=\"elementor-element elementor-element-9cab68f elementor-widget-divider--view-line elementor-widget elementor-widget-divider\" data-id=\"9cab68f\" data-element_type=\"widget\" data-widget_type=\"divider.default\">\n\t\t\t\t<div class=\"elementor-widget-container\">\n\t\t\t\t\t<div class=\"elementor-divider\">\n\t\t\t<span class=\"elementor-divider-separator\">\n\t\t\t\t\t\t<\/span>\n\t\t<\/div>\n\t\t\t\t<\/div>\n\t\t\t\t<\/div>\n\t\t\t\t<div class=\"elementor-element elementor-element-25b021a elementor-widget elementor-widget-heading\" data-id=\"25b021a\" data-element_type=\"widget\" data-widget_type=\"heading.default\">\n\t\t\t\t<div class=\"elementor-widget-container\">\n\t\t\t<h2 class=\"elementor-heading-title elementor-size-small\">Programa de Prevenci\u00f3n en Adicciones y Consumos Problem\u00e1ticos<\/h2>\t\t<\/div>\n\t\t\t\t<\/div>\n\t\t\t\t<div class=\"elementor-element elementor-element-5f6b398 elementor-widget elementor-widget-image\" data-id=\"5f6b398\" data-element_type=\"widget\" data-widget_type=\"image.default\">\n\t\t\t\t<div class=\"elementor-widget-container\">\n\t\t\t\t\t\t\t\t<div class=\"elementor-image\">\n\t\t\t\t\t\t\t\t\t\t\t\t<img width=\"480\" height=\"360\" src=\"https:\/\/grupomarin.org\/nuevaweb\/wp-content\/uploads\/2019\/08\/48058976_1983553738400830_8047857007111176192_n-480x360.jpg\" class=\"attachment-sydney-mas-thumb size-sydney-mas-thumb\" alt=\"\" loading=\"lazy\" srcset=\"https:\/\/grupomarin.org\/nuevaweb\/wp-content\/uploads\/2019\/08\/48058976_1983553738400830_8047857007111176192_n-480x360.jpg 480w, https:\/\/grupomarin.org\/nuevaweb\/wp-content\/uploads\/2019\/08\/48058976_1983553738400830_8047857007111176192_n-300x225.jpg 300w, https:\/\/grupomarin.org\/nuevaweb\/wp-content\/uploads\/2019\/08\/48058976_1983553738400830_8047857007111176192_n-768x576.jpg 768w, https:\/\/grupomarin.org\/nuevaweb\/wp-content\/uploads\/2019\/08\/48058976_1983553738400830_8047857007111176192_n-830x623.jpg 830w, https:\/\/grupomarin.org\/nuevaweb\/wp-content\/uploads\/2019\/08\/48058976_1983553738400830_8047857007111176192_n-230x173.jpg 230w, https:\/\/grupomarin.org\/nuevaweb\/wp-content\/uploads\/2019\/08\/48058976_1983553738400830_8047857007111176192_n-350x263.jpg 350w, https:\/\/grupomarin.org\/nuevaweb\/wp-content\/uploads\/2019\/08\/48058976_1983553738400830_8047857007111176192_n.jpg 960w\" sizes=\"(max-width: 480px) 100vw, 480px\" \/>\t\t\t\t\t\t\t\t\t\t\t\t\t\t<\/div>\n\t\t\t\t\t\t<\/div>\n\t\t\t\t<\/div>\n\t\t\t\t<div class=\"elementor-element elementor-element-4bbd60a elementor-widget elementor-widget-text-editor\" data-id=\"4bbd60a\" data-element_type=\"widget\" data-widget_type=\"text-editor.default\">\n\t\t\t\t<div class=\"elementor-widget-container\">\n\t\t\t\t\t\t\t\t<div class=\"elementor-text-editor elementor-clearfix\">\n\t\t\t\t<p>En el contexto de una sociedad que tiende a promover consumos problem\u00e1ticos, que entre otras cosas, podr\u00edan interferir las trayectorias educativas, promovemos una cultura del cuidado. Abordamos la cuesti\u00f3n de las adicciones como oportunidad para generar una conciencia cr\u00edtica sobre todo aquello que puede perjudicar el desarrollo pleno de las personas.<\/p>\t\t\t\t\t<\/div>\n\t\t\t\t\t\t<\/div>\n\t\t\t\t<\/div>\n\t\t\t\t<div class=\"elementor-element elementor-element-2f668eb elementor-widget-divider--view-line elementor-widget elementor-widget-divider\" data-id=\"2f668eb\" data-element_type=\"widget\" data-widget_type=\"divider.default\">\n\t\t\t\t<div class=\"elementor-widget-container\">\n\t\t\t\t\t<div class=\"elementor-divider\">\n\t\t\t<span class=\"elementor-divider-separator\">\n\t\t\t\t\t\t<\/span>\n\t\t<\/div>\n\t\t\t\t<\/div>\n\t\t\t\t<\/div>\n\t\t\t\t\t\t<\/div>\n\t\t\t\t\t<\/div>\n\t\t<\/div>\n\t\t\t\t<div class=\"elementor-column elementor-col-33 elementor-top-column elementor-element elementor-element-8w43o8m\" data-id=\"8w43o8m\" data-element_type=\"column\">\n\t\t\t<div class=\"elementor-column-wrap elementor-element-populated\">\n\t\t\t\t\t\t\t<div class=\"elementor-widget-wrap\">\n\t\t\t\t\t\t<div class=\"elementor-element elementor-element-cftgvbo elementor-widget elementor-widget-heading\" data-id=\"cftgvbo\" data-element_type=\"widget\" data-widget_type=\"heading.default\">\n\t\t\t\t<div class=\"elementor-widget-container\">\n\t\t\t<h2 class=\"elementor-heading-title elementor-size-small\">Programa de Capacitaci\u00f3n Docente<\/h2>\t\t<\/div>\n\t\t\t\t<\/div>\n\t\t\t\t<div class=\"elementor-element elementor-element-eooqul2 elementor-widget elementor-widget-image\" data-id=\"eooqul2\" data-element_type=\"widget\" data-widget_type=\"image.default\">\n\t\t\t\t<div class=\"elementor-widget-container\">\n\t\t\t\t\t\t\t\t<div class=\"elementor-image\">\n\t\t\t\t\t\t\t\t\t\t\t\t<img width=\"480\" height=\"255\" src=\"https:\/\/grupomarin.org\/nuevaweb\/wp-content\/uploads\/2017\/08\/docentes-480x255.jpg\" class=\"attachment-sydney-mas-thumb size-sydney-mas-thumb\" alt=\"encuentro docente\" loading=\"lazy\" srcset=\"https:\/\/grupomarin.org\/nuevaweb\/wp-content\/uploads\/2017\/08\/docentes-480x255.jpg 480w, https:\/\/grupomarin.org\/nuevaweb\/wp-content\/uploads\/2017\/08\/docentes-300x160.jpg 300w, https:\/\/grupomarin.org\/nuevaweb\/wp-content\/uploads\/2017\/08\/docentes-230x122.jpg 230w, https:\/\/grupomarin.org\/nuevaweb\/wp-content\/uploads\/2017\/08\/docentes-350x186.jpg 350w, https:\/\/grupomarin.org\/nuevaweb\/wp-content\/uploads\/2017\/08\/docentes.jpg 500w\" sizes=\"(max-width: 480px) 100vw, 480px\" \/>\t\t\t\t\t\t\t\t\t\t\t\t\t\t<\/div>\n\t\t\t\t\t\t<\/div>\n\t\t\t\t<\/div>\n\t\t\t\t<div class=\"elementor-element elementor-element-6nw4faa elementor-widget elementor-widget-text-editor\" data-id=\"6nw4faa\" data-element_type=\"widget\" data-widget_type=\"text-editor.default\">\n\t\t\t\t<div class=\"elementor-widget-container\">\n\t\t\t\t\t\t\t\t<div class=\"elementor-text-editor elementor-clearfix\">\n\t\t\t\t<p>En sinfon\u00eda con lo anterior, y teniendo en cuenta que el docente es el principal articulador de la propuesta educativa, brindamos diferentes instancias para que los docentes puedan adquirir los conocimientos y habilidades necesarias para llevar adelante su rol<\/p><p>Nuestro objetivo es poder promover en cada docente una continua mejora en el ejercicio de su actividad, velando por su cuidado y crecimiento personal y profesional.\u00a0<\/p>\t\t\t\t\t<\/div>\n\t\t\t\t\t\t<\/div>\n\t\t\t\t<\/div>\n\t\t\t\t<div class=\"elementor-element elementor-element-5wmg9h4 elementor-widget-divider--view-line elementor-widget elementor-widget-divider\" data-id=\"5wmg9h4\" data-element_type=\"widget\" data-widget_type=\"divider.default\">\n\t\t\t\t<div class=\"elementor-widget-container\">\n\t\t\t\t\t<div class=\"elementor-divider\">\n\t\t\t<span class=\"elementor-divider-separator\">\n\t\t\t\t\t\t<\/span>\n\t\t<\/div>\n\t\t\t\t<\/div>\n\t\t\t\t<\/div>\n\t\t\t\t<div class=\"elementor-element elementor-element-e29117e elementor-widget elementor-widget-image\" data-id=\"e29117e\" data-element_type=\"widget\" data-widget_type=\"image.default\">\n\t\t\t\t<div class=\"elementor-widget-container\">\n\t\t\t\t\t\t\t\t<div class=\"elementor-image\">\n\t\t\t\t\t\t\t\t\t\t\t\t<img width=\"960\" height=\"720\" src=\"https:\/\/grupomarin.org\/nuevaweb\/wp-content\/uploads\/2019\/08\/64529745_2266996876723180_2341334475759157248_n.jpg\" class=\"attachment-large size-large\" alt=\"\" loading=\"lazy\" srcset=\"https:\/\/grupomarin.org\/nuevaweb\/wp-content\/uploads\/2019\/08\/64529745_2266996876723180_2341334475759157248_n.jpg 960w, https:\/\/grupomarin.org\/nuevaweb\/wp-content\/uploads\/2019\/08\/64529745_2266996876723180_2341334475759157248_n-300x225.jpg 300w, https:\/\/grupomarin.org\/nuevaweb\/wp-content\/uploads\/2019\/08\/64529745_2266996876723180_2341334475759157248_n-768x576.jpg 768w, https:\/\/grupomarin.org\/nuevaweb\/wp-content\/uploads\/2019\/08\/64529745_2266996876723180_2341334475759157248_n-830x623.jpg 830w, https:\/\/grupomarin.org\/nuevaweb\/wp-content\/uploads\/2019\/08\/64529745_2266996876723180_2341334475759157248_n-230x173.jpg 230w, https:\/\/grupomarin.org\/nuevaweb\/wp-content\/uploads\/2019\/08\/64529745_2266996876723180_2341334475759157248_n-350x263.jpg 350w, https:\/\/grupomarin.org\/nuevaweb\/wp-content\/uploads\/2019\/08\/64529745_2266996876723180_2341334475759157248_n-480x360.jpg 480w\" sizes=\"(max-width: 960px) 100vw, 960px\" \/>\t\t\t\t\t\t\t\t\t\t\t\t\t\t<\/div>\n\t\t\t\t\t\t<\/div>\n\t\t\t\t<\/div>\n\t\t\t\t<div class=\"elementor-element elementor-element-f7db09e elementor-widget elementor-widget-image\" data-id=\"f7db09e\" data-element_type=\"widget\" data-widget_type=\"image.default\">\n\t\t\t\t<div class=\"elementor-widget-container\">\n\t\t\t\t\t\t\t\t<div class=\"elementor-image\">\n\t\t\t\t\t\t\t\t\t\t\t\t<img width=\"500\" height=\"720\" src=\"https:\/\/grupomarin.org\/nuevaweb\/wp-content\/uploads\/2019\/08\/2.jpg\" class=\"attachment-large size-large\" alt=\"\" loading=\"lazy\" srcset=\"https:\/\/grupomarin.org\/nuevaweb\/wp-content\/uploads\/2019\/08\/2.jpg 500w, https:\/\/grupomarin.org\/nuevaweb\/wp-content\/uploads\/2019\/08\/2-208x300.jpg 208w, https:\/\/grupomarin.org\/nuevaweb\/wp-content\/uploads\/2019\/08\/2-230x331.jpg 230w, https:\/\/grupomarin.org\/nuevaweb\/wp-content\/uploads\/2019\/08\/2-350x504.jpg 350w, https:\/\/grupomarin.org\/nuevaweb\/wp-content\/uploads\/2019\/08\/2-480x691.jpg 480w\" sizes=\"(max-width: 500px) 100vw, 500px\" \/>\t\t\t\t\t\t\t\t\t\t\t\t\t\t<\/div>\n\t\t\t\t\t\t<\/div>\n\t\t\t\t<\/div>\n\t\t\t\t<div class=\"elementor-element elementor-element-f0a53c7 elementor-widget-divider--view-line elementor-widget elementor-widget-divider\" data-id=\"f0a53c7\" data-element_type=\"widget\" data-widget_type=\"divider.default\">\n\t\t\t\t<div class=\"elementor-widget-container\">\n\t\t\t\t\t<div class=\"elementor-divider\">\n\t\t\t<span class=\"elementor-divider-separator\">\n\t\t\t\t\t\t<\/span>\n\t\t<\/div>\n\t\t\t\t<\/div>\n\t\t\t\t<\/div>\n\t\t\t\t\t\t<\/div>\n\t\t\t\t\t<\/div>\n\t\t<\/div>\n\t\t\t\t\t\t\t\t<\/div>\n\t\t\t\t\t<\/div>\n\t\t<\/section>\n\t\t\t\t\t\t\t\t\t<\/div>\n\t\t\t<\/div>\n\t\t\t\t\t<\/div>\n\t\t","protected":false},"excerpt":{"rendered":"<p>Programas Programa de Acompa\u00f1amiento Personalizado [&hellip;]<\/p>\n","protected":false},"author":1,"featured_media":0,"parent":3306,"menu_order":0,"comment_status":"closed","ping_status":"closed","template":"page-templates\/page_fullwidth.php","meta":[],"_links":{"self":[{"href":"https:\/\/grupomarin.org\/nuevaweb\/wp-json\/wp\/v2\/pages\/3347"}],"collection":[{"href":"https:\/\/grupomarin.org\/nuevaweb\/wp-json\/wp\/v2\/pages"}],"about":[{"href":"https:\/\/grupomarin.org\/nuevaweb\/wp-json\/wp\/v2\/types\/page"}],"author":[{"embeddable":true,"href":"https:\/\/grupomarin.org\/nuevaweb\/wp-json\/wp\/v2\/users\/1"}],"replies":[{"embeddable":true,"href":"https:\/\/grupomarin.org\/nuevaweb\/wp-json\/wp\/v2\/comments?post=3347"}],"version-history":[{"count":21,"href":"https:\/\/grupomarin.org\/nuevaweb\/wp-json\/wp\/v2\/pages\/3347\/revisions"}],"predecessor-version":[{"id":5338,"href":"https:\/\/grupomarin.org\/nuevaweb\/wp-json\/wp\/v2\/pages\/3347\/revisions\/5338"}],"up":[{"embeddable":true,"href":"https:\/\/grupomarin.org\/nuevaweb\/wp-json\/wp\/v2\/pages\/3306"}],"wp:attachment":[{"href":"https:\/\/grupomarin.org\/nuevaweb\/wp-json\/wp\/v2\/media?parent=3347"}],"curies":[{"name":"wp","href":"https:\/\/api.w.org\/{rel}","templated":true}]}}