{"id":3342,"date":"2017-08-08T16:57:55","date_gmt":"2017-08-08T16:57:55","guid":{"rendered":"http:\/\/grupomarin.org\/nuevaweb\/?page_id=3342"},"modified":"2019-07-19T15:32:38","modified_gmt":"2019-07-19T15:32:38","slug":"historia-placido","status":"publish","type":"page","link":"https:\/\/grupomarin.org\/nuevaweb\/placido-marin-2\/historia-placido\/","title":{"rendered":"historia placido"},"content":{"rendered":"\t\t<div data-elementor-type=\"wp-post\" data-elementor-id=\"3342\" class=\"elementor elementor-3342 elementor-bc-flex-widget\">\n\t\t\t\t\t\t<div class=\"elementor-inner\">\n\t\t\t\t<div class=\"elementor-section-wrap\">\n\t\t\t\t\t\t\t\t\t<section class=\"elementor-section elementor-top-section elementor-element elementor-element-q3wn5d4 elementor-section-boxed elementor-section-height-default elementor-section-height-default\" data-id=\"q3wn5d4\" data-element_type=\"section\">\n\t\t\t\t\t\t<div class=\"elementor-container elementor-column-gap-default\">\n\t\t\t\t\t\t\t<div class=\"elementor-row\">\n\t\t\t\t\t<div class=\"elementor-column elementor-col-100 elementor-top-column elementor-element elementor-element-cjk4lfz\" data-id=\"cjk4lfz\" data-element_type=\"column\">\n\t\t\t<div class=\"elementor-column-wrap elementor-element-populated\">\n\t\t\t\t\t\t\t<div class=\"elementor-widget-wrap\">\n\t\t\t\t\t\t<div class=\"elementor-element elementor-element-dncu19j elementor-widget elementor-widget-image\" data-id=\"dncu19j\" data-element_type=\"widget\" data-widget_type=\"image.default\">\n\t\t\t\t<div class=\"elementor-widget-container\">\n\t\t\t\t\t\t\t\t<div class=\"elementor-image\">\n\t\t\t\t\t\t\t\t\t\t\t\t<img width=\"1920\" height=\"509\" src=\"https:\/\/grupomarin.org\/nuevaweb\/wp-content\/uploads\/2017\/08\/hostoria.jpg\" class=\"attachment-full size-full\" alt=\"alumnos recibiendo bendici\u00f3n\" loading=\"lazy\" srcset=\"https:\/\/grupomarin.org\/nuevaweb\/wp-content\/uploads\/2017\/08\/hostoria.jpg 1920w, https:\/\/grupomarin.org\/nuevaweb\/wp-content\/uploads\/2017\/08\/hostoria-300x80.jpg 300w, https:\/\/grupomarin.org\/nuevaweb\/wp-content\/uploads\/2017\/08\/hostoria-768x204.jpg 768w, https:\/\/grupomarin.org\/nuevaweb\/wp-content\/uploads\/2017\/08\/hostoria-1024x271.jpg 1024w, https:\/\/grupomarin.org\/nuevaweb\/wp-content\/uploads\/2017\/08\/hostoria-830x220.jpg 830w, https:\/\/grupomarin.org\/nuevaweb\/wp-content\/uploads\/2017\/08\/hostoria-230x61.jpg 230w, https:\/\/grupomarin.org\/nuevaweb\/wp-content\/uploads\/2017\/08\/hostoria-350x93.jpg 350w, https:\/\/grupomarin.org\/nuevaweb\/wp-content\/uploads\/2017\/08\/hostoria-480x127.jpg 480w\" sizes=\"(max-width: 1920px) 100vw, 1920px\" \/>\t\t\t\t\t\t\t\t\t\t\t\t\t\t<\/div>\n\t\t\t\t\t\t<\/div>\n\t\t\t\t<\/div>\n\t\t\t\t\t\t<\/div>\n\t\t\t\t\t<\/div>\n\t\t<\/div>\n\t\t\t\t\t\t\t\t<\/div>\n\t\t\t\t\t<\/div>\n\t\t<\/section>\n\t\t\t\t<section class=\"elementor-section elementor-top-section elementor-element elementor-element-9a8p7i8 elementor-section-boxed elementor-section-height-default elementor-section-height-default\" data-id=\"9a8p7i8\" data-element_type=\"section\">\n\t\t\t\t\t\t<div class=\"elementor-container elementor-column-gap-default\">\n\t\t\t\t\t\t\t<div class=\"elementor-row\">\n\t\t\t\t\t<div class=\"elementor-column elementor-col-100 elementor-top-column elementor-element elementor-element-m9jnlxm\" data-id=\"m9jnlxm\" data-element_type=\"column\">\n\t\t\t<div class=\"elementor-column-wrap elementor-element-populated\">\n\t\t\t\t\t\t\t<div class=\"elementor-widget-wrap\">\n\t\t\t\t\t\t<div class=\"elementor-element elementor-element-kjoy1lx elementor-widget elementor-widget-heading\" data-id=\"kjoy1lx\" data-element_type=\"widget\" data-widget_type=\"heading.default\">\n\t\t\t\t<div class=\"elementor-widget-container\">\n\t\t\t<h2 class=\"elementor-heading-title elementor-size-medium\">Nuestra Historia <\/h2>\t\t<\/div>\n\t\t\t\t<\/div>\n\t\t\t\t<div class=\"elementor-element elementor-element-g20euc1 elementor-widget-divider--view-line elementor-widget elementor-widget-divider\" data-id=\"g20euc1\" data-element_type=\"widget\" data-widget_type=\"divider.default\">\n\t\t\t\t<div class=\"elementor-widget-container\">\n\t\t\t\t\t<div class=\"elementor-divider\">\n\t\t\t<span class=\"elementor-divider-separator\">\n\t\t\t\t\t\t<\/span>\n\t\t<\/div>\n\t\t\t\t<\/div>\n\t\t\t\t<\/div>\n\t\t\t\t\t\t<\/div>\n\t\t\t\t\t<\/div>\n\t\t<\/div>\n\t\t\t\t\t\t\t\t<\/div>\n\t\t\t\t\t<\/div>\n\t\t<\/section>\n\t\t\t\t<section class=\"elementor-section elementor-top-section elementor-element elementor-element-3920ea6 elementor-section-boxed elementor-section-height-default elementor-section-height-default\" data-id=\"3920ea6\" data-element_type=\"section\">\n\t\t\t\t\t\t<div class=\"elementor-container elementor-column-gap-default\">\n\t\t\t\t\t\t\t<div class=\"elementor-row\">\n\t\t\t\t\t<div class=\"elementor-column elementor-col-100 elementor-top-column elementor-element elementor-element-9a2a5ff\" data-id=\"9a2a5ff\" data-element_type=\"column\">\n\t\t\t<div class=\"elementor-column-wrap elementor-element-populated\">\n\t\t\t\t\t\t\t<div class=\"elementor-widget-wrap\">\n\t\t\t\t\t\t<div class=\"elementor-element elementor-element-fa9d56b elementor-widget elementor-widget-text-editor\" data-id=\"fa9d56b\" data-element_type=\"widget\" data-widget_type=\"text-editor.default\">\n\t\t\t\t<div class=\"elementor-widget-container\">\n\t\t\t\t\t\t\t\t<div class=\"elementor-text-editor elementor-clearfix\">\n\t\t\t\t<p>El Colegio Pl\u00e1cido Mar\u00edn surge de la confluencia de dos proyectos.<\/p><p>Desde el Grupo Educativo Mar\u00edn, el colegio responde al legado fundacional desde el cual se asume el compromiso de ofrecer una propuesta educativa de calidad a ni\u00f1as y ni\u00f1os que viven en contextos socialmente desfavorecidos. El Doctor Pl\u00e1cido Mar\u00edn, el 6 de diciembre de 1910, en la escritura de fundaci\u00f3n del Colegio, establec\u00eda la creaci\u00f3n de \u201cun colegio de ense\u00f1anza primaria para los ni\u00f1os de la parroquia con car\u00e1cter de gratuito\u201d;<br \/>En el a\u00f1o 1998 el Obispado de San Isidro adquiere un predio de cuatro hect\u00e1reas en el Bajo Boulogne. All\u00ed pone en marcha el \u201cProyecto Esperanza\u201d, desde el cual ofrece al barrio diferentes propuestas que buscan responder a las necesidades de la gente en diferentes dimensiones de la vida.<br \/>Con la intenci\u00f3n de responder a la demanda educativa de la zona del Bajo Boulogne, y teniendo presente el legado fundacional del Dr. Pl\u00e1cido Mar\u00edn, se decide fundar el Colegio Pl\u00e1cido Mar\u00edn.<\/p><p>En 1999 el Colegio inici\u00f3 el ciclo lectivo como Jard\u00edn de Infantes, proyect\u00e1ndose un crecimiento vegetativo. En 2001 se abre la EGB, y en esta l\u00ednea sigue creciendo el colegio hasta el a\u00f1o 2006, en el que se completa 6\u00ba EGB.<\/p><p>En este momento se asume el compromiso de ofrecer una propuesta de Escuela Secundaria, a trav\u00e9s del cual los egresados de la EGB puedan continuar su trayectoria escolar en el Pl\u00e1cido. De este modo, el Secundario comienza a funcionar en el edificio de la Escuela de Adultos de la Parroquia Santa Mar\u00eda de Luj\u00e1n, la cual ya funcionaba en el predio en el turno noche.<\/p><p>Ya desde el principio se ofrece por la tarde una propuesta de talleres extra-program\u00e1ticos, siendo de suma importancia para potenciar la propuesta escolar.<\/p>\t\t\t\t\t<\/div>\n\t\t\t\t\t\t<\/div>\n\t\t\t\t<\/div>\n\t\t\t\t\t\t<\/div>\n\t\t\t\t\t<\/div>\n\t\t<\/div>\n\t\t\t\t\t\t\t\t<\/div>\n\t\t\t\t\t<\/div>\n\t\t<\/section>\n\t\t\t\t\t\t\t\t\t<\/div>\n\t\t\t<\/div>\n\t\t\t\t\t<\/div>\n\t\t","protected":false},"excerpt":{"rendered":"<p>Nuestra Historia El Colegio Pl\u00e1cido [&hellip;]<\/p>\n","protected":false},"author":1,"featured_media":0,"parent":3306,"menu_order":0,"comment_status":"closed","ping_status":"closed","template":"page-templates\/page_fullwidth.php","meta":[],"_links":{"self":[{"href":"https:\/\/grupomarin.org\/nuevaweb\/wp-json\/wp\/v2\/pages\/3342"}],"collection":[{"href":"https:\/\/grupomarin.org\/nuevaweb\/wp-json\/wp\/v2\/pages"}],"about":[{"href":"https:\/\/grupomarin.org\/nuevaweb\/wp-json\/wp\/v2\/types\/page"}],"author":[{"embeddable":true,"href":"https:\/\/grupomarin.org\/nuevaweb\/wp-json\/wp\/v2\/users\/1"}],"replies":[{"embeddable":true,"href":"https:\/\/grupomarin.org\/nuevaweb\/wp-json\/wp\/v2\/comments?post=3342"}],"version-history":[{"count":5,"href":"https:\/\/grupomarin.org\/nuevaweb\/wp-json\/wp\/v2\/pages\/3342\/revisions"}],"predecessor-version":[{"id":5309,"href":"https:\/\/grupomarin.org\/nuevaweb\/wp-json\/wp\/v2\/pages\/3342\/revisions\/5309"}],"up":[{"embeddable":true,"href":"https:\/\/grupomarin.org\/nuevaweb\/wp-json\/wp\/v2\/pages\/3306"}],"wp:attachment":[{"href":"https:\/\/grupomarin.org\/nuevaweb\/wp-json\/wp\/v2\/media?parent=3342"}],"curies":[{"name":"wp","href":"https:\/\/api.w.org\/{rel}","templated":true}]}}