{"id":3315,"date":"2017-08-04T19:16:42","date_gmt":"2017-08-04T19:16:42","guid":{"rendered":"http:\/\/grupomarin.org\/nuevaweb\/?page_id=3315"},"modified":"2019-07-19T15:35:41","modified_gmt":"2019-07-19T15:35:41","slug":"inspiracion","status":"publish","type":"page","link":"https:\/\/grupomarin.org\/nuevaweb\/placido-marin-2\/inspiracion\/","title":{"rendered":"Inspiraci\u00f3n"},"content":{"rendered":"\t\t<div data-elementor-type=\"wp-post\" data-elementor-id=\"3315\" class=\"elementor elementor-3315 elementor-bc-flex-widget\">\n\t\t\t\t\t\t<div class=\"elementor-inner\">\n\t\t\t\t<div class=\"elementor-section-wrap\">\n\t\t\t\t\t\t\t\t\t<section class=\"elementor-section elementor-top-section elementor-element elementor-element-gh7qur7 elementor-section-boxed elementor-section-height-default elementor-section-height-default\" data-id=\"gh7qur7\" data-element_type=\"section\">\n\t\t\t\t\t\t<div class=\"elementor-container elementor-column-gap-default\">\n\t\t\t\t\t\t\t<div class=\"elementor-row\">\n\t\t\t\t\t<div class=\"elementor-column elementor-col-100 elementor-top-column elementor-element elementor-element-jb7sl1o\" data-id=\"jb7sl1o\" data-element_type=\"column\">\n\t\t\t<div class=\"elementor-column-wrap elementor-element-populated\">\n\t\t\t\t\t\t\t<div class=\"elementor-widget-wrap\">\n\t\t\t\t\t\t<div class=\"elementor-element elementor-element-68l8fz6 elementor-widget elementor-widget-image\" data-id=\"68l8fz6\" data-element_type=\"widget\" data-widget_type=\"image.default\">\n\t\t\t\t<div class=\"elementor-widget-container\">\n\t\t\t\t\t\t\t\t<div class=\"elementor-image\">\n\t\t\t\t\t\t\t\t\t\t\t\t<img width=\"1600\" height=\"616\" src=\"https:\/\/grupomarin.org\/nuevaweb\/wp-content\/uploads\/2017\/08\/hist.jpg\" class=\"attachment-full size-full\" alt=\"alumnos debatiendo. Trabajo en grupo\" loading=\"lazy\" srcset=\"https:\/\/grupomarin.org\/nuevaweb\/wp-content\/uploads\/2017\/08\/hist.jpg 1600w, https:\/\/grupomarin.org\/nuevaweb\/wp-content\/uploads\/2017\/08\/hist-300x116.jpg 300w, https:\/\/grupomarin.org\/nuevaweb\/wp-content\/uploads\/2017\/08\/hist-768x296.jpg 768w, https:\/\/grupomarin.org\/nuevaweb\/wp-content\/uploads\/2017\/08\/hist-1024x394.jpg 1024w, https:\/\/grupomarin.org\/nuevaweb\/wp-content\/uploads\/2017\/08\/hist-830x320.jpg 830w, https:\/\/grupomarin.org\/nuevaweb\/wp-content\/uploads\/2017\/08\/hist-230x89.jpg 230w, https:\/\/grupomarin.org\/nuevaweb\/wp-content\/uploads\/2017\/08\/hist-350x135.jpg 350w, https:\/\/grupomarin.org\/nuevaweb\/wp-content\/uploads\/2017\/08\/hist-480x185.jpg 480w\" sizes=\"(max-width: 1600px) 100vw, 1600px\" \/>\t\t\t\t\t\t\t\t\t\t\t\t\t\t<\/div>\n\t\t\t\t\t\t<\/div>\n\t\t\t\t<\/div>\n\t\t\t\t\t\t<\/div>\n\t\t\t\t\t<\/div>\n\t\t<\/div>\n\t\t\t\t\t\t\t\t<\/div>\n\t\t\t\t\t<\/div>\n\t\t<\/section>\n\t\t\t\t<section class=\"elementor-section elementor-top-section elementor-element elementor-element-v4deljz elementor-section-boxed elementor-section-height-default elementor-section-height-default\" data-id=\"v4deljz\" data-element_type=\"section\">\n\t\t\t\t\t\t<div class=\"elementor-container elementor-column-gap-default\">\n\t\t\t\t\t\t\t<div class=\"elementor-row\">\n\t\t\t\t\t<div class=\"elementor-column elementor-col-100 elementor-top-column elementor-element elementor-element-jjxwrae\" data-id=\"jjxwrae\" data-element_type=\"column\">\n\t\t\t<div class=\"elementor-column-wrap elementor-element-populated\">\n\t\t\t\t\t\t\t<div class=\"elementor-widget-wrap\">\n\t\t\t\t\t\t<div class=\"elementor-element elementor-element-hrx50w8 elementor-hidden-phone elementor-widget elementor-widget-spacer\" data-id=\"hrx50w8\" data-element_type=\"widget\" data-widget_type=\"spacer.default\">\n\t\t\t\t<div class=\"elementor-widget-container\">\n\t\t\t\t\t<div class=\"elementor-spacer\">\n\t\t\t<div class=\"elementor-spacer-inner\"><\/div>\n\t\t<\/div>\n\t\t\t\t<\/div>\n\t\t\t\t<\/div>\n\t\t\t\t<div class=\"elementor-element elementor-element-t8vorkj elementor-widget-divider--view-line elementor-widget elementor-widget-divider\" data-id=\"t8vorkj\" data-element_type=\"widget\" data-widget_type=\"divider.default\">\n\t\t\t\t<div class=\"elementor-widget-container\">\n\t\t\t\t\t<div class=\"elementor-divider\">\n\t\t\t<span class=\"elementor-divider-separator\">\n\t\t\t\t\t\t<\/span>\n\t\t<\/div>\n\t\t\t\t<\/div>\n\t\t\t\t<\/div>\n\t\t\t\t<div class=\"elementor-element elementor-element-ilnh39h elementor-widget elementor-widget-heading\" data-id=\"ilnh39h\" data-element_type=\"widget\" data-widget_type=\"heading.default\">\n\t\t\t\t<div class=\"elementor-widget-container\">\n\t\t\t<h2 class=\"elementor-heading-title elementor-size-large\">Inspiraci\u00f3n<\/h2>\t\t<\/div>\n\t\t\t\t<\/div>\n\t\t\t\t<div class=\"elementor-element elementor-element-nhgv8j7 elementor-widget elementor-widget-text-editor\" data-id=\"nhgv8j7\" data-element_type=\"widget\" data-widget_type=\"text-editor.default\">\n\t\t\t\t<div class=\"elementor-widget-container\">\n\t\t\t\t\t\t\t\t<div class=\"elementor-text-editor elementor-clearfix\">\n\t\t\t\t<ul><li>Educaci\u00f3n para la Transformaci\u00f3n Social: creemos que la educaci\u00f3n es una potente herramienta para la mejora de la sociedad, generando condiciones de justicia y equidad social. Estamos convencidos que mientras menos favorecido sea el contexto social, mejor debe ser la calidad de la educaci\u00f3n brindada. Solo as\u00ed se podr\u00e1n vencer los condicionamientos y barreras que tienden a generar la exclusi\u00f3n y falta de oportunidades.<\/li><li>\u00a0<\/li><li>Espacio de Aprendizaje y Crecimiento para toda la comunidad educativa. La Educaci\u00f3n es un camino en el que todos aprendemos (alumnos, docentes, familias). Acompa\u00f1ar a crecer a una persona es un proceso muy complejo, por lo cual, necesitamos de la participaci\u00f3n y miradas de todos los miembros de la comunidad educativa. Cada uno desde lo espec\u00edfico de su lugar, hace un aporte fundamental.<\/li><li>\u00a0<\/li><li>Una Comunidad capaz de trabajar por el Bien Com\u00fan. Lo que vivimos en la Escuela puede crear las condiciones de una sociedad m\u00e1s humana. Queremos vivir la tarea educativa desde un esp\u00edritu colaborativo y participativo, evitando la competencia y el individualismo, que creemos, son grandes impedimentos para el trabajo por el bien com\u00fan y la construcci\u00f3n de una sociedad m\u00e1s solidaria. En el centro de nuestra tarea deben estar presentes los m\u00e1s necesitados.<\/li><\/ul>\t\t\t\t\t<\/div>\n\t\t\t\t\t\t<\/div>\n\t\t\t\t<\/div>\n\t\t\t\t\t\t<\/div>\n\t\t\t\t\t<\/div>\n\t\t<\/div>\n\t\t\t\t\t\t\t\t<\/div>\n\t\t\t\t\t<\/div>\n\t\t<\/section>\n\t\t\t\t\t\t\t\t\t<\/div>\n\t\t\t<\/div>\n\t\t\t\t\t<\/div>\n\t\t","protected":false},"excerpt":{"rendered":"<p>Inspiraci\u00f3n Educaci\u00f3n para la Transformaci\u00f3n [&hellip;]<\/p>\n","protected":false},"author":1,"featured_media":0,"parent":3306,"menu_order":0,"comment_status":"closed","ping_status":"closed","template":"page-templates\/page_fullwidth.php","meta":[],"_links":{"self":[{"href":"https:\/\/grupomarin.org\/nuevaweb\/wp-json\/wp\/v2\/pages\/3315"}],"collection":[{"href":"https:\/\/grupomarin.org\/nuevaweb\/wp-json\/wp\/v2\/pages"}],"about":[{"href":"https:\/\/grupomarin.org\/nuevaweb\/wp-json\/wp\/v2\/types\/page"}],"author":[{"embeddable":true,"href":"https:\/\/grupomarin.org\/nuevaweb\/wp-json\/wp\/v2\/users\/1"}],"replies":[{"embeddable":true,"href":"https:\/\/grupomarin.org\/nuevaweb\/wp-json\/wp\/v2\/comments?post=3315"}],"version-history":[{"count":18,"href":"https:\/\/grupomarin.org\/nuevaweb\/wp-json\/wp\/v2\/pages\/3315\/revisions"}],"predecessor-version":[{"id":5310,"href":"https:\/\/grupomarin.org\/nuevaweb\/wp-json\/wp\/v2\/pages\/3315\/revisions\/5310"}],"up":[{"embeddable":true,"href":"https:\/\/grupomarin.org\/nuevaweb\/wp-json\/wp\/v2\/pages\/3306"}],"wp:attachment":[{"href":"https:\/\/grupomarin.org\/nuevaweb\/wp-json\/wp\/v2\/media?parent=3315"}],"curies":[{"name":"wp","href":"https:\/\/api.w.org\/{rel}","templated":true}]}}