{"id":3157,"date":"2017-07-24T00:18:53","date_gmt":"2017-07-24T00:18:53","guid":{"rendered":"http:\/\/grupomarin.org\/nuevaweb\/?page_id=3157"},"modified":"2017-07-24T00:36:24","modified_gmt":"2017-07-24T00:36:24","slug":"objetivos-maternal-cam","status":"publish","type":"page","link":"https:\/\/grupomarin.org\/nuevaweb\/arriola\/inicial-cam\/maternal-cam\/objetivos-maternal-cam\/","title":{"rendered":"OBJETIVOS MATERNAL CAM"},"content":{"rendered":"\t\t<div data-elementor-type=\"wp-post\" data-elementor-id=\"3157\" class=\"elementor elementor-3157 elementor-bc-flex-widget\">\n\t\t\t\t\t\t<div class=\"elementor-inner\">\n\t\t\t\t<div class=\"elementor-section-wrap\">\n\t\t\t\t\t\t\t\t\t<section class=\"elementor-section elementor-top-section elementor-element elementor-element-wzz6vks elementor-section-boxed elementor-section-height-default elementor-section-height-default\" data-id=\"wzz6vks\" data-element_type=\"section\">\n\t\t\t\t\t\t<div class=\"elementor-container elementor-column-gap-default\">\n\t\t\t\t\t\t\t<div class=\"elementor-row\">\n\t\t\t\t\t<div class=\"elementor-column elementor-col-100 elementor-top-column elementor-element elementor-element-g27bowy\" data-id=\"g27bowy\" data-element_type=\"column\">\n\t\t\t<div class=\"elementor-column-wrap elementor-element-populated\">\n\t\t\t\t\t\t\t<div class=\"elementor-widget-wrap\">\n\t\t\t\t\t\t<div class=\"elementor-element elementor-element-63bhf2u elementor-widget elementor-widget-image\" data-id=\"63bhf2u\" data-element_type=\"widget\" data-widget_type=\"image.default\">\n\t\t\t\t<div class=\"elementor-widget-container\">\n\t\t\t\t\t\t\t\t<div class=\"elementor-image\">\n\t\t\t\t\t\t\t\t\t\t\t\t<img width=\"1920\" height=\"162\" src=\"https:\/\/grupomarin.org\/nuevaweb\/wp-content\/uploads\/2017\/07\/OBJETIVOS-WEB.png\" class=\"attachment-full size-full\" alt=\"objetivos\" loading=\"lazy\" srcset=\"https:\/\/grupomarin.org\/nuevaweb\/wp-content\/uploads\/2017\/07\/OBJETIVOS-WEB.png 1920w, https:\/\/grupomarin.org\/nuevaweb\/wp-content\/uploads\/2017\/07\/OBJETIVOS-WEB-300x25.png 300w, https:\/\/grupomarin.org\/nuevaweb\/wp-content\/uploads\/2017\/07\/OBJETIVOS-WEB-768x65.png 768w, https:\/\/grupomarin.org\/nuevaweb\/wp-content\/uploads\/2017\/07\/OBJETIVOS-WEB-1024x86.png 1024w, https:\/\/grupomarin.org\/nuevaweb\/wp-content\/uploads\/2017\/07\/OBJETIVOS-WEB-830x70.png 830w, https:\/\/grupomarin.org\/nuevaweb\/wp-content\/uploads\/2017\/07\/OBJETIVOS-WEB-230x19.png 230w, https:\/\/grupomarin.org\/nuevaweb\/wp-content\/uploads\/2017\/07\/OBJETIVOS-WEB-350x30.png 350w, https:\/\/grupomarin.org\/nuevaweb\/wp-content\/uploads\/2017\/07\/OBJETIVOS-WEB-480x41.png 480w\" sizes=\"(max-width: 1920px) 100vw, 1920px\" \/>\t\t\t\t\t\t\t\t\t\t\t\t\t\t<\/div>\n\t\t\t\t\t\t<\/div>\n\t\t\t\t<\/div>\n\t\t\t\t\t\t<\/div>\n\t\t\t\t\t<\/div>\n\t\t<\/div>\n\t\t\t\t\t\t\t\t<\/div>\n\t\t\t\t\t<\/div>\n\t\t<\/section>\n\t\t\t\t<section class=\"elementor-section elementor-top-section elementor-element elementor-element-obr4y0l elementor-section-boxed elementor-section-height-default elementor-section-height-default\" data-id=\"obr4y0l\" data-element_type=\"section\">\n\t\t\t\t\t\t<div class=\"elementor-container elementor-column-gap-default\">\n\t\t\t\t\t\t\t<div class=\"elementor-row\">\n\t\t\t\t\t<div class=\"elementor-column elementor-col-33 elementor-top-column elementor-element elementor-element-8ovjw9d\" data-id=\"8ovjw9d\" data-element_type=\"column\">\n\t\t\t<div class=\"elementor-column-wrap elementor-element-populated\">\n\t\t\t\t\t\t\t<div class=\"elementor-widget-wrap\">\n\t\t\t\t\t\t<div class=\"elementor-element elementor-element-oaf32rr elementor-widget elementor-widget-image\" data-id=\"oaf32rr\" data-element_type=\"widget\" data-widget_type=\"image.default\">\n\t\t\t\t<div class=\"elementor-widget-container\">\n\t\t\t\t\t\t\t\t<div class=\"elementor-image\">\n\t\t\t\t\t\t\t\t\t\t\t\t<img width=\"846\" height=\"823\" src=\"https:\/\/grupomarin.org\/nuevaweb\/wp-content\/uploads\/2017\/07\/NI\u00d1OS-OBJETIVO.jpg\" class=\"attachment-full size-full\" alt=\"alumnos en recreo\" loading=\"lazy\" srcset=\"https:\/\/grupomarin.org\/nuevaweb\/wp-content\/uploads\/2017\/07\/NI\u00d1OS-OBJETIVO.jpg 846w, https:\/\/grupomarin.org\/nuevaweb\/wp-content\/uploads\/2017\/07\/NI\u00d1OS-OBJETIVO-300x292.jpg 300w, https:\/\/grupomarin.org\/nuevaweb\/wp-content\/uploads\/2017\/07\/NI\u00d1OS-OBJETIVO-768x747.jpg 768w, https:\/\/grupomarin.org\/nuevaweb\/wp-content\/uploads\/2017\/07\/NI\u00d1OS-OBJETIVO-830x807.jpg 830w, https:\/\/grupomarin.org\/nuevaweb\/wp-content\/uploads\/2017\/07\/NI\u00d1OS-OBJETIVO-230x224.jpg 230w, https:\/\/grupomarin.org\/nuevaweb\/wp-content\/uploads\/2017\/07\/NI\u00d1OS-OBJETIVO-350x340.jpg 350w, https:\/\/grupomarin.org\/nuevaweb\/wp-content\/uploads\/2017\/07\/NI\u00d1OS-OBJETIVO-480x467.jpg 480w\" sizes=\"(max-width: 846px) 100vw, 846px\" \/>\t\t\t\t\t\t\t\t\t\t\t\t\t\t<\/div>\n\t\t\t\t\t\t<\/div>\n\t\t\t\t<\/div>\n\t\t\t\t\t\t<\/div>\n\t\t\t\t\t<\/div>\n\t\t<\/div>\n\t\t\t\t<div class=\"elementor-column elementor-col-66 elementor-top-column elementor-element elementor-element-sed56ea\" data-id=\"sed56ea\" data-element_type=\"column\">\n\t\t\t<div class=\"elementor-column-wrap elementor-element-populated\">\n\t\t\t\t\t\t\t<div class=\"elementor-widget-wrap\">\n\t\t\t\t\t\t<section class=\"elementor-section elementor-inner-section elementor-element elementor-element-796d1ni elementor-section-boxed elementor-section-height-default elementor-section-height-default\" data-id=\"796d1ni\" data-element_type=\"section\">\n\t\t\t\t\t\t<div class=\"elementor-container elementor-column-gap-default\">\n\t\t\t\t\t\t\t<div class=\"elementor-row\">\n\t\t\t\t\t<div class=\"elementor-column elementor-col-50 elementor-inner-column elementor-element elementor-element-5hzc843\" data-id=\"5hzc843\" data-element_type=\"column\">\n\t\t\t<div class=\"elementor-column-wrap elementor-element-populated\">\n\t\t\t\t\t\t\t<div class=\"elementor-widget-wrap\">\n\t\t\t\t\t\t<div class=\"elementor-element elementor-element-phrbm8e elementor-widget elementor-widget-text-editor\" data-id=\"phrbm8e\" data-element_type=\"widget\" data-widget_type=\"text-editor.default\">\n\t\t\t\t<div class=\"elementor-widget-container\">\n\t\t\t\t\t\t\t\t<div class=\"elementor-text-editor elementor-clearfix\">\n\t\t\t\t<ul><li><span style=\"font-size: 10pt;\"><span style=\"font-size: 10pt;\">Pueda expresar con los medios a su alcance necesidades b\u00e1sicas, estableciendo v\u00ednculos.<br \/><br \/><\/span><\/span><hr \/><span style=\"font-size: 10pt;\"><br \/><\/span><\/li><li><span style=\"font-size: 10pt;\"><span style=\"font-size: 10pt;\">Acepte el afecto que se le brinda y pueda expresar sus propios sentimientos en un marco de equilibrio.<br \/><br \/><\/span><\/span><hr \/><span style=\"font-size: 10pt;\"><br \/><\/span><\/li><li><span style=\"font-size: 10pt;\"><span style=\"font-size: 10pt;\">Construya un perfil de individualidad definido, y confianza en sus propias capacidades.<br \/><br \/><\/span><\/span><hr \/><span style=\"font-size: 10pt;\"><br \/><\/span><\/li><li><span style=\"font-size: 10pt;\"><span style=\"font-size: 10pt;\">Observe el entorno inmediato y los objetos que lo configuran atribuy\u00e9ndole significaci\u00f3n, e incidiendo en el, a trav\u00e9s del traspaso paulatino del control y del aprendizaje participativo que le ofrece el adulto.<br \/><br \/><\/span><\/span><hr \/><span style=\"font-size: 10pt;\"><br \/><\/span><\/li><li><span style=\"font-size: 10pt;\"><span style=\"font-size: 10pt;\">Descubra poco a poco que el otro tiene su propia identidad, sus deseos y posesiones que deben ser respetados.<br \/><br \/><\/span><\/span><hr \/><span style=\"font-size: 10pt;\"><br \/><\/span><\/li><li><span style=\"font-size: 10pt;\"><span style=\"font-size: 10pt;\">Decodifique mensajes verbales dentro de los contextos habituales, regulando su accionar al contenido de los mismos.<br \/><br \/><\/span><\/span><hr \/><span style=\"font-size: 10pt;\"><br \/><\/span><\/li><li><span style=\"font-size: 10pt;\"><span style=\"font-size: 10pt;\">Utilice el lenguaje para comunicarse con los dem\u00e1s, pares y adultos, expresando necesidades, emociones, sentimientos e ideas.<br \/><br \/><\/span><\/span><hr \/><\/li><\/ul>\t\t\t\t\t<\/div>\n\t\t\t\t\t\t<\/div>\n\t\t\t\t<\/div>\n\t\t\t\t\t\t<\/div>\n\t\t\t\t\t<\/div>\n\t\t<\/div>\n\t\t\t\t<div class=\"elementor-column elementor-col-50 elementor-inner-column elementor-element elementor-element-c4ia4ue\" data-id=\"c4ia4ue\" data-element_type=\"column\">\n\t\t\t<div class=\"elementor-column-wrap elementor-element-populated\">\n\t\t\t\t\t\t\t<div class=\"elementor-widget-wrap\">\n\t\t\t\t\t\t<div class=\"elementor-element elementor-element-cslzw00 elementor-widget elementor-widget-text-editor\" data-id=\"cslzw00\" data-element_type=\"widget\" data-widget_type=\"text-editor.default\">\n\t\t\t\t<div class=\"elementor-widget-container\">\n\t\t\t\t\t\t\t\t<div class=\"elementor-text-editor elementor-clearfix\">\n\t\t\t\t<ul><li><span style=\"font-size: 10pt;\"><span style=\"font-size: 10pt;\">Pueda integrarse en las propuestas l\u00fadicas grupales, as\u00ed como a rutinas y\/o proyectos, disfrutando con ello.<br \/><br \/><\/span><\/span><hr \/><span style=\"font-size: 10pt;\"><br \/><\/span><\/li><li><span style=\"font-size: 10pt;\"><span style=\"font-size: 10pt;\">Cocientice su esquema corporal total y parcial, sus limitaciones y capacidades, posibilidades de acci\u00f3n y actitudes b\u00e1sicas de cuidado e higiene.<br \/><br \/><\/span><\/span><hr \/><span style=\"font-size: 10pt;\"><br \/><\/span><\/li><li><span style=\"font-size: 10pt;\"><span style=\"font-size: 10pt;\">Descubra distintos lenguajes de expresi\u00f3n como el gestual y\/o gr\u00e1fico; cante canciones y disfrute de la m\u00fasica y la literatura.<br \/><br \/><\/span><\/span><hr \/><span style=\"font-size: 10pt;\"><br \/><\/span><\/li><li><span style=\"font-size: 10pt;\"><span style=\"font-size: 10pt;\">Incorpore la oraci\u00f3n como h\u00e1bito de la vida cotidiana.<br \/><br \/><\/span><\/span><hr \/><span style=\"font-size: 10pt;\"><br \/><\/span><\/li><li><span style=\"font-size: 10pt;\"><span style=\"font-size: 10pt;\">Acepte la pertenencia del Jard\u00edn Maternal y sus expresiones sean de acuerdo con el nivel madurativo, y de acuerdo con el goce o alegr\u00eda de las experiencias vividas en el.<br \/><br \/><\/span><\/span><hr \/><span style=\"font-size: 10pt;\"><br \/><\/span><\/li><li><span style=\"font-size: 10pt;\">Disfrute de la convivencia democr\u00e1tica, el pluralismo, la solidaridad, la b\u00fasqueda del bien com\u00fan y el respeto por si mismo y por el otro, sin discriminaci\u00f3n alguna.<\/span><\/li><\/ul>\t\t\t\t\t<\/div>\n\t\t\t\t\t\t<\/div>\n\t\t\t\t<\/div>\n\t\t\t\t\t\t<\/div>\n\t\t\t\t\t<\/div>\n\t\t<\/div>\n\t\t\t\t\t\t\t\t<\/div>\n\t\t\t\t\t<\/div>\n\t\t<\/section>\n\t\t\t\t\t\t<\/div>\n\t\t\t\t\t<\/div>\n\t\t<\/div>\n\t\t\t\t\t\t\t\t<\/div>\n\t\t\t\t\t<\/div>\n\t\t<\/section>\n\t\t\t\t\t\t\t\t\t<\/div>\n\t\t\t<\/div>\n\t\t\t\t\t<\/div>\n\t\t","protected":false},"excerpt":{"rendered":"<p>Pueda expresar con los medios [&hellip;]<\/p>\n","protected":false},"author":1,"featured_media":0,"parent":2874,"menu_order":0,"comment_status":"closed","ping_status":"closed","template":"page-templates\/page_fullwidth.php","meta":[],"_links":{"self":[{"href":"https:\/\/grupomarin.org\/nuevaweb\/wp-json\/wp\/v2\/pages\/3157"}],"collection":[{"href":"https:\/\/grupomarin.org\/nuevaweb\/wp-json\/wp\/v2\/pages"}],"about":[{"href":"https:\/\/grupomarin.org\/nuevaweb\/wp-json\/wp\/v2\/types\/page"}],"author":[{"embeddable":true,"href":"https:\/\/grupomarin.org\/nuevaweb\/wp-json\/wp\/v2\/users\/1"}],"replies":[{"embeddable":true,"href":"https:\/\/grupomarin.org\/nuevaweb\/wp-json\/wp\/v2\/comments?post=3157"}],"version-history":[{"count":3,"href":"https:\/\/grupomarin.org\/nuevaweb\/wp-json\/wp\/v2\/pages\/3157\/revisions"}],"predecessor-version":[{"id":3164,"href":"https:\/\/grupomarin.org\/nuevaweb\/wp-json\/wp\/v2\/pages\/3157\/revisions\/3164"}],"up":[{"embeddable":true,"href":"https:\/\/grupomarin.org\/nuevaweb\/wp-json\/wp\/v2\/pages\/2874"}],"wp:attachment":[{"href":"https:\/\/grupomarin.org\/nuevaweb\/wp-json\/wp\/v2\/media?parent=3157"}],"curies":[{"name":"wp","href":"https:\/\/api.w.org\/{rel}","templated":true}]}}