{"id":1417,"date":"2016-07-26T12:16:02","date_gmt":"2016-07-26T12:16:02","guid":{"rendered":"http:\/\/grupomarin.org\/nuevaweb\/?page_id=1417"},"modified":"2025-05-29T18:02:29","modified_gmt":"2025-05-29T18:02:29","slug":"educacion-primaria-cam","status":"publish","type":"page","link":"https:\/\/grupomarin.org\/nuevaweb\/arriola\/educacion-primaria-cam\/","title":{"rendered":"Educaci\u00f3n Primaria Cam"},"content":{"rendered":"\t\t<div data-elementor-type=\"wp-post\" data-elementor-id=\"1417\" class=\"elementor elementor-1417\">\n\t\t\t\t\t\t<div class=\"elementor-inner\">\n\t\t\t\t<div class=\"elementor-section-wrap\">\n\t\t\t\t\t\t\t\t\t<section class=\"elementor-section elementor-top-section elementor-element elementor-element-t5btpur elementor-section-boxed elementor-section-height-default elementor-section-height-default\" data-id=\"t5btpur\" data-element_type=\"section\">\n\t\t\t\t\t\t<div class=\"elementor-container elementor-column-gap-default\">\n\t\t\t\t\t\t\t<div class=\"elementor-row\">\n\t\t\t\t\t<div class=\"elementor-column elementor-col-100 elementor-top-column elementor-element elementor-element-zfufizq\" data-id=\"zfufizq\" data-element_type=\"column\">\n\t\t\t<div class=\"elementor-column-wrap elementor-element-populated\">\n\t\t\t\t\t\t\t<div class=\"elementor-widget-wrap\">\n\t\t\t\t\t\t<div class=\"elementor-element elementor-element-ou087fo elementor-widget elementor-widget-image\" data-id=\"ou087fo\" data-element_type=\"widget\" data-widget_type=\"image.default\">\n\t\t\t\t<div class=\"elementor-widget-container\">\n\t\t\t\t\t\t\t\t<div class=\"elementor-image\">\n\t\t\t\t\t\t\t\t\t\t\t\t<img width=\"1533\" height=\"1022\" src=\"https:\/\/grupomarin.org\/nuevaweb\/wp-content\/uploads\/2025\/05\/IMG_0149.jpg\" class=\"attachment-full size-full\" alt=\"\" loading=\"lazy\" srcset=\"https:\/\/grupomarin.org\/nuevaweb\/wp-content\/uploads\/2025\/05\/IMG_0149.jpg 1533w, https:\/\/grupomarin.org\/nuevaweb\/wp-content\/uploads\/2025\/05\/IMG_0149-300x200.jpg 300w, https:\/\/grupomarin.org\/nuevaweb\/wp-content\/uploads\/2025\/05\/IMG_0149-1024x683.jpg 1024w, https:\/\/grupomarin.org\/nuevaweb\/wp-content\/uploads\/2025\/05\/IMG_0149-768x512.jpg 768w, https:\/\/grupomarin.org\/nuevaweb\/wp-content\/uploads\/2025\/05\/IMG_0149-920x613.jpg 920w, https:\/\/grupomarin.org\/nuevaweb\/wp-content\/uploads\/2025\/05\/IMG_0149-230x153.jpg 230w, https:\/\/grupomarin.org\/nuevaweb\/wp-content\/uploads\/2025\/05\/IMG_0149-350x233.jpg 350w, https:\/\/grupomarin.org\/nuevaweb\/wp-content\/uploads\/2025\/05\/IMG_0149-480x320.jpg 480w\" sizes=\"(max-width: 1533px) 100vw, 1533px\" \/>\t\t\t\t\t\t\t\t\t\t\t\t\t\t<\/div>\n\t\t\t\t\t\t<\/div>\n\t\t\t\t<\/div>\n\t\t\t\t<div class=\"elementor-element elementor-element-o7s5nga elementor-widget elementor-widget-spacer\" data-id=\"o7s5nga\" data-element_type=\"widget\" data-widget_type=\"spacer.default\">\n\t\t\t\t<div class=\"elementor-widget-container\">\n\t\t\t\t\t<div class=\"elementor-spacer\">\n\t\t\t<div class=\"elementor-spacer-inner\"><\/div>\n\t\t<\/div>\n\t\t\t\t<\/div>\n\t\t\t\t<\/div>\n\t\t\t\t\t\t<\/div>\n\t\t\t\t\t<\/div>\n\t\t<\/div>\n\t\t\t\t\t\t\t\t<\/div>\n\t\t\t\t\t<\/div>\n\t\t<\/section>\n\t\t\t\t<section class=\"elementor-section elementor-top-section elementor-element elementor-element-poh0jcr elementor-hidden-phone elementor-section-boxed elementor-section-height-default elementor-section-height-default\" data-id=\"poh0jcr\" data-element_type=\"section\">\n\t\t\t\t\t\t<div class=\"elementor-container elementor-column-gap-default\">\n\t\t\t\t\t\t\t<div class=\"elementor-row\">\n\t\t\t\t\t<div class=\"elementor-column elementor-col-33 elementor-top-column elementor-element elementor-element-i8dzib1\" data-id=\"i8dzib1\" data-element_type=\"column\">\n\t\t\t<div class=\"elementor-column-wrap elementor-element-populated\">\n\t\t\t\t\t\t\t<div class=\"elementor-widget-wrap\">\n\t\t\t\t\t\t<div class=\"elementor-element elementor-element-pyvnt4c elementor-widget elementor-widget-image\" data-id=\"pyvnt4c\" data-element_type=\"widget\" data-widget_type=\"image.default\">\n\t\t\t\t<div class=\"elementor-widget-container\">\n\t\t\t\t\t\t\t\t<div class=\"elementor-image\">\n\t\t\t\t\t\t\t\t\t\t\t\t<img width=\"521\" height=\"1265\" src=\"https:\/\/grupomarin.org\/nuevaweb\/wp-content\/uploads\/2017\/06\/portprimaria.jpg\" class=\"attachment-full size-full\" alt=\"actividades de alumnos\" loading=\"lazy\" srcset=\"https:\/\/grupomarin.org\/nuevaweb\/wp-content\/uploads\/2017\/06\/portprimaria.jpg 521w, https:\/\/grupomarin.org\/nuevaweb\/wp-content\/uploads\/2017\/06\/portprimaria-124x300.jpg 124w, https:\/\/grupomarin.org\/nuevaweb\/wp-content\/uploads\/2017\/06\/portprimaria-422x1024.jpg 422w, https:\/\/grupomarin.org\/nuevaweb\/wp-content\/uploads\/2017\/06\/portprimaria-230x558.jpg 230w, https:\/\/grupomarin.org\/nuevaweb\/wp-content\/uploads\/2017\/06\/portprimaria-350x850.jpg 350w, https:\/\/grupomarin.org\/nuevaweb\/wp-content\/uploads\/2017\/06\/portprimaria-480x1165.jpg 480w\" sizes=\"(max-width: 521px) 100vw, 521px\" \/>\t\t\t\t\t\t\t\t\t\t\t\t\t\t<\/div>\n\t\t\t\t\t\t<\/div>\n\t\t\t\t<\/div>\n\t\t\t\t\t\t<\/div>\n\t\t\t\t\t<\/div>\n\t\t<\/div>\n\t\t\t\t<div class=\"elementor-column elementor-col-66 elementor-top-column elementor-element elementor-element-kt6l11k\" data-id=\"kt6l11k\" data-element_type=\"column\">\n\t\t\t<div class=\"elementor-column-wrap elementor-element-populated\">\n\t\t\t\t\t\t\t<div class=\"elementor-widget-wrap\">\n\t\t\t\t\t\t<div class=\"elementor-element elementor-element-5d7zy4o elementor-widget elementor-widget-heading\" data-id=\"5d7zy4o\" data-element_type=\"widget\" data-widget_type=\"heading.default\">\n\t\t\t\t<div class=\"elementor-widget-container\">\n\t\t\t<h1 class=\"elementor-heading-title elementor-size-default\">PRIMARIA<\/h1>\t\t<\/div>\n\t\t\t\t<\/div>\n\t\t\t\t<div class=\"elementor-element elementor-element-p9e3vcf elementor-widget elementor-widget-text-editor\" data-id=\"p9e3vcf\" data-element_type=\"widget\" data-widget_type=\"text-editor.default\">\n\t\t\t\t<div class=\"elementor-widget-container\">\n\t\t\t\t\t\t\t\t<div class=\"elementor-text-editor elementor-clearfix\">\n\t\t\t\t<p>La<strong> formaci\u00f3n de valores<\/strong> y en <strong>crecimiento en la fe<\/strong>\u00a0son pilares de nuestra instituci\u00f3n que se vivencian y se trabajan a lo largo de toda la escolaridad.<\/p><p>La educaci\u00f3n primaria, en el marco de favorecer el aprender a pensar, se propone desaf\u00edos para el <strong>desarrollo integral\u00a0<\/strong>de la persona, desde los primeros pasos con la alfabetizaci\u00f3n hasta la profundizaci\u00f3n en el desarrollo de habilidades. Trabajamos con las diferentes capacidades de los ni\u00f1os, favoreciendo una educaci\u00f3n integral que les permita insertarse en nuevos escenarios, adaptarse a situaciones in\u00e9ditas y resolver problem\u00e1ticas en forma creativa.<\/p><p>La\u00a0<strong>educaci\u00f3n emocional<\/strong> forma parte de nuestra propuesta y es aqu\u00ed donde se conjugan el ser persona y la capacidad de relacionarse con el entono, poniendo de manifiesto los valores cristianos al servicio personal y para con el otro.<\/p><p>El\u00a0<strong>trabajo en equipo\u00a0<\/strong>es uno de los desaf\u00edos del nivel, que pone de manifiesto las habilidades interpersonales y emocionales de cada uno de nuestros alumnos. Este trabajo une a la familia y al colegio en la educaci\u00f3n de la fe, ya que juntos preparamos a los alumnos para recibir el sacramento de la Reconciliaci\u00f3n y la Comuni\u00f3n, fomentando as\u00ed un camino de espiritualidad en esta etapa donde est\u00e1 en pleno desarrollo la personalidad de cada ni\u00f1o.<\/p>\t\t\t\t\t<\/div>\n\t\t\t\t\t\t<\/div>\n\t\t\t\t<\/div>\n\t\t\t\t\t\t<\/div>\n\t\t\t\t\t<\/div>\n\t\t<\/div>\n\t\t\t\t\t\t\t\t<\/div>\n\t\t\t\t\t<\/div>\n\t\t<\/section>\n\t\t\t\t<section class=\"elementor-section elementor-top-section elementor-element elementor-element-lexjrxm elementor-section-boxed elementor-section-height-default elementor-section-height-default\" data-id=\"lexjrxm\" data-element_type=\"section\">\n\t\t\t\t\t\t<div class=\"elementor-container elementor-column-gap-default\">\n\t\t\t\t\t\t\t<div class=\"elementor-row\">\n\t\t\t\t\t<div class=\"elementor-column elementor-col-100 elementor-top-column elementor-element elementor-element-ir9d3nn\" data-id=\"ir9d3nn\" data-element_type=\"column\">\n\t\t\t<div class=\"elementor-column-wrap elementor-element-populated\">\n\t\t\t\t\t\t\t<div class=\"elementor-widget-wrap\">\n\t\t\t\t\t\t<div class=\"elementor-element elementor-element-cx99zqh elementor-widget elementor-widget-spacer\" data-id=\"cx99zqh\" data-element_type=\"widget\" data-widget_type=\"spacer.default\">\n\t\t\t\t<div class=\"elementor-widget-container\">\n\t\t\t\t\t<div class=\"elementor-spacer\">\n\t\t\t<div class=\"elementor-spacer-inner\"><\/div>\n\t\t<\/div>\n\t\t\t\t<\/div>\n\t\t\t\t<\/div>\n\t\t\t\t<div class=\"elementor-element elementor-element-luodrb8 elementor-widget-divider--view-line elementor-widget elementor-widget-divider\" data-id=\"luodrb8\" data-element_type=\"widget\" data-widget_type=\"divider.default\">\n\t\t\t\t<div class=\"elementor-widget-container\">\n\t\t\t\t\t<div class=\"elementor-divider\">\n\t\t\t<span class=\"elementor-divider-separator\">\n\t\t\t\t\t\t<\/span>\n\t\t<\/div>\n\t\t\t\t<\/div>\n\t\t\t\t<\/div>\n\t\t\t\t\t\t<\/div>\n\t\t\t\t\t<\/div>\n\t\t<\/div>\n\t\t\t\t\t\t\t\t<\/div>\n\t\t\t\t\t<\/div>\n\t\t<\/section>\n\t\t\t\t<section class=\"elementor-section elementor-top-section elementor-element elementor-element-h34buse elementor-section-boxed elementor-section-height-default elementor-section-height-default\" data-id=\"h34buse\" data-element_type=\"section\">\n\t\t\t\t\t\t<div class=\"elementor-container elementor-column-gap-default\">\n\t\t\t\t\t\t\t<div class=\"elementor-row\">\n\t\t\t\t\t<div class=\"elementor-column elementor-col-25 elementor-top-column elementor-element elementor-element-v6cx9dy\" data-id=\"v6cx9dy\" data-element_type=\"column\">\n\t\t\t<div class=\"elementor-column-wrap elementor-element-populated\">\n\t\t\t\t\t\t\t<div class=\"elementor-widget-wrap\">\n\t\t\t\t\t\t<div class=\"elementor-element elementor-element-6goqib0 elementor-widget elementor-widget-image\" data-id=\"6goqib0\" data-element_type=\"widget\" data-widget_type=\"image.default\">\n\t\t\t\t<div class=\"elementor-widget-container\">\n\t\t\t\t\t\t\t\t<div class=\"elementor-image\">\n\t\t\t\t\t\t\t\t\t\t\t\t\t<a href=\"http:\/\/grupomarin.org\/nuevaweb\/?page_id=3016\">\n\t\t\t\t\t\t\t<img width=\"250\" height=\"336\" src=\"https:\/\/grupomarin.org\/nuevaweb\/wp-content\/uploads\/2017\/06\/DEPSORTES.jpg\" class=\"attachment-large size-large\" alt=\"secci\u00f3n \u00e1rea deportes\" loading=\"lazy\" srcset=\"https:\/\/grupomarin.org\/nuevaweb\/wp-content\/uploads\/2017\/06\/DEPSORTES.jpg 250w, https:\/\/grupomarin.org\/nuevaweb\/wp-content\/uploads\/2017\/06\/DEPSORTES-223x300.jpg 223w, https:\/\/grupomarin.org\/nuevaweb\/wp-content\/uploads\/2017\/06\/DEPSORTES-230x309.jpg 230w\" sizes=\"(max-width: 250px) 100vw, 250px\" \/>\t\t\t\t\t\t\t\t<\/a>\n\t\t\t\t\t\t\t\t\t\t\t\t\t\t<\/div>\n\t\t\t\t\t\t<\/div>\n\t\t\t\t<\/div>\n\t\t\t\t\t\t<\/div>\n\t\t\t\t\t<\/div>\n\t\t<\/div>\n\t\t\t\t<div class=\"elementor-column elementor-col-25 elementor-top-column elementor-element elementor-element-9y2lq5j\" data-id=\"9y2lq5j\" data-element_type=\"column\">\n\t\t\t<div class=\"elementor-column-wrap elementor-element-populated\">\n\t\t\t\t\t\t\t<div class=\"elementor-widget-wrap\">\n\t\t\t\t\t\t<div class=\"elementor-element elementor-element-sfz1trc elementor-widget elementor-widget-image\" data-id=\"sfz1trc\" data-element_type=\"widget\" data-widget_type=\"image.default\">\n\t\t\t\t<div class=\"elementor-widget-container\">\n\t\t\t\t\t\t\t\t<div class=\"elementor-image\">\n\t\t\t\t\t\t\t\t\t\t\t\t\t<a href=\"http:\/\/grupomarin.org\/nuevaweb\/?page_id=3063\">\n\t\t\t\t\t\t\t<img width=\"250\" height=\"336\" src=\"https:\/\/grupomarin.org\/nuevaweb\/wp-content\/uploads\/2017\/06\/AREAINGLES.jpg\" class=\"attachment-large size-large\" alt=\"secci\u00f3n \u00e1rea ingl\u00e9s\" loading=\"lazy\" srcset=\"https:\/\/grupomarin.org\/nuevaweb\/wp-content\/uploads\/2017\/06\/AREAINGLES.jpg 250w, https:\/\/grupomarin.org\/nuevaweb\/wp-content\/uploads\/2017\/06\/AREAINGLES-223x300.jpg 223w, https:\/\/grupomarin.org\/nuevaweb\/wp-content\/uploads\/2017\/06\/AREAINGLES-230x309.jpg 230w\" sizes=\"(max-width: 250px) 100vw, 250px\" \/>\t\t\t\t\t\t\t\t<\/a>\n\t\t\t\t\t\t\t\t\t\t\t\t\t\t<\/div>\n\t\t\t\t\t\t<\/div>\n\t\t\t\t<\/div>\n\t\t\t\t\t\t<\/div>\n\t\t\t\t\t<\/div>\n\t\t<\/div>\n\t\t\t\t<div class=\"elementor-column elementor-col-25 elementor-top-column elementor-element elementor-element-6zv976u\" data-id=\"6zv976u\" data-element_type=\"column\">\n\t\t\t<div class=\"elementor-column-wrap elementor-element-populated\">\n\t\t\t\t\t\t\t<div class=\"elementor-widget-wrap\">\n\t\t\t\t\t\t<div class=\"elementor-element elementor-element-m8mpzhr elementor-widget elementor-widget-image\" data-id=\"m8mpzhr\" data-element_type=\"widget\" data-widget_type=\"image.default\">\n\t\t\t\t<div class=\"elementor-widget-container\">\n\t\t\t\t\t\t\t\t<div class=\"elementor-image\">\n\t\t\t\t\t\t\t\t\t\t\t\t\t<a href=\"http:\/\/grupomarin.org\/nuevaweb\/?page_id=3040\">\n\t\t\t\t\t\t\t<img width=\"250\" height=\"336\" src=\"https:\/\/grupomarin.org\/nuevaweb\/wp-content\/uploads\/2017\/06\/AREAARTES.jpg\" class=\"attachment-large size-large\" alt=\"secci\u00f3n \u00e1rea artes\" loading=\"lazy\" srcset=\"https:\/\/grupomarin.org\/nuevaweb\/wp-content\/uploads\/2017\/06\/AREAARTES.jpg 250w, https:\/\/grupomarin.org\/nuevaweb\/wp-content\/uploads\/2017\/06\/AREAARTES-223x300.jpg 223w, https:\/\/grupomarin.org\/nuevaweb\/wp-content\/uploads\/2017\/06\/AREAARTES-230x309.jpg 230w\" sizes=\"(max-width: 250px) 100vw, 250px\" \/>\t\t\t\t\t\t\t\t<\/a>\n\t\t\t\t\t\t\t\t\t\t\t\t\t\t<\/div>\n\t\t\t\t\t\t<\/div>\n\t\t\t\t<\/div>\n\t\t\t\t\t\t<\/div>\n\t\t\t\t\t<\/div>\n\t\t<\/div>\n\t\t\t\t<div class=\"elementor-column elementor-col-25 elementor-top-column elementor-element elementor-element-don3cxk\" data-id=\"don3cxk\" data-element_type=\"column\">\n\t\t\t<div class=\"elementor-column-wrap elementor-element-populated\">\n\t\t\t\t\t\t\t<div class=\"elementor-widget-wrap\">\n\t\t\t\t\t\t<div class=\"elementor-element elementor-element-ojgb4ey elementor-widget elementor-widget-image\" data-id=\"ojgb4ey\" data-element_type=\"widget\" data-widget_type=\"image.default\">\n\t\t\t\t<div class=\"elementor-widget-container\">\n\t\t\t\t\t\t\t\t<div class=\"elementor-image\">\n\t\t\t\t\t\t\t\t\t\t\t\t\t<a href=\"http:\/\/grupomarin.org\/nuevaweb\/?page_id=3122\">\n\t\t\t\t\t\t\t<img width=\"250\" height=\"336\" src=\"https:\/\/grupomarin.org\/nuevaweb\/wp-content\/uploads\/2017\/06\/area-act.jpg\" class=\"attachment-full size-full\" alt=\"secci\u00f3n \u00e1rea actividades\" loading=\"lazy\" srcset=\"https:\/\/grupomarin.org\/nuevaweb\/wp-content\/uploads\/2017\/06\/area-act.jpg 250w, https:\/\/grupomarin.org\/nuevaweb\/wp-content\/uploads\/2017\/06\/area-act-223x300.jpg 223w, https:\/\/grupomarin.org\/nuevaweb\/wp-content\/uploads\/2017\/06\/area-act-230x309.jpg 230w\" sizes=\"(max-width: 250px) 100vw, 250px\" \/>\t\t\t\t\t\t\t\t<\/a>\n\t\t\t\t\t\t\t\t\t\t\t\t\t\t<\/div>\n\t\t\t\t\t\t<\/div>\n\t\t\t\t<\/div>\n\t\t\t\t\t\t<\/div>\n\t\t\t\t\t<\/div>\n\t\t<\/div>\n\t\t\t\t\t\t\t\t<\/div>\n\t\t\t\t\t<\/div>\n\t\t<\/section>\n\t\t\t\t<section class=\"elementor-section elementor-top-section elementor-element elementor-element-x6t2zx4 elementor-section-boxed elementor-section-height-default elementor-section-height-default\" data-id=\"x6t2zx4\" data-element_type=\"section\">\n\t\t\t\t\t\t<div class=\"elementor-container elementor-column-gap-default\">\n\t\t\t\t\t\t\t<div class=\"elementor-row\">\n\t\t\t\t\t<div class=\"elementor-column elementor-col-100 elementor-top-column elementor-element elementor-element-pxqxyki\" data-id=\"pxqxyki\" data-element_type=\"column\">\n\t\t\t<div class=\"elementor-column-wrap elementor-element-populated\">\n\t\t\t\t\t\t\t<div class=\"elementor-widget-wrap\">\n\t\t\t\t\t\t<div class=\"elementor-element elementor-element-n7blpu7 elementor-widget elementor-widget-spacer\" data-id=\"n7blpu7\" data-element_type=\"widget\" data-widget_type=\"spacer.default\">\n\t\t\t\t<div class=\"elementor-widget-container\">\n\t\t\t\t\t<div class=\"elementor-spacer\">\n\t\t\t<div class=\"elementor-spacer-inner\"><\/div>\n\t\t<\/div>\n\t\t\t\t<\/div>\n\t\t\t\t<\/div>\n\t\t\t\t<div class=\"elementor-element elementor-element-f3q6dj4 elementor-widget-divider--view-line elementor-widget elementor-widget-divider\" data-id=\"f3q6dj4\" data-element_type=\"widget\" data-widget_type=\"divider.default\">\n\t\t\t\t<div class=\"elementor-widget-container\">\n\t\t\t\t\t<div class=\"elementor-divider\">\n\t\t\t<span class=\"elementor-divider-separator\">\n\t\t\t\t\t\t<\/span>\n\t\t<\/div>\n\t\t\t\t<\/div>\n\t\t\t\t<\/div>\n\t\t\t\t\t\t<\/div>\n\t\t\t\t\t<\/div>\n\t\t<\/div>\n\t\t\t\t\t\t\t\t<\/div>\n\t\t\t\t\t<\/div>\n\t\t<\/section>\n\t\t\t\t<section class=\"elementor-section elementor-top-section elementor-element elementor-element-pm498iu elementor-section-boxed elementor-section-height-default elementor-section-height-default\" data-id=\"pm498iu\" data-element_type=\"section\" data-settings=\"{&quot;background_background&quot;:&quot;classic&quot;}\">\n\t\t\t\t\t\t<div class=\"elementor-container elementor-column-gap-default\">\n\t\t\t\t\t\t\t<div class=\"elementor-row\">\n\t\t\t\t\t<div class=\"elementor-column elementor-col-100 elementor-top-column elementor-element elementor-element-9v6q870\" data-id=\"9v6q870\" data-element_type=\"column\">\n\t\t\t<div class=\"elementor-column-wrap elementor-element-populated\">\n\t\t\t\t\t\t\t<div class=\"elementor-widget-wrap\">\n\t\t\t\t\t\t<div class=\"elementor-element elementor-element-ng58o95 elementor-widget elementor-widget-text-editor\" data-id=\"ng58o95\" data-element_type=\"widget\" data-widget_type=\"text-editor.default\">\n\t\t\t\t<div class=\"elementor-widget-container\">\n\t\t\t\t\t\t\t\t<div class=\"elementor-text-editor elementor-clearfix\">\n\t\t\t\t<p style=\"text-align: left;\"><span style=\"font-size: 10pt;\">EQUIPO DE ORIENTACI\u00d3N ESCOLAR (EOE)<\/span><\/p><hr \/><p style=\"text-align: justify;\"><span style=\"font-size: 10pt;\">Acompa\u00f1amos junto con los equipos directivos el sostenimiento de las trayectorias escolares de los ni\u00f1os, ni\u00f1as, y adolescentes identificando sus capacidades y talentos para que sean formadores de la realidad. Realizamos tareas de prevenci\u00f3n desde lo psicopedag\u00f3gico y psicol\u00f3gico, sobre las dificultades y\/o situaciones que afecten el aprendizaje y la adaptaci\u00f3n escolar.<\/span><br \/><span style=\"font-size: 10pt;\">Abordamos las problem\u00e1ticas psicol\u00f3gicas, pedag\u00f3gicas y sociales inherentes a la promoci\u00f3n de la salud integral a trav\u00e9s de intervenciones orientadoras, de asesoramiento y de apoyo a cada miembro de la comunidad educativa.<\/span><\/p>\t\t\t\t\t<\/div>\n\t\t\t\t\t\t<\/div>\n\t\t\t\t<\/div>\n\t\t\t\t\t\t<\/div>\n\t\t\t\t\t<\/div>\n\t\t<\/div>\n\t\t\t\t\t\t\t\t<\/div>\n\t\t\t\t\t<\/div>\n\t\t<\/section>\n\t\t\t\t<section class=\"elementor-section elementor-top-section elementor-element elementor-element-jd6ohku elementor-section-boxed elementor-section-height-default elementor-section-height-default\" data-id=\"jd6ohku\" data-element_type=\"section\">\n\t\t\t\t\t\t<div class=\"elementor-container elementor-column-gap-default\">\n\t\t\t\t\t\t\t<div class=\"elementor-row\">\n\t\t\t\t\t\t\t\t\t<\/div>\n\t\t\t\t\t<\/div>\n\t\t<\/section>\n\t\t\t\t\t\t\t\t\t<\/div>\n\t\t\t<\/div>\n\t\t\t\t\t<\/div>\n\t\t","protected":false},"excerpt":{"rendered":"<p>PRIMARIA La formaci\u00f3n de valores [&hellip;]<\/p>\n","protected":false},"author":1,"featured_media":0,"parent":3273,"menu_order":0,"comment_status":"closed","ping_status":"closed","template":"page-templates\/page_fullwidth.php","meta":[],"_links":{"self":[{"href":"https:\/\/grupomarin.org\/nuevaweb\/wp-json\/wp\/v2\/pages\/1417"}],"collection":[{"href":"https:\/\/grupomarin.org\/nuevaweb\/wp-json\/wp\/v2\/pages"}],"about":[{"href":"https:\/\/grupomarin.org\/nuevaweb\/wp-json\/wp\/v2\/types\/page"}],"author":[{"embeddable":true,"href":"https:\/\/grupomarin.org\/nuevaweb\/wp-json\/wp\/v2\/users\/1"}],"replies":[{"embeddable":true,"href":"https:\/\/grupomarin.org\/nuevaweb\/wp-json\/wp\/v2\/comments?post=1417"}],"version-history":[{"count":28,"href":"https:\/\/grupomarin.org\/nuevaweb\/wp-json\/wp\/v2\/pages\/1417\/revisions"}],"predecessor-version":[{"id":6907,"href":"https:\/\/grupomarin.org\/nuevaweb\/wp-json\/wp\/v2\/pages\/1417\/revisions\/6907"}],"up":[{"embeddable":true,"href":"https:\/\/grupomarin.org\/nuevaweb\/wp-json\/wp\/v2\/pages\/3273"}],"wp:attachment":[{"href":"https:\/\/grupomarin.org\/nuevaweb\/wp-json\/wp\/v2\/media?parent=1417"}],"curies":[{"name":"wp","href":"https:\/\/api.w.org\/{rel}","templated":true}]}}