{"id":1000,"date":"2016-07-01T15:40:37","date_gmt":"2016-07-01T15:40:37","guid":{"rendered":"http:\/\/grupomarin.org\/nuevaweb\/?page_id=1000"},"modified":"2017-08-25T14:02:27","modified_gmt":"2017-08-25T14:02:27","slug":"en-las-redes-sociales","status":"publish","type":"page","link":"https:\/\/grupomarin.org\/nuevaweb\/en-las-redes-sociales\/","title":{"rendered":"En las redes sociales"},"content":{"rendered":"\t\t<div data-elementor-type=\"wp-post\" data-elementor-id=\"1000\" class=\"elementor elementor-1000 elementor-bc-flex-widget\">\n\t\t\t\t\t\t<div class=\"elementor-inner\">\n\t\t\t\t<div class=\"elementor-section-wrap\">\n\t\t\t\t\t\t\t\t\t<section class=\"elementor-section elementor-top-section elementor-element elementor-element-o4ok1je elementor-section-boxed elementor-section-height-default elementor-section-height-default\" data-id=\"o4ok1je\" data-element_type=\"section\">\n\t\t\t\t\t\t<div class=\"elementor-container elementor-column-gap-default\">\n\t\t\t\t\t\t\t<div class=\"elementor-row\">\n\t\t\t\t\t<div class=\"elementor-column elementor-col-100 elementor-top-column elementor-element elementor-element-96v45x7\" data-id=\"96v45x7\" data-element_type=\"column\">\n\t\t\t<div class=\"elementor-column-wrap elementor-element-populated\">\n\t\t\t\t\t\t\t<div class=\"elementor-widget-wrap\">\n\t\t\t\t\t\t<div class=\"elementor-element elementor-element-las3c6p elementor-widget elementor-widget-image\" data-id=\"las3c6p\" data-element_type=\"widget\" data-widget_type=\"image.default\">\n\t\t\t\t<div class=\"elementor-widget-container\">\n\t\t\t\t\t\t\t\t<div class=\"elementor-image\">\n\t\t\t\t\t\t\t\t\t\t\t\t<img width=\"1000\" height=\"418\" src=\"https:\/\/grupomarin.org\/nuevaweb\/wp-content\/uploads\/2017\/08\/social.jpg\" class=\"attachment-large size-large\" alt=\"tecnologia\" loading=\"lazy\" srcset=\"https:\/\/grupomarin.org\/nuevaweb\/wp-content\/uploads\/2017\/08\/social.jpg 1000w, https:\/\/grupomarin.org\/nuevaweb\/wp-content\/uploads\/2017\/08\/social-300x125.jpg 300w, https:\/\/grupomarin.org\/nuevaweb\/wp-content\/uploads\/2017\/08\/social-768x321.jpg 768w, https:\/\/grupomarin.org\/nuevaweb\/wp-content\/uploads\/2017\/08\/social-830x347.jpg 830w, https:\/\/grupomarin.org\/nuevaweb\/wp-content\/uploads\/2017\/08\/social-230x96.jpg 230w, https:\/\/grupomarin.org\/nuevaweb\/wp-content\/uploads\/2017\/08\/social-350x146.jpg 350w, https:\/\/grupomarin.org\/nuevaweb\/wp-content\/uploads\/2017\/08\/social-480x201.jpg 480w\" sizes=\"(max-width: 1000px) 100vw, 1000px\" \/>\t\t\t\t\t\t\t\t\t\t\t\t\t\t<\/div>\n\t\t\t\t\t\t<\/div>\n\t\t\t\t<\/div>\n\t\t\t\t<div class=\"elementor-element elementor-element-9tp743h elementor-widget elementor-widget-spacer\" data-id=\"9tp743h\" data-element_type=\"widget\" data-widget_type=\"spacer.default\">\n\t\t\t\t<div class=\"elementor-widget-container\">\n\t\t\t\t\t<div class=\"elementor-spacer\">\n\t\t\t<div class=\"elementor-spacer-inner\"><\/div>\n\t\t<\/div>\n\t\t\t\t<\/div>\n\t\t\t\t<\/div>\n\t\t\t\t\t\t<\/div>\n\t\t\t\t\t<\/div>\n\t\t<\/div>\n\t\t\t\t\t\t\t\t<\/div>\n\t\t\t\t\t<\/div>\n\t\t<\/section>\n\t\t\t\t<section class=\"elementor-section elementor-top-section elementor-element elementor-element-3dgvehu elementor-section-boxed elementor-section-height-default elementor-section-height-default\" data-id=\"3dgvehu\" data-element_type=\"section\">\n\t\t\t\t\t\t<div class=\"elementor-container elementor-column-gap-default\">\n\t\t\t\t\t\t\t<div class=\"elementor-row\">\n\t\t\t\t\t<div class=\"elementor-column elementor-col-100 elementor-top-column elementor-element elementor-element-sgkvbww\" data-id=\"sgkvbww\" data-element_type=\"column\">\n\t\t\t<div class=\"elementor-column-wrap elementor-element-populated\">\n\t\t\t\t\t\t\t<div class=\"elementor-widget-wrap\">\n\t\t\t\t\t\t<div class=\"elementor-element elementor-element-87eyv3b elementor-widget elementor-widget-heading\" data-id=\"87eyv3b\" data-element_type=\"widget\" data-widget_type=\"heading.default\">\n\t\t\t\t<div class=\"elementor-widget-container\">\n\t\t\t<h2 class=\"elementor-heading-title elementor-size-medium\">En las redes sociales\n<\/h2>\t\t<\/div>\n\t\t\t\t<\/div>\n\t\t\t\t<div class=\"elementor-element elementor-element-uwormyj elementor-position-left elementor-view-default elementor-mobile-position-top elementor-vertical-align-top elementor-widget elementor-widget-icon-box\" data-id=\"uwormyj\" data-element_type=\"widget\" data-widget_type=\"icon-box.default\">\n\t\t\t\t<div class=\"elementor-widget-container\">\n\t\t\t\t\t<div class=\"elementor-icon-box-wrapper\">\n\t\t\t\t\t\t<div class=\"elementor-icon-box-icon\">\n\t\t\t\t<span class=\"elementor-icon elementor-animation-\" >\n\t\t\t\t<i class=\"fa fa-info-circle\" aria-hidden=\"true\"><\/i>\t\t\t\t<\/span>\n\t\t\t<\/div>\n\t\t\t\t\t\t<div class=\"elementor-icon-box-content\">\n\t\t\t\t<h3 class=\"elementor-icon-box-title\">\n\t\t\t\t\t<span  >\n\t\t\t\t\t\tIntroducci\u00f3n\t\t\t\t\t<\/span>\n\t\t\t\t<\/h3>\n\t\t\t\t\t\t\t<\/div>\n\t\t<\/div>\n\t\t\t\t<\/div>\n\t\t\t\t<\/div>\n\t\t\t\t<div class=\"elementor-element elementor-element-33hyug7 elementor-widget elementor-widget-text-editor\" data-id=\"33hyug7\" data-element_type=\"widget\" data-widget_type=\"text-editor.default\">\n\t\t\t\t<div class=\"elementor-widget-container\">\n\t\t\t\t\t\t\t\t<div class=\"elementor-text-editor elementor-clearfix\">\n\t\t\t\t<p style=\"text-align: justify;\">Con el objetivo de generar una comunicaci\u00f3n m\u00e1s fluida y din\u00e1mica entre la instituci\u00f3n y nuestra comunidad, es que contamos con las siguientes redes sociales:<\/p><p style=\"text-align: justify;\">\u00a0<\/p><p style=\"text-align: justify;\"><strong>Facebook:<\/strong>\u00a0<strong><a href=\"http:\/\/www.facebook.com\/geducativomarin\" target=\"_blank\" rel=\"noopener noreferrer\">www.facebook.com\/geducativomarin<\/a><\/strong>. Diariamente, compartimos las actividades que se realizan en los colegios del GEM. Cada uno de ellos tiene su propio Facebook:<a href=\"https:\/\/www.facebook.com\/colegiocarmenarriolademarin\/\"> Carmen A. de Mar\u00edn<\/a>,\u00a0<a href=\"http:\/\/www.facebook.com\/colegiocardenalpironio\">Cardenal Pironio<\/a>, <a href=\"http:\/\/www.facebook.com\/colegiosantamariadelujan\">Sta. Mar\u00eda de Luj\u00e1n<\/a> y <a href=\"http:\/\/www.facebook.com\/colegioplacidomarin\">Pl\u00e1cido Mar\u00edn<\/a>.<br \/><strong>Twitter:<\/strong>\u00a0En <a href=\"http:\/\/www.twitter.com\/grupomarin\">@grupomarin<\/a> podr\u00e1 enterarse de novedades breves, obtener informaci\u00f3n de seguimiento de viajes, de actividades y eventos.<br \/>En nuestro canal de \u00a0<strong><a href=\"http:\/\/www.youtube.com\/user\/grupoeducativomarin\" target=\"_blank\" rel=\"noopener noreferrer\">Youtube\u00a0<\/a><\/strong>se publica el contenido audiovisual.<br \/>En relaci\u00f3n con el mundo laboral, contamos con una cuenta en \u00a0<strong><a href=\"http:\/\/www.linkedin.com\/company\/grupo-educativo-mar-n\/careers?trk=tabs_biz_career\" target=\"_blank\" rel=\"noopener noreferrer\">LinkedIn\u00a0\u00a0<\/a><\/strong>y una p\u00e1gina en Facebook de <a href=\"https:\/\/www.facebook.com\/empleosmarin\/\">empleos <\/a>donde se publican las b\u00fasquedas de personal para nuestros cuatro colegios.<\/p>\t\t\t\t\t<\/div>\n\t\t\t\t\t\t<\/div>\n\t\t\t\t<\/div>\n\t\t\t\t<div class=\"elementor-element elementor-element-r7qr1di elementor-widget elementor-widget-spacer\" data-id=\"r7qr1di\" data-element_type=\"widget\" data-widget_type=\"spacer.default\">\n\t\t\t\t<div class=\"elementor-widget-container\">\n\t\t\t\t\t<div class=\"elementor-spacer\">\n\t\t\t<div class=\"elementor-spacer-inner\"><\/div>\n\t\t<\/div>\n\t\t\t\t<\/div>\n\t\t\t\t<\/div>\n\t\t\t\t<div class=\"elementor-element elementor-element-rknm9wd elementor-position-left elementor-view-default elementor-mobile-position-top elementor-vertical-align-top elementor-widget elementor-widget-icon-box\" data-id=\"rknm9wd\" data-element_type=\"widget\" data-widget_type=\"icon-box.default\">\n\t\t\t\t<div class=\"elementor-widget-container\">\n\t\t\t\t\t<div class=\"elementor-icon-box-wrapper\">\n\t\t\t\t\t\t<div class=\"elementor-icon-box-icon\">\n\t\t\t\t<span class=\"elementor-icon elementor-animation-\" >\n\t\t\t\t<i class=\"fa fa-info-circle\" aria-hidden=\"true\"><\/i>\t\t\t\t<\/span>\n\t\t\t<\/div>\n\t\t\t\t\t\t<div class=\"elementor-icon-box-content\">\n\t\t\t\t<h3 class=\"elementor-icon-box-title\">\n\t\t\t\t\t<span  >\n\t\t\t\t\t\tSobre el uso de nuestras redes sociales\t\t\t\t\t<\/span>\n\t\t\t\t<\/h3>\n\t\t\t\t\t\t\t<\/div>\n\t\t<\/div>\n\t\t\t\t<\/div>\n\t\t\t\t<\/div>\n\t\t\t\t<div class=\"elementor-element elementor-element-2iwwf1i elementor-widget elementor-widget-text-editor\" data-id=\"2iwwf1i\" data-element_type=\"widget\" data-widget_type=\"text-editor.default\">\n\t\t\t\t<div class=\"elementor-widget-container\">\n\t\t\t\t\t\t\t\t<div class=\"elementor-text-editor elementor-clearfix\">\n\t\t\t\t<p style=\"text-align: justify;\"><em>Aplica a todas nuestras redes sociales oficiales: Fanpage de Colegios y Grupo Educativo Mar\u00edn en Facebook, Fanpage Mar\u00edn Empleos, cuenta Twitter del Grupo Educativo Mar\u00edn, portal de videos del Grupo Educativo Mar\u00edn en Youtube \u00a0y sitio de empresa de LinkedIn.<\/em><\/p><p style=\"text-align: justify;\">1) El uso de las redes sociales es para difundir las actividades, eventos, galer\u00edas de im\u00e1genes,\u00a0 novedades y otros contenidos del Grupo Educativo Mar\u00edn, se pueden dejar comentarios los cuales son todos revisados y se removeran aquellos que sean inapropiados u ofensivos.<\/p><p style=\"text-align: justify;\">2) Se entender\u00e1 que los comentarios aqu\u00ed publicados no representan la opini\u00f3n del Grupo Educativo Mar\u00edn.<\/p><p style=\"text-align: justify;\">3) Los usuarios deben cumplir con los T\u00e9rminos y Condiciones de Uso de las redes sociales en las que estamos presente.<\/p><p style=\"text-align: justify;\">4) Se espera que ning\u00fan Usuario publique material que pueda encuadrarse en alguna de las siguientes categor\u00edas y puede, a su vez, remover cualquier material que pertenezca a las mismas, a saber:<\/p><p style=\"text-align: justify;\">\u2013 Difame, abuse, persiga, amenace o indistintamente viole derechos (tales como privacidad y publicidad) de los dem\u00e1s.<\/p><p style=\"text-align: justify;\">\u2013 Publique, postee, distribuya o disemine informaci\u00f3n o material ilegal, difamatorio, obsceno, indecente, violatoria, enga\u00f1osa.<\/p><p style=\"text-align: justify;\">\u2013 Cargue o adjunte documentos que contengan software u otro material debidamente protegido por los principios de propiedad intelectual, salvo aquellos casos donde el Usuario tenga el control de los derechos mencionados o haya recibido los consentimientos necesarios.<\/p><p style=\"text-align: justify;\">\u2013 Cargue o adjunte documentos que contengan virus, documentos corrompidos o cualquier tipo de software o programas que puedan alterar o da\u00f1ar el normal funcionamiento de la computadora de los dem\u00e1s Usuarios.<\/p><p style=\"text-align: justify;\">\u2013 Borre u omita hacer referencia a derechos de autor, referencias jur\u00eddicas, etiquetas o designaciones de propiedad de los documentos que son cargados o adjuntados.<\/p><p style=\"text-align: justify;\">\u2013 Falsifique el origen o la fuente del software o cualquier otro material contenido en el documento que se carga o adjunta.<\/p><p style=\"text-align: justify;\">\u2013 Divulgue mensajes de tipo comercial.<\/p>\t\t\t\t\t<\/div>\n\t\t\t\t\t\t<\/div>\n\t\t\t\t<\/div>\n\t\t\t\t\t\t<\/div>\n\t\t\t\t\t<\/div>\n\t\t<\/div>\n\t\t\t\t\t\t\t\t<\/div>\n\t\t\t\t\t<\/div>\n\t\t<\/section>\n\t\t\t\t\t\t\t\t\t<\/div>\n\t\t\t<\/div>\n\t\t\t\t\t<\/div>\n\t\t","protected":false},"excerpt":{"rendered":"<p>En las redes sociales Introducci\u00f3n [&hellip;]<\/p>\n","protected":false},"author":1,"featured_media":0,"parent":0,"menu_order":0,"comment_status":"closed","ping_status":"closed","template":"page-templates\/page_fullwidth.php","meta":[],"_links":{"self":[{"href":"https:\/\/grupomarin.org\/nuevaweb\/wp-json\/wp\/v2\/pages\/1000"}],"collection":[{"href":"https:\/\/grupomarin.org\/nuevaweb\/wp-json\/wp\/v2\/pages"}],"about":[{"href":"https:\/\/grupomarin.org\/nuevaweb\/wp-json\/wp\/v2\/types\/page"}],"author":[{"embeddable":true,"href":"https:\/\/grupomarin.org\/nuevaweb\/wp-json\/wp\/v2\/users\/1"}],"replies":[{"embeddable":true,"href":"https:\/\/grupomarin.org\/nuevaweb\/wp-json\/wp\/v2\/comments?post=1000"}],"version-history":[{"count":14,"href":"https:\/\/grupomarin.org\/nuevaweb\/wp-json\/wp\/v2\/pages\/1000\/revisions"}],"predecessor-version":[{"id":3791,"href":"https:\/\/grupomarin.org\/nuevaweb\/wp-json\/wp\/v2\/pages\/1000\/revisions\/3791"}],"wp:attachment":[{"href":"https:\/\/grupomarin.org\/nuevaweb\/wp-json\/wp\/v2\/media?parent=1000"}],"curies":[{"name":"wp","href":"https:\/\/api.w.org\/{rel}","templated":true}]}}